{"id":77591415052951,"date":"2026-04-27T09:37:35","date_gmt":"2026-04-27T06:37:35","guid":{"rendered":"https:\/\/balticvinyl.com\/?post_type=product&#038;p=77591415052951"},"modified":"2026-04-27T09:37:36","modified_gmt":"2026-04-27T06:37:36","slug":"gliteru-limpleve","status":"publish","type":"product","link":"https:\/\/balticvinyl.com\/lv\/product\/gliteru-limpleve\/","title":{"rendered":"Gliteru l\u012bmpl\u0113ve"},"content":{"rendered":"<p data-path-to-node=\"8\">Ieg\u016bstiet profesion\u0101la m\u0101kslinieka pieredzi ar m\u016bsu jaun\u0101ko, t\u016bl\u012bt\u0113jai grie\u0161anai gatavo mirdzo\u0161\u0101 vinila rulli. \u0160is materi\u0101ls ir lieliski piem\u0113rots rado\u0161iem projektiem, mirdzot k\u0101 zvaig\u017e\u0146otas debesis. Kr\u0101sainais sp\u012bduma efekts ir ide\u0101li piem\u0113rots sienu uzl\u012bm\u0113m, logu grafikai, gr\u0101matu v\u0101kiem, baneriem un rekl\u0101mas izk\u0101rtn\u0113m.<\/p>\n<p data-path-to-node=\"9\">Vinilam ir notur\u012bgs, pul\u0113ts izskats, un to var izgriezt jebkur\u0101 form\u0101, rakst\u0101 vai dizain\u0101. T\u0101 m\u012bkst\u0101 un elast\u012bg\u0101 tekst\u016bra \u013cauj to viegli uzl\u012bm\u0113t uz ciet\u0101m virsm\u0101m, neveidojot burbu\u013cus vai nel\u012bdzenumus.<\/p>\n<p data-path-to-node=\"10\">Katra kr\u0101sa ir svaiga un unik\u0101la, t\u0101p\u0113c \u0161is mirdzo\u0161ais vinils jums nekad neapniks. Pateicoties vienk\u0101r\u0161ajai uzkl\u0101\u0161anai un \u0101trai p\u0101rne\u0161anai, varat dro\u0161i veidot sare\u017e\u0123\u012btus dizainus un smalkus uzrakstus!<\/p>\n<h3 data-path-to-node=\"11\">Galven\u0101s \u012bpa\u0161\u012bbas:<\/h3>\n<ul data-path-to-node=\"12\">\n<li>\n<p data-path-to-node=\"12,0,0\"><b data-path-to-node=\"12,0,0\" data-index-in-node=\"0\">Izm\u0113ri:<\/b> 30,5 cm x 1,5 m<\/p>\n<\/li>\n<li>\n<p data-path-to-node=\"12,1,0\"><b data-path-to-node=\"12,1,0\" data-index-in-node=\"0\">Sader\u012bba:<\/b> Ieteicams lietot kop\u0101 ar <b data-path-to-node=\"12,1,0\" data-index-in-node=\"35\">High Tack (sp\u0113c\u012bgas sa\u0137eres) p\u0101rneses pl\u0113vi<\/b> (ar dzelteno re\u017e\u0123i).<\/p>\n<\/li>\n<li>\n<p data-path-to-node=\"12,2,0\">Iespaid\u012bgi iztur\u012bgs un virsm\u0101m draudz\u012bgs materi\u0101ls.<\/p>\n<\/li>\n<li>\n<p data-path-to-node=\"12,3,0\"><b data-path-to-node=\"12,3,0\" data-index-in-node=\"0\">10 premium kr\u0101su varianti.<\/b><\/p>\n<\/li>\n<li>\n<p data-path-to-node=\"12,4,0\"><b data-path-to-node=\"12,4,0\" data-index-in-node=\"0\">Tekstur\u0113ta apdare.<\/b><\/p>\n<\/li>\n<li>\n<p data-path-to-node=\"12,5,0\">Viegli griezt un t\u012br\u012bt (<i data-path-to-node=\"12,5,0\" data-index-in-node=\"24\">weed<\/i>) gan lielus, gan \u013coti smalkus dizainus.<\/p>\n<\/li>\n<li>\n<p data-path-to-node=\"12,6,0\"><b data-path-to-node=\"12,6,0\" data-index-in-node=\"0\">Pielietojums:<\/b> Kr\u016bz\u0113m, gr\u0101matu v\u0101kiem, kl\u0113pjdatoru uzl\u012bm\u0113m, logiem, sien\u0101m u.c.<\/p>\n<\/li>\n<li>\n<p data-path-to-node=\"12,7,0\">\u0100tra p\u0101rne\u0161ana un gluda uzkl\u0101\u0161ana.<\/p>\n<\/li>\n<li>\n<p data-path-to-node=\"12,8,0\"><b data-path-to-node=\"12,8,0\" data-index-in-node=\"0\">Bez burbu\u013ciem un krok\u0101m.<\/b><\/p>\n<\/li>\n<li>\n<p data-path-to-node=\"12,9,0\">Savietojams ar liel\u0101ko da\u013cu hobija griez\u0113ju un vinila ploteru.<\/p>\n<\/li>\n<\/ul>\n","protected":false},"excerpt":{"rendered":"<p>Ieg\u016bstiet profesion\u0101la m\u0101kslinieka pieredzi ar m\u016bsu jaun\u0101ko, t\u016bl\u012bt\u0113jai grie\u0161anai gatavo mirdzo\u0161\u0101 vinila rulli. \u0160is materi\u0101ls ir lieliski piem\u0113rots rado\u0161iem projektiem, mirdzot k\u0101 zvaig\u017e\u0146otas debesis. Kr\u0101sainais sp\u012bduma efekts ir ide\u0101li piem\u0113rots sienu uzl\u012bm\u0113m, logu grafikai, gr\u0101matu v\u0101kiem, baneriem un rekl\u0101mas izk\u0101rtn\u0113m. Vinilam ir notur\u012bgs, pul\u0113ts izskats, un to var izgriezt jebkur\u0101 form\u0101, rakst\u0101 vai dizain\u0101. T\u0101 [&hellip;]<\/p>\n","protected":false},"featured_media":77591415052954,"template":"","meta":[],"product_brand":[],"product_cat":[858,850,176],"product_tag":[],"class_list":{"0":"post-77591415052951","1":"product","2":"type-product","3":"status-publish","4":"has-post-thumbnail","6":"product_cat-patterned-vinyl","7":"product_cat-shimmer-glitter","8":"product_cat-all_products","10":"first","11":"instock","12":"taxable","13":"shipping-taxable","14":"purchasable","15":"product-type-variable"},"supplier_id":null,"supplier_sku":"","barcode":null,"atum_controlled":true,"out_stock_date":null,"out_stock_threshold":null,"inheritable":true,"inbound_stock":null,"stock_on_hold":0,"sold_today":0,"sales_last_days":0,"reserved_stock":null,"customer_returns":null,"warehouse_damage":null,"lost_in_post":null,"other_logs":null,"out_stock_days":0,"lost_sales":0,"has_location":false,"update_date":"2026-04-30T01:38:28","atum_locations":[],"atum_stock_status":"instock","restock_status":false,"low_stock_amount":"","sales_update_date":"2026-04-30T01:38:28","calc_backorders":null,"_links":{"self":[{"href":"https:\/\/balticvinyl.com\/lv\/wp-json\/wp\/v2\/product\/77591415052951","targetHints":{"allow":["GET"]}}],"collection":[{"href":"https:\/\/balticvinyl.com\/lv\/wp-json\/wp\/v2\/product"}],"about":[{"href":"https:\/\/balticvinyl.com\/lv\/wp-json\/wp\/v2\/types\/product"}],"version-history":[{"count":1,"href":"https:\/\/balticvinyl.com\/lv\/wp-json\/wp\/v2\/product\/77591415052951\/revisions"}],"predecessor-version":[{"id":77591415052956,"href":"https:\/\/balticvinyl.com\/lv\/wp-json\/wp\/v2\/product\/77591415052951\/revisions\/77591415052956"}],"wp:featuredmedia":[{"embeddable":true,"href":"https:\/\/balticvinyl.com\/lv\/wp-json\/wp\/v2\/media\/77591415052954"}],"wp:attachment":[{"href":"https:\/\/balticvinyl.com\/lv\/wp-json\/wp\/v2\/media?parent=77591415052951"}],"wp:term":[{"taxonomy":"product_brand","embeddable":true,"href":"https:\/\/balticvinyl.com\/lv\/wp-json\/wp\/v2\/product_brand?post=77591415052951"},{"taxonomy":"product_cat","embeddable":true,"href":"https:\/\/balticvinyl.com\/lv\/wp-json\/wp\/v2\/product_cat?post=77591415052951"},{"taxonomy":"product_tag","embeddable":true,"href":"https:\/\/balticvinyl.com\/lv\/wp-json\/wp\/v2\/product_tag?post=77591415052951"}],"curies":[{"name":"wp","href":"https:\/\/api.w.org\/{rel}","templated":true}]}}