{"id":77591415052796,"date":"2025-11-28T12:32:09","date_gmt":"2025-11-28T09:32:09","guid":{"rendered":"https:\/\/balticvinyl.com\/?post_type=product&#038;p=77591415052796"},"modified":"2026-03-31T22:26:00","modified_gmt":"2026-03-31T19:26:00","slug":"pu-termopleve-0-3-x-25-m","status":"publish","type":"product","link":"https:\/\/balticvinyl.com\/lv\/product\/pu-termopleve-0-3-x-25-m\/","title":{"rendered":"PU Termopl\u0113ve (0.3 \u00d7 25 m)"},"content":{"rendered":"<h3><b>Apraksts<\/b><\/h3>\n<p class=\"p3\">Iededz komandas garu ar spilgtiem vai klasiskajiem neona to\u0146iem \u2013 TeckWrap Craft standarta PU termopl\u0113ve ir ide\u0101li piem\u0113rota personaliz\u0113tai komandu ap\u0123\u0113rbu apdrukai. \u0160\u012b termopl\u0113ve ir gluda, nedaudz glanc\u0113ta un viegli izgrie\u017eama v\u0113lamajos burtos, form\u0101s vai logo. Izveido uzmundrino\u0161us sauk\u013cus un inici\u0101\u013cus klubu krekliem, maisi\u0146iem vai aksesu\u0101riem.<\/p>\n<p class=\"p3\">T\u0101 ir pl\u0101na, elast\u012bga un lieliski piegu\u013c kokvilnas audumam. Sader\u012bga ar liel\u0101ko da\u013cu grie\u0161anas iek\u0101rtu, t\u0101 \u013cauj prec\u012bzi izgriezt pat sare\u017e\u0123\u012bt\u0101k\u0101s kont\u016bras. Vienk\u0101r\u0161i p\u0101rce\u013cama un dro\u0161i piel\u012bpo\u0161a \u2013 TeckWrap PU termopl\u0113ve turas stingri pat skarbos apst\u0101k\u013cos, padarot to ide\u0101lu sporta vajadz\u012bb\u0101m un ikdienas lieto\u0161anai.<\/p>\n<p class=\"p3\">Pieejama 54 izcil\u0101s kr\u0101s\u0101s, t\u0101 iedvesmos rado\u0161iem projektiem \u2013 s\u0101kot no t-krekliem, som\u0101m un priek\u0161autiem, l\u012bdz pat spilvendr\u0101n\u0101m un dekorat\u012bviem tekstilizstr\u0101d\u0101jumiem.<\/p>\n<h3><b>Iez\u012bmes<\/b><\/h3>\n<ul>\n<li>\n<p class=\"p1\"><span class=\"s1\"><b>Izm\u0113rs:<\/b><\/span> 0.3 \u00d7 25 m<\/p>\n<\/li>\n<li>\n<p class=\"p1\"><span class=\"s1\"><b>Kr\u0101sas:<\/b><\/span> Pieejamas <span class=\"s1\"><b>55 kr\u0101sas<\/b><\/span> (regul\u0101ras un neona)<\/p>\n<\/li>\n<li>\n<p class=\"p1\"><span class=\"s1\"><b>Iztur\u012bga un elast\u012bga:<\/b><\/span> piem\u0113rota da\u017e\u0101diem audumiem un bie\u017eai lieto\u0161anai<\/p>\n<\/li>\n<li>\n<p class=\"p1\"><span class=\"s1\"><b>Pl\u0101na un stiepjama:<\/b><\/span> izskat\u0101s k\u0101 da\u013ca no auduma<\/p>\n<\/li>\n<li>\n<p class=\"p1\"><b>Vieglai grie\u0161anai un lieko deta\u013cu no\u0146em\u0161anai<\/b><b><\/b><\/p>\n<\/li>\n<li>\n<p class=\"p1\"><b>\u016adensiztur\u012bga sa\u0137ere<\/b><b><\/b><\/p>\n<\/li>\n<li>\n<p class=\"p1\"><b>Ide\u0101li piem\u0113rota glud\u0101m, saus\u0101m kokvilnas virsm\u0101m<\/b><b><\/b><\/p>\n<\/li>\n<li>\n<p class=\"p1\"><b>Lieliski piem\u0113rota t-krekliem, maisi\u0146iem, priek\u0161autiem, spilvendr\u0101n\u0101m u.c.<\/b><\/p>\n<\/li>\n<\/ul>\n","protected":false},"excerpt":{"rendered":"<p>Apraksts Iededz komandas garu ar spilgtiem vai klasiskajiem neona to\u0146iem \u2013 TeckWrap Craft standarta PU termopl\u0113ve ir ide\u0101li piem\u0113rota personaliz\u0113tai komandu ap\u0123\u0113rbu apdrukai. \u0160\u012b termopl\u0113ve ir gluda, nedaudz glanc\u0113ta un viegli izgrie\u017eama v\u0113lamajos burtos, form\u0101s vai logo. Izveido uzmundrino\u0161us sauk\u013cus un inici\u0101\u013cus klubu krekliem, maisi\u0146iem vai aksesu\u0101riem. T\u0101 ir pl\u0101na, elast\u012bga un lieliski piegu\u013c kokvilnas [&hellip;]<\/p>\n","protected":false},"featured_media":77591415052100,"template":"","meta":[],"product_brand":[],"product_cat":[3187,878,176],"product_tag":[],"class_list":{"0":"post-77591415052796","1":"product","2":"type-product","3":"status-publish","4":"has-post-thumbnail","6":"product_cat-izpardosana","7":"product_cat-all-htv","8":"product_cat-all_products","10":"first","11":"instock","12":"sale","13":"taxable","14":"shipping-taxable","15":"purchasable","16":"product-type-variable"},"supplier_id":null,"supplier_sku":"","barcode":null,"atum_controlled":true,"out_stock_date":null,"out_stock_threshold":null,"inheritable":true,"inbound_stock":0,"stock_on_hold":0,"sold_today":0,"sales_last_days":0,"reserved_stock":0,"customer_returns":0,"warehouse_damage":0,"lost_in_post":0,"other_logs":0,"out_stock_days":0,"lost_sales":0,"has_location":false,"update_date":"2026-04-17T00:38:51","atum_locations":[],"atum_stock_status":"instock","restock_status":false,"low_stock_amount":"","sales_update_date":"2026-04-17T00:38:51","calc_backorders":null,"_links":{"self":[{"href":"https:\/\/balticvinyl.com\/lv\/wp-json\/wp\/v2\/product\/77591415052796","targetHints":{"allow":["GET"]}}],"collection":[{"href":"https:\/\/balticvinyl.com\/lv\/wp-json\/wp\/v2\/product"}],"about":[{"href":"https:\/\/balticvinyl.com\/lv\/wp-json\/wp\/v2\/types\/product"}],"version-history":[{"count":2,"href":"https:\/\/balticvinyl.com\/lv\/wp-json\/wp\/v2\/product\/77591415052796\/revisions"}],"predecessor-version":[{"id":77591415052800,"href":"https:\/\/balticvinyl.com\/lv\/wp-json\/wp\/v2\/product\/77591415052796\/revisions\/77591415052800"}],"wp:featuredmedia":[{"embeddable":true,"href":"https:\/\/balticvinyl.com\/lv\/wp-json\/wp\/v2\/media\/77591415052100"}],"wp:attachment":[{"href":"https:\/\/balticvinyl.com\/lv\/wp-json\/wp\/v2\/media?parent=77591415052796"}],"wp:term":[{"taxonomy":"product_brand","embeddable":true,"href":"https:\/\/balticvinyl.com\/lv\/wp-json\/wp\/v2\/product_brand?post=77591415052796"},{"taxonomy":"product_cat","embeddable":true,"href":"https:\/\/balticvinyl.com\/lv\/wp-json\/wp\/v2\/product_cat?post=77591415052796"},{"taxonomy":"product_tag","embeddable":true,"href":"https:\/\/balticvinyl.com\/lv\/wp-json\/wp\/v2\/product_tag?post=77591415052796"}],"curies":[{"name":"wp","href":"https:\/\/api.w.org\/{rel}","templated":true}]}}