{"id":77591415052110,"date":"2025-07-09T12:44:07","date_gmt":"2025-07-09T09:44:07","guid":{"rendered":"https:\/\/balticvinyl.com\/?post_type=product&#038;p=77591415052110"},"modified":"2026-03-31T21:09:00","modified_gmt":"2026-03-31T18:09:00","slug":"teckwrap-weeding-pin-pen","status":"publish","type":"product","link":"https:\/\/balticvinyl.com\/lv\/product\/teckwrap-weeding-pin-pen\/","title":{"rendered":"TeckWrap Lieko deta\u013cu no\u0146em\u0161anas pildspalva ar adati\u0146u"},"content":{"rendered":"<p class=\"p1\">Perfekta lieko deta\u013cu no\u0146em\u0161ana ir jebkura veiksm\u012bga dizaina p\u0101rneses pamat\u0101. TeckWrap Craft pied\u0101v\u0101 \u013coti funkcion\u0101lu un prec\u012bzu r\u012bku \u2013 lieko deta\u013cu no\u0146em\u0161anas pildspalvu ar adati\u0146u, kas ir neaizst\u0101jams jebkura meistara komplekt\u0101. T\u0101 atvieglo vinila atlikumu no\u0146em\u0161anu pat no viss\u012bk\u0101kajiem rakstiem, ietaupot Tavu laiku un p\u016bles.<\/p>\n<p class=\"p1\">Pildspalva apr\u012bkota ar smalku ner\u016bs\u0113jo\u0161\u0101 t\u0113rauda adatu, kas \u013cauj prec\u012bzi uzdurt, pacelt un no\u0146emt liek\u0101s deta\u013cas, atkl\u0101jot gala dizainu. T\u0101pat t\u0101 pal\u012bdz izlaist gaisa burbu\u013cus, kas rodas apstr\u0101des laik\u0101. M\u012bkstais un \u0113rtais rokturis samazina roku nogurumu ilg\u0101s darbn\u012bcu stund\u0101s. Adati\u0146a ir ievelkama, t\u0101p\u0113c t\u0101 netrauc\u0113s, kad to nelieto, un nesaboj\u0101s citus priek\u0161metus \u2013 ide\u0101li uzglab\u0101\u0161anai un p\u0101rn\u0113s\u0101\u0161anai!<\/p>\n<p class=\"p4\"><b>\u012apa\u0161\u012bbas un specifik\u0101cija:<\/b><b><\/b><\/p>\n<p class=\"p1\">\u2714 Kr\u0101sa: Dzeltens un melns<\/p>\n<p class=\"p1\">\u2714 Iztur\u012bga konstrukcija: Izgatavota no augstas kvalit\u0101tes materi\u0101liem ilgsto\u0161ai lieto\u0161anai<\/p>\n<p class=\"p1\">\u2714 Precizit\u0101te un kontrole: Smalka ner\u016bs\u0113jo\u0161\u0101 t\u0113rauda adata nodro\u0161ina prec\u012bzu vinila lieko deta\u013cu no\u0146em\u0161anu<\/p>\n<p class=\"p1\">\u2714 Efekt\u012bvs darbs: \u013bauj \u0101tri un \u0113rti no\u0146emt atlikumus un caurdurt gaisa burbu\u013cus ar vienu piesk\u0101rienu<\/p>\n<p class=\"p1\">\u2714 Ergonomisks dizains: Samazina roku nogurumu ilgsto\u0161a darba laik\u0101<\/p>\n<p class=\"p1\">\u2714 Kompakts un viegls: \u0112rti lietojams un viegli uzglab\u0101jams<\/p>\n<p class=\"p1\">\u2714 Ievilk\u0161anas meh\u0101nisms: Dro\u0161ai lieto\u0161anai, nov\u0113r\u0161 nejau\u0161us d\u016brienus<\/p>\n<p class=\"p1\">\u2714 Ide\u0101li piem\u0113rots: Darbam ar vinilu, gr\u0101matu v\u0101kiem, uzrakstiem, plak\u0101tu dizainiem un scrapbooking projektiem<\/p>\n<div data-handle=\"teckwrap-weeding-pin-pen\"><img decoding=\"async\" src=\"https:\/\/cdn.shopify.com\/s\/files\/1\/0074\/7382\/3855\/files\/2_b643bcaa-d186-4550-b239-2e04dfade2f5.jpg?v=1748426752\" alt=\"\" \/><img decoding=\"async\" src=\"https:\/\/cdn.shopify.com\/s\/files\/1\/0074\/7382\/3855\/files\/3_32fb5769-e1f1-4a2f-92e2-cbfd3748f0d0.jpg?v=1748426752\" alt=\"\" \/><img decoding=\"async\" src=\"https:\/\/cdn.shopify.com\/s\/files\/1\/0074\/7382\/3855\/files\/4_a78a057e-b59d-4a50-a951-8efa78bd0c60.jpg?v=1748426752\" alt=\"\" \/><img decoding=\"async\" src=\"https:\/\/cdn.shopify.com\/s\/files\/1\/0074\/7382\/3855\/files\/5_6903b50a-779f-43ce-8bfb-fcddeb16a973.jpg?v=1748426752\" alt=\"\" \/><img decoding=\"async\" src=\"https:\/\/cdn.shopify.com\/s\/files\/1\/0074\/7382\/3855\/files\/6_cf27cd5f-8194-4bd4-9b6c-71d2a8a601f9.jpg?v=1748426753\" alt=\"\" \/><img decoding=\"async\" src=\"https:\/\/cdn.shopify.com\/s\/files\/1\/0074\/7382\/3855\/files\/7_3fcb65ff-9e03-4a74-a41a-b35a495ef9dc.jpg?v=1748426753\" alt=\"\" \/><\/div>\n","protected":false},"excerpt":{"rendered":"<p>Perfekta lieko deta\u013cu no\u0146em\u0161ana ir jebkura veiksm\u012bga dizaina p\u0101rneses pamat\u0101. TeckWrap Craft pied\u0101v\u0101 \u013coti funkcion\u0101lu un prec\u012bzu r\u012bku \u2013 lieko deta\u013cu no\u0146em\u0161anas pildspalvu ar adati\u0146u, kas ir neaizst\u0101jams jebkura meistara komplekt\u0101. T\u0101 atvieglo vinila atlikumu no\u0146em\u0161anu pat no viss\u012bk\u0101kajiem rakstiem, ietaupot Tavu laiku un p\u016bles. Pildspalva apr\u012bkota ar smalku ner\u016bs\u0113jo\u0161\u0101 t\u0113rauda adatu, kas \u013cauj prec\u012bzi [&hellip;]<\/p>\n","protected":false},"featured_media":77591415052112,"template":"","meta":[],"product_brand":[],"product_cat":[882,3187,176],"product_tag":[],"class_list":{"0":"post-77591415052110","1":"product","2":"type-product","3":"status-publish","4":"has-post-thumbnail","6":"product_cat-others","7":"product_cat-izpardosana","8":"product_cat-all_products","10":"first","11":"instock","12":"sale","13":"taxable","14":"shipping-taxable","15":"purchasable","16":"product-type-simple"},"supplier_id":null,"supplier_sku":"","barcode":null,"atum_controlled":true,"out_stock_date":null,"out_stock_threshold":null,"inheritable":false,"inbound_stock":0,"stock_on_hold":0,"sold_today":0,"sales_last_days":0,"reserved_stock":0,"customer_returns":0,"warehouse_damage":0,"lost_in_post":0,"other_logs":0,"out_stock_days":0,"lost_sales":0,"has_location":false,"update_date":"2026-04-21T00:56:41","atum_locations":[],"atum_stock_status":"instock","restock_status":false,"low_stock_amount":"","sales_update_date":"2026-04-21T00:56:41","calc_backorders":null,"_links":{"self":[{"href":"https:\/\/balticvinyl.com\/lv\/wp-json\/wp\/v2\/product\/77591415052110","targetHints":{"allow":["GET"]}}],"collection":[{"href":"https:\/\/balticvinyl.com\/lv\/wp-json\/wp\/v2\/product"}],"about":[{"href":"https:\/\/balticvinyl.com\/lv\/wp-json\/wp\/v2\/types\/product"}],"version-history":[{"count":2,"href":"https:\/\/balticvinyl.com\/lv\/wp-json\/wp\/v2\/product\/77591415052110\/revisions"}],"predecessor-version":[{"id":77591415052481,"href":"https:\/\/balticvinyl.com\/lv\/wp-json\/wp\/v2\/product\/77591415052110\/revisions\/77591415052481"}],"wp:featuredmedia":[{"embeddable":true,"href":"https:\/\/balticvinyl.com\/lv\/wp-json\/wp\/v2\/media\/77591415052112"}],"wp:attachment":[{"href":"https:\/\/balticvinyl.com\/lv\/wp-json\/wp\/v2\/media?parent=77591415052110"}],"wp:term":[{"taxonomy":"product_brand","embeddable":true,"href":"https:\/\/balticvinyl.com\/lv\/wp-json\/wp\/v2\/product_brand?post=77591415052110"},{"taxonomy":"product_cat","embeddable":true,"href":"https:\/\/balticvinyl.com\/lv\/wp-json\/wp\/v2\/product_cat?post=77591415052110"},{"taxonomy":"product_tag","embeddable":true,"href":"https:\/\/balticvinyl.com\/lv\/wp-json\/wp\/v2\/product_tag?post=77591415052110"}],"curies":[{"name":"wp","href":"https:\/\/api.w.org\/{rel}","templated":true}]}}