{"id":77591415052003,"date":"2025-03-31T03:11:27","date_gmt":"2025-03-31T00:11:27","guid":{"rendered":"https:\/\/balticvinyl.com\/?post_type=product&#038;p=77591415052003"},"modified":"2026-03-31T21:11:23","modified_gmt":"2026-03-31T18:11:23","slug":"teckwrap-glancets-fotopapirs","status":"publish","type":"product","link":"https:\/\/balticvinyl.com\/lv\/product\/teckwrap-glancets-fotopapirs\/","title":{"rendered":"TeckWrap Glanc\u0113ts Fotopap\u012brs (20 loksnes A4)"},"content":{"rendered":"<h2><b>Augstas kvalit\u0101tes fotopap\u012brs tintes printeriem \u2013 spilgt\u0101m kr\u0101s\u0101m un notur\u012bgiem rezult\u0101tiem!<\/b><\/h2>\n<p class=\"p3\">Tiem, kuri v\u0113las iem\u016b\u017ein\u0101t katru att\u0113la deta\u013cu ar izcilu skaidr\u012bbu, spilgt\u0101m kr\u0101s\u0101m un ilgnotur\u012bgu kvalit\u0101ti, <span class=\"s2\"><b>TeckWrap Craft<\/b><\/span> pied\u0101v\u0101 <span class=\"s2\"><b>premium fotopap\u012bru tintes printeriem<\/b><\/span> \u2013 ide\u0101lu izv\u0113li profesion\u0101la l\u012bme\u0146a drukai m\u0101jas vai rado\u0161iem projektiem.<\/p>\n<h3><b>Vair\u0101k nek\u0101 tikai izdrukas\u2026<\/b><\/h3>\n<p class=\"p3\">\u0160is fotopap\u012brs ir ide\u0101ls risin\u0101jums, lai:<\/p>\n<ul>\n<li>\n<p class=\"p1\"><span class=\"s1\">Iem\u016b\u017ein\u0101tu <\/span><b>person\u012bgus mirk\u013cus<\/b><span class=\"s1\">,<\/span><\/p>\n<\/li>\n<li>\n<p class=\"p1\"><span class=\"s1\">Realiz\u0113tu <\/span><b>rado\u0161us projektus<\/b><span class=\"s1\">,<\/span><\/p>\n<\/li>\n<li>\n<p class=\"p1\"><span class=\"s1\">Veidotu <\/span><b>profesion\u0101lus portfe\u013cus<\/b><span class=\"s1\">,<\/span><\/p>\n<\/li>\n<li>\n<p class=\"p1\">Izgatavotu <span class=\"s1\"><b>d\u0101vanas<\/b><\/span>,<\/p>\n<\/li>\n<li>\n<p class=\"p1\"><span class=\"s1\">Un saglab\u0101tu <\/span><b>digit\u0101los att\u0113lus k\u0101 m\u0101kslas darbus<\/b><span class=\"s1\">.<\/span><\/p>\n<\/li>\n<\/ul>\n<p class=\"p3\">Pap\u012bra <span class=\"s2\"><b>iztur\u012bg\u0101 un glud\u0101 virsma<\/b><\/span> padara Tavu att\u0113lu tikpat iespaid\u012bgu rok\u0101s k\u0101 uz ekr\u0101na.<\/p>\n<h2><b>\u012apa\u0161\u012bbas un specifik\u0101cija<\/b><\/h2>\n<ul>\n<li>\n<p class=\"p1\"><span class=\"s1\"><b>Apdares veids:<\/b><\/span> Glanc\u0113ts<\/p>\n<\/li>\n<li>\n<p class=\"p1\"><span class=\"s1\"><b>Daudzums:<\/b><\/span> 20 loksnes<\/p>\n<\/li>\n<li>\n<p class=\"p1\"><b>Premium biezums \u2013 260 g\/m\u00b2: <\/b><b><\/b>Biezs un kvalitat\u012bvs fotopap\u012brs, kas ne\u010dokurojas un nodro\u0161ina <span class=\"s1\"><b>profesion\u0101lu izskatu un saj\u016btu<\/b><b><\/b><\/span><\/p>\n<\/li>\n<li>\n<p class=\"p1\"><b>Spilgts un ko\u0161s kr\u0101su att\u0113lojums: <\/b><b><\/b>Izstr\u0101d\u0101ts, lai <span class=\"s1\"><b>atveidotu spilgtas, re\u0101listiskas kr\u0101sas<\/b><\/span> un nodro\u0161in\u0101tu asus deta\u013cas<\/p>\n<\/li>\n<li>\n<p class=\"p1\"><b>\u0100tri \u017e\u016bsto\u0161a virsma: <\/b><b><\/b>Izdrukas <span class=\"s1\"><b>nekav\u0113joties no\u017e\u016bst<\/b><\/span>, nov\u0113r\u0161ot izsm\u0113r\u0113\u0161anos un atvieglojot lieto\u0161anu<\/p>\n<\/li>\n<li>\n<p class=\"p1\"><b>Sader\u012bba ar tintes printeriem: <\/b><b><\/b>Lieliski darbojas ar visiem tintes printeriem, nodro\u0161inot <span class=\"s1\"><b>asu un augst\u0101k\u0101s kvalit\u0101tes izdruku<\/b><b><\/b><\/span><\/p>\n<\/li>\n<li>\n<p class=\"p1\"><b>Mitruma iztur\u012bga virsma: <\/b><b><\/b><span class=\"s1\">Drukas <\/span><b>neboj\u0101jas saskar\u0113 ar \u016bdeni vai mitrumu<\/b><b><\/b><\/p>\n<\/li>\n<li>\n<p class=\"p1\"><b>Izbal\u0113\u0161anas iztur\u012bba: <\/b><b><\/b>Saglab\u0101 kr\u0101sas un att\u0113la <span class=\"s1\"><b>dz\u012bv\u012bgumu ilgtermi\u0146\u0101<\/b><\/span><\/p>\n<\/li>\n<\/ul>\n<p>&nbsp;<\/p>\n<div data-handle=\"inkjet-printable-photo-paper\"><img decoding=\"async\" src=\"https:\/\/cdn.shopify.com\/s\/files\/1\/0074\/7382\/3855\/files\/RC_30_6.jpg?v=1748593124\" alt=\"Inkjet Printable Photo Paper\" \/><\/div>\n<div data-handle=\"inkjet-printable-photo-paper\"><img decoding=\"async\" src=\"https:\/\/cdn.shopify.com\/s\/files\/1\/0074\/7382\/3855\/files\/RC_30_3.jpg?v=1748593131\" alt=\"Inkjet Printable Photo Paper\" \/><\/div>\n<div data-handle=\"inkjet-printable-photo-paper\"><img decoding=\"async\" src=\"https:\/\/cdn.shopify.com\/s\/files\/1\/0074\/7382\/3855\/files\/RC_30_4.jpg?v=1748593131\" alt=\"Inkjet Printable Photo Paper\" \/><\/div>\n<div data-handle=\"inkjet-printable-photo-paper\"><img decoding=\"async\" src=\"https:\/\/cdn.shopify.com\/s\/files\/1\/0074\/7382\/3855\/files\/RC_30_5.jpg?v=1748593131\" alt=\"Inkjet Printable Photo Paper\" \/><\/div>\n<div data-handle=\"inkjet-printable-photo-paper\"><img decoding=\"async\" src=\"https:\/\/cdn.shopify.com\/s\/files\/1\/0074\/7382\/3855\/files\/RC_30_7.jpg?v=1748593131\" alt=\"Inkjet Printable Photo Paper\" \/><\/div>\n","protected":false},"excerpt":{"rendered":"<p>Augstas kvalit\u0101tes fotopap\u012brs tintes printeriem \u2013 spilgt\u0101m kr\u0101s\u0101m un notur\u012bgiem rezult\u0101tiem! Tiem, kuri v\u0113las iem\u016b\u017ein\u0101t katru att\u0113la deta\u013cu ar izcilu skaidr\u012bbu, spilgt\u0101m kr\u0101s\u0101m un ilgnotur\u012bgu kvalit\u0101ti, TeckWrap Craft pied\u0101v\u0101 premium fotopap\u012bru tintes printeriem \u2013 ide\u0101lu izv\u0113li profesion\u0101la l\u012bme\u0146a drukai m\u0101jas vai rado\u0161iem projektiem. Vair\u0101k nek\u0101 tikai izdrukas\u2026 \u0160is fotopap\u012brs ir ide\u0101ls risin\u0101jums, lai: Iem\u016b\u017ein\u0101tu person\u012bgus [&hellip;]<\/p>\n","protected":false},"featured_media":77591415052004,"template":"","meta":[],"product_brand":[],"product_cat":[880,3187,176],"product_tag":[],"class_list":{"0":"post-77591415052003","1":"product","2":"type-product","3":"status-publish","4":"has-post-thumbnail","6":"product_cat-printable-paper","7":"product_cat-izpardosana","8":"product_cat-all_products","10":"first","11":"instock","12":"sale","13":"taxable","14":"shipping-taxable","15":"purchasable","16":"product-type-simple"},"supplier_id":null,"supplier_sku":"","barcode":null,"atum_controlled":true,"out_stock_date":null,"out_stock_threshold":null,"inheritable":false,"inbound_stock":0,"stock_on_hold":0,"sold_today":0,"sales_last_days":0,"reserved_stock":0,"customer_returns":0,"warehouse_damage":0,"lost_in_post":0,"other_logs":0,"out_stock_days":0,"lost_sales":0,"has_location":false,"update_date":"2026-04-17T00:38:47","atum_locations":[],"atum_stock_status":"instock","restock_status":false,"low_stock_amount":"","sales_update_date":"2026-04-17T00:38:47","calc_backorders":null,"_links":{"self":[{"href":"https:\/\/balticvinyl.com\/lv\/wp-json\/wp\/v2\/product\/77591415052003","targetHints":{"allow":["GET"]}}],"collection":[{"href":"https:\/\/balticvinyl.com\/lv\/wp-json\/wp\/v2\/product"}],"about":[{"href":"https:\/\/balticvinyl.com\/lv\/wp-json\/wp\/v2\/types\/product"}],"version-history":[{"count":2,"href":"https:\/\/balticvinyl.com\/lv\/wp-json\/wp\/v2\/product\/77591415052003\/revisions"}],"predecessor-version":[{"id":77591415052728,"href":"https:\/\/balticvinyl.com\/lv\/wp-json\/wp\/v2\/product\/77591415052003\/revisions\/77591415052728"}],"wp:featuredmedia":[{"embeddable":true,"href":"https:\/\/balticvinyl.com\/lv\/wp-json\/wp\/v2\/media\/77591415052004"}],"wp:attachment":[{"href":"https:\/\/balticvinyl.com\/lv\/wp-json\/wp\/v2\/media?parent=77591415052003"}],"wp:term":[{"taxonomy":"product_brand","embeddable":true,"href":"https:\/\/balticvinyl.com\/lv\/wp-json\/wp\/v2\/product_brand?post=77591415052003"},{"taxonomy":"product_cat","embeddable":true,"href":"https:\/\/balticvinyl.com\/lv\/wp-json\/wp\/v2\/product_cat?post=77591415052003"},{"taxonomy":"product_tag","embeddable":true,"href":"https:\/\/balticvinyl.com\/lv\/wp-json\/wp\/v2\/product_tag?post=77591415052003"}],"curies":[{"name":"wp","href":"https:\/\/api.w.org\/{rel}","templated":true}]}}