{"id":77591415051507,"date":"2024-10-16T23:24:39","date_gmt":"2024-10-16T20:24:39","guid":{"rendered":"https:\/\/balticvinyl.com\/?post_type=product&#038;p=77591415051507"},"modified":"2026-04-01T20:54:43","modified_gmt":"2026-04-01T17:54:43","slug":"high-tack-transfer-tape","status":"publish","type":"product","link":"https:\/\/balticvinyl.com\/lv\/product\/high-tack-transfer-tape\/","title":{"rendered":"Augstas sa\u0137eres p\u0101rneses pl\u0113ve"},"content":{"rendered":"<p class=\"p1\"><span class=\"s1\"><b>TeckWrap augstas sa\u0137eres p\u0101rneses pl\u0113ve<\/b><\/span> ir ar visaugst\u0101ko sa\u0137eres l\u012bmeni \u2014 ide\u0101li piem\u0113rota sp\u012bd\u012bg\u0101m un tekstur\u0113t\u0101m l\u012bmpl\u0113v\u0113m, piem\u0113ram, <span class=\"s1\"><b>glitter<\/b><\/span>, <span class=\"s1\"><b>glitter brush<\/b><\/span>, <span class=\"s1\"><b>polka dots<\/b><\/span>, <span class=\"s1\"><b>rainbow stripes<\/b><\/span> un <span class=\"s1\"><b>galaxy<\/b><\/span> viniliem.<\/p>\n<p class=\"p1\">Lai gan \u0161ai p\u0101rneses pl\u0113vei ir \u013coti stipra sa\u0137ere, t\u0101 viegli no\u0146emama p\u0113c dizaina p\u0101rne\u0161anas un neatst\u0101j nek\u0101das l\u012bmes paliekas uz virsmas.<\/p>\n<p>&nbsp;<\/p>\n<p class=\"p4\"><b>\u012apa\u0161\u012bbas:<\/b><b><\/b><\/p>\n<p class=\"p1\">\u2714 <span class=\"s1\"><b>Sp\u0113c\u012bga sa\u0137ere<\/b><\/span> \u2013 \u012bpa\u0161i piem\u0113rota glitter un fakt\u016br\u0113t\u0101m pl\u0113v\u0113m<\/p>\n<p class=\"p1\">\u2714 <span class=\"s1\"><b>Dzeltenais re\u017e\u0123is<\/b><\/span> \u2013 nodro\u0161ina prec\u012bzu izl\u012bdzin\u0101\u0161anu p\u0101rne\u0161anas laik\u0101<\/p>\n<p class=\"p1\">\u2714 <span class=\"s1\"><b>P\u0101rskat\u0101ma un \u0113rti lietojama<\/b><\/span> \u2013 ide\u0101li gan maz\u0101kiem, gan liel\u0101kiem darbiem<\/p>\n<p class=\"p1\">\u2714 <span class=\"s1\"><b>Iepakojums:<\/b><\/span> 1 rullis 0.3 x 3 m<\/p>\n<p class=\"p1\">\u2714 <span class=\"s1\"><b>Daudzpus\u012bga pielieto\u0161ana<\/b><\/span> \u2013 stikls, sienas, keramika, met\u0101ls, plastmasa<\/p>\n<p class=\"p4\"><span class=\"s3\">\u2714 <\/span><b>Nedr\u012bkst izmantot atk\u0101rtoti<\/b><b><\/b><\/p>\n<p>&nbsp;<\/p>\n<p class=\"p4\"><b>Lieto\u0161anai ar:<\/b><b><\/b><\/p>\n<ul>\n<li>\n<p class=\"p1\">Sp\u012bd\u012bgaj\u0101m l\u012bmpl\u0113v\u0113m<\/p>\n<\/li>\n<li>\n<p class=\"p1\">Tekstur\u0113t\u0101m virsm\u0101m<\/p>\n<\/li>\n<li>\n<p class=\"p1\">Detaliz\u0113tiem dizainiem, kuriem nepiecie\u0161ama prec\u012bza p\u0101rnese<\/p>\n<\/li>\n<\/ul>\n<ul class=\"a-unordered-list a-vertical a-spacing-none\">\n<li><img decoding=\"async\" style=\"color: #555555;\" src=\"https:\/\/cdn.shopify.com\/s\/files\/1\/0611\/3578\/2039\/files\/1_9e590384-eeae-4cae-b2d5-9999ce4699b9.jpg?v=1722049673\" alt=\"\" \/><img decoding=\"async\" style=\"color: #555555;\" src=\"https:\/\/cdn.shopify.com\/s\/files\/1\/0611\/3578\/2039\/files\/2_3667e20d-9f38-4f2a-ade8-fd1f2803450c.jpg?v=1722049673\" alt=\"\" \/><img decoding=\"async\" style=\"color: #555555;\" src=\"https:\/\/cdn.shopify.com\/s\/files\/1\/0611\/3578\/2039\/files\/3_30d220f4-38e7-498d-a327-a493c0c0dac6.jpg?v=1722049672\" alt=\"\" \/><img decoding=\"async\" style=\"color: #555555;\" src=\"https:\/\/cdn.shopify.com\/s\/files\/1\/0611\/3578\/2039\/files\/4_8a9552a2-5f09-444b-93f7-937e748c79b9.jpg?v=1722049673\" alt=\"\" \/><img decoding=\"async\" style=\"color: #555555;\" src=\"https:\/\/cdn.shopify.com\/s\/files\/1\/0611\/3578\/2039\/files\/5_e1d263a4-2034-4d88-bbda-8e56f01c5afa.jpg?v=1722049673\" alt=\"\" \/><img decoding=\"async\" style=\"color: #555555;\" src=\"https:\/\/cdn.shopify.com\/s\/files\/1\/0611\/3578\/2039\/files\/6_0bfdeacb-be81-4112-b143-1d174d5cf55a.jpg?v=1722049673\" alt=\"\" \/><img decoding=\"async\" style=\"color: #555555;\" src=\"https:\/\/cdn.shopify.com\/s\/files\/1\/0611\/3578\/2039\/files\/7_cbea5ce3-4519-419d-b996-ddc54d346dde.jpg?v=1722049674\" alt=\"\" \/><\/li>\n<\/ul>\n","protected":false},"excerpt":{"rendered":"<p>TeckWrap augstas sa\u0137eres p\u0101rneses pl\u0113ve ir ar visaugst\u0101ko sa\u0137eres l\u012bmeni \u2014 ide\u0101li piem\u0113rota sp\u012bd\u012bg\u0101m un tekstur\u0113t\u0101m l\u012bmpl\u0113v\u0113m, piem\u0113ram, glitter, glitter brush, polka dots, rainbow stripes un galaxy viniliem. Lai gan \u0161ai p\u0101rneses pl\u0113vei ir \u013coti stipra sa\u0137ere, t\u0101 viegli no\u0146emama p\u0113c dizaina p\u0101rne\u0161anas un neatst\u0101j nek\u0101das l\u012bmes paliekas uz virsmas. &nbsp; \u012apa\u0161\u012bbas: \u2714 Sp\u0113c\u012bga sa\u0137ere [&hellip;]<\/p>\n","protected":false},"featured_media":77591415052484,"template":"","meta":[],"product_brand":[],"product_cat":[844,848,176],"product_tag":[],"class_list":{"0":"post-77591415051507","1":"product","2":"type-product","3":"status-publish","4":"has-post-thumbnail","6":"product_cat-transfer-tape","7":"product_cat-all-craft-vinyl","8":"product_cat-all_products","10":"first","11":"instock","12":"taxable","13":"shipping-taxable","14":"purchasable","15":"product-type-simple"},"supplier_id":null,"supplier_sku":"","barcode":null,"atum_controlled":true,"out_stock_date":null,"out_stock_threshold":null,"inheritable":false,"inbound_stock":0,"stock_on_hold":0,"sold_today":0,"sales_last_days":0,"reserved_stock":0,"customer_returns":0,"warehouse_damage":0,"lost_in_post":0,"other_logs":0,"out_stock_days":0,"lost_sales":0,"has_location":false,"update_date":"2026-04-21T00:56:55","atum_locations":[],"atum_stock_status":"instock","restock_status":false,"low_stock_amount":"","sales_update_date":"2026-04-21T00:56:55","calc_backorders":null,"_links":{"self":[{"href":"https:\/\/balticvinyl.com\/lv\/wp-json\/wp\/v2\/product\/77591415051507","targetHints":{"allow":["GET"]}}],"collection":[{"href":"https:\/\/balticvinyl.com\/lv\/wp-json\/wp\/v2\/product"}],"about":[{"href":"https:\/\/balticvinyl.com\/lv\/wp-json\/wp\/v2\/types\/product"}],"version-history":[{"count":2,"href":"https:\/\/balticvinyl.com\/lv\/wp-json\/wp\/v2\/product\/77591415051507\/revisions"}],"predecessor-version":[{"id":77591415052483,"href":"https:\/\/balticvinyl.com\/lv\/wp-json\/wp\/v2\/product\/77591415051507\/revisions\/77591415052483"}],"wp:featuredmedia":[{"embeddable":true,"href":"https:\/\/balticvinyl.com\/lv\/wp-json\/wp\/v2\/media\/77591415052484"}],"wp:attachment":[{"href":"https:\/\/balticvinyl.com\/lv\/wp-json\/wp\/v2\/media?parent=77591415051507"}],"wp:term":[{"taxonomy":"product_brand","embeddable":true,"href":"https:\/\/balticvinyl.com\/lv\/wp-json\/wp\/v2\/product_brand?post=77591415051507"},{"taxonomy":"product_cat","embeddable":true,"href":"https:\/\/balticvinyl.com\/lv\/wp-json\/wp\/v2\/product_cat?post=77591415051507"},{"taxonomy":"product_tag","embeddable":true,"href":"https:\/\/balticvinyl.com\/lv\/wp-json\/wp\/v2\/product_tag?post=77591415051507"}],"curies":[{"name":"wp","href":"https:\/\/api.w.org\/{rel}","templated":true}]}}