{"id":77591415047315,"date":"2023-11-20T14:47:19","date_gmt":"2023-11-20T11:47:19","guid":{"rendered":"https:\/\/balticvinyl.com\/product\/uv-color-changing-heat-transfer-vinyl-5ft-roll\/"},"modified":"2026-03-31T21:29:44","modified_gmt":"2026-03-31T18:29:44","slug":"uv-color-changing-heat-transfer-vinyl-5ft-roll","status":"publish","type":"product","link":"https:\/\/balticvinyl.com\/lv\/product\/uv-color-changing-heat-transfer-vinyl-5ft-roll\/","title":{"rendered":"UV gaism\u0101 kr\u0101su maino\u0161\u0101 neona termopl\u0113ve"},"content":{"rendered":"<h3><b>Apraksts<\/b><\/h3>\n<p class=\"p3\">Izcelies ar rado\u0161umu un kr\u0101s\u0101m, kas <span class=\"s2\"><b>main\u0101s UV gaism\u0101 vai saules staros!<\/b><b><\/b><\/span><\/p>\n<p class=\"p3\">M\u016bsu <span class=\"s2\"><b>UV neona termopl\u0113ve<\/b><\/span>\u00a0ieg\u016bst spilgtas, skaistas neona kr\u0101sas, kad t\u0101 tiek pak\u013cauta saules gaismai vai UV apgaismojumam. Kad pl\u0113ve vairs nav UV ietekm\u0113, t\u0101 <span class=\"s2\"><b>atgrie\u017eas s\u0101kotn\u0113j\u0101 kr\u0101s\u0101<\/b><\/span>, radot ma\u0123isku, p\u0101rsteidzo\u0161u efektu.<\/p>\n<p class=\"p3\">\u0160\u012b pl\u0113ve ir <span class=\"s2\"><b>sp\u012bd\u012bga, m\u012bksta un elast\u012bga<\/b><\/span>, lieliski piem\u0113rota T-krekliem, sporta ap\u0123\u0113rbam, d\u017eemperiem un citiem kokvilnas audumiem. T\u0101 \u013cauj <span class=\"s2\"><b>viegl\u0101k izgriezt un nopl\u0113st<\/b><\/span> dizainus, \u012bpa\u0161i, ja izv\u0113lies liel\u0101kas formas ar maz\u0101k deta\u013cu.<\/p>\n<p class=\"p3\">Pastaiga saul\u0113 v\u0113l nekad nav bijusi tik aizraujo\u0161a!<\/p>\n<h3><b>Produkta \u012bpa\u0161\u012bbas<\/b><\/h3>\n<ul>\n<li>\n<p class=\"p1\"><span class=\"s1\"><b>Izm\u0113rs:<\/b><\/span> 0,305 \u00d7 1,55 m<\/p>\n<\/li>\n<li>\n<p class=\"p1\"><b>Pieejamas 2 spilgtas UV neona kr\u0101su vari\u0101cijas<\/b><b><\/b><\/p>\n<\/li>\n<li>\n<p class=\"p1\">M\u012bksta, sp\u012bd\u012bga apdare<\/p>\n<\/li>\n<li>\n<p class=\"p1\">Iztur\u012bga un elast\u012bga \u2014 viegli apstr\u0101d\u0101jama<\/p>\n<\/li>\n<li>\n<p class=\"p1\"><span class=\"s1\"><b>Past\u0101v\u012bga l\u012bmviela<\/b><\/span> nodro\u0161ina ilgu notur\u012bbu<\/p>\n<\/li>\n<li>\n<p class=\"p1\">\u0100tra un vienk\u0101r\u0161a p\u0101rnese uz auduma<\/p>\n<\/li>\n<li>\n<p class=\"p1\"><span class=\"s1\">Sader\u012bga ar <\/span><b>Cricut, Silhouette un cit\u0101m grie\u0161anas ier\u012bc\u0113m<\/b><b><\/b><\/p>\n<\/li>\n<li>\n<p class=\"p1\"><span class=\"s1\">Ieteicama <\/span><b>mazg\u0101\u0161ana ar rok\u0101m<\/b><b><\/b><\/p>\n<\/li>\n<li>\n<p class=\"p1\">Ide\u0101li piem\u0113rota: T-krekliem, d\u017eemperiem, spilvendr\u0101n\u0101m, som\u0101m, cepur\u0113m, sporta ap\u0123\u0113rbam, klubu ap\u0123\u0113rbam u.c.<\/p>\n<\/li>\n<\/ul>\n<h3><b>Lieto\u0161anas instrukcija<\/b><\/h3>\n<ol start=\"1\">\n<li>\n<p class=\"p1\"><b>Sader\u012bga ar:<\/b><b><\/b><\/p>\n<ul>\n<li>\n<p class=\"p1\">Elektroniskajiem griez\u0113jiem (Cricut, Silhouette)<\/p>\n<\/li>\n<li>\n<p class=\"p1\">Signgriez\u0113jiem un trafaretu ploteriem<\/p>\n<\/li>\n<\/ul>\n<\/li>\n<li>\n<p class=\"p1\"><b>Dizaina sagatavo\u0161ana:<\/b><b><\/b><\/p>\n<ul>\n<li>\n<p class=\"p1\">Spogu\u013catt\u0113lojiet (Mirror) savu dizainu pirms grie\u0161anas<\/p>\n<\/li>\n<li>\n<p class=\"p1\">Novietojiet pl\u0113vi <span class=\"s1\"><b>ar sp\u012bd\u012bgo pusi uz leju<\/b><\/span> uz grie\u0161anas pakl\u0101ja<\/p>\n<\/li>\n<li>\n<p class=\"p1\">Piel\u0101gojiet <span class=\"s1\"><b>grie\u0161anas \u0101trumu un spiedienu<\/b><\/span> atbilsto\u0161i ier\u012bcei<\/p>\n<\/li>\n<\/ul>\n<\/li>\n<li>\n<p class=\"p1\"><b>P\u0101rne\u0161ana uz auduma:<\/b><b><\/b><\/p>\n<ul>\n<li>\n<p class=\"p1\"><span class=\"s1\">Novietojiet ap\u0123\u0113rbu uz <\/span><b>cietas, l\u012bdzenas un sausas virsmas<\/b><b><\/b><\/p>\n<\/li>\n<li>\n<p class=\"p1\">Ievietojiet <span class=\"s1\"><b>kartonu krekla iek\u0161pus\u0113<\/b><\/span>, lai pasarg\u0101tu no caurspiedes<\/p>\n<\/li>\n<li>\n<p class=\"p1\">Uzkars\u0113jiet termopresi l\u012bdz <span class=\"s1\"><b>150\u2013160\u00b0C<\/b><b><\/b><\/span><\/p>\n<\/li>\n<li>\n<p class=\"p1\"><b>Spiediet 8\u201312 sekundes<\/b><span class=\"s1\"> ar vid\u0113ju spiedienu<\/span><\/p>\n<\/li>\n<li>\n<p class=\"p1\"><span class=\"s1\">Uzl\u012bm\u0113\u0161ana j\u0101veic <\/span><b>ar sp\u012bd\u012bgo pusi uz aug\u0161u<\/b><b><\/b><\/p>\n<\/li>\n<li>\n<p class=\"p1\">Neizmantojiet tvaika gludekli<\/p>\n<\/li>\n<li>\n<p class=\"p1\"><span class=\"s1\">Vienm\u0113r\u012bgi izklied\u0113jiet karstumu un <\/span><b>p\u0101rliecinieties, ka viss dizains ir piln\u012bb\u0101 p\u0101rnests<\/b><b><\/b><\/p>\n<\/li>\n<li>\n<p class=\"p1\"><b>\u013baujiet atdzist<\/b><span class=\"s1\"> da\u017eas min\u016btes un tad uzman\u012bgi <\/span><b>no\u0146emiet aizsargpl\u0113vi<\/b><\/p>\n<\/li>\n<\/ul>\n<\/li>\n<\/ol>\n<p class=\"p4\"><b>Ievies saules burv\u012bbu savos dizainos!<\/b><b><\/b><\/p>\n<p class=\"p3\">P\u0101rsteidz apk\u0101rt\u0113jos ar dizainiem, kas atdz\u012bvojas UV gaism\u0101 \u2013 ide\u0101li d\u0101van\u0101m, personaliz\u0113tam stilam vai rado\u0161\u0101m kolekcij\u0101m.<\/p>\n","protected":false},"excerpt":{"rendered":"<p>Apraksts Izcelies ar rado\u0161umu un kr\u0101s\u0101m, kas main\u0101s UV gaism\u0101 vai saules staros! M\u016bsu UV neona termopl\u0113ve\u00a0ieg\u016bst spilgtas, skaistas neona kr\u0101sas, kad t\u0101 tiek pak\u013cauta saules gaismai vai UV apgaismojumam. Kad pl\u0113ve vairs nav UV ietekm\u0113, t\u0101 atgrie\u017eas s\u0101kotn\u0113j\u0101 kr\u0101s\u0101, radot ma\u0123isku, p\u0101rsteidzo\u0161u efektu. \u0160\u012b pl\u0113ve ir sp\u012bd\u012bga, m\u012bksta un elast\u012bga, lieliski piem\u0113rota T-krekliem, sporta [&hellip;]<\/p>\n","protected":false},"featured_media":77591415048549,"template":"","meta":[],"product_brand":[],"product_cat":[3187,878,176],"product_tag":[750],"class_list":{"0":"post-77591415047315","1":"product","2":"type-product","3":"status-publish","4":"has-post-thumbnail","6":"product_cat-izpardosana","7":"product_cat-all-htv","8":"product_cat-all_products","9":"product_tag-la-htv","11":"first","12":"instock","13":"sale","14":"taxable","15":"shipping-taxable","16":"purchasable","17":"product-type-variable"},"supplier_id":null,"supplier_sku":"","barcode":null,"atum_controlled":true,"out_stock_date":null,"out_stock_threshold":null,"inheritable":true,"inbound_stock":0,"stock_on_hold":0,"sold_today":0,"sales_last_days":0,"reserved_stock":0,"customer_returns":0,"warehouse_damage":0,"lost_in_post":0,"other_logs":0,"out_stock_days":0,"lost_sales":0,"has_location":false,"update_date":"2026-05-05T02:10:08","atum_locations":[],"atum_stock_status":"instock","restock_status":false,"low_stock_amount":"","sales_update_date":"2026-05-05T02:10:08","calc_backorders":null,"_links":{"self":[{"href":"https:\/\/balticvinyl.com\/lv\/wp-json\/wp\/v2\/product\/77591415047315","targetHints":{"allow":["GET"]}}],"collection":[{"href":"https:\/\/balticvinyl.com\/lv\/wp-json\/wp\/v2\/product"}],"about":[{"href":"https:\/\/balticvinyl.com\/lv\/wp-json\/wp\/v2\/types\/product"}],"version-history":[{"count":2,"href":"https:\/\/balticvinyl.com\/lv\/wp-json\/wp\/v2\/product\/77591415047315\/revisions"}],"predecessor-version":[{"id":77591415052562,"href":"https:\/\/balticvinyl.com\/lv\/wp-json\/wp\/v2\/product\/77591415047315\/revisions\/77591415052562"}],"wp:featuredmedia":[{"embeddable":true,"href":"https:\/\/balticvinyl.com\/lv\/wp-json\/wp\/v2\/media\/77591415048549"}],"wp:attachment":[{"href":"https:\/\/balticvinyl.com\/lv\/wp-json\/wp\/v2\/media?parent=77591415047315"}],"wp:term":[{"taxonomy":"product_brand","embeddable":true,"href":"https:\/\/balticvinyl.com\/lv\/wp-json\/wp\/v2\/product_brand?post=77591415047315"},{"taxonomy":"product_cat","embeddable":true,"href":"https:\/\/balticvinyl.com\/lv\/wp-json\/wp\/v2\/product_cat?post=77591415047315"},{"taxonomy":"product_tag","embeddable":true,"href":"https:\/\/balticvinyl.com\/lv\/wp-json\/wp\/v2\/product_tag?post=77591415047315"}],"curies":[{"name":"wp","href":"https:\/\/api.w.org\/{rel}","templated":true}]}}