{"id":77591415047257,"date":"2023-11-20T14:46:06","date_gmt":"2023-11-20T11:46:06","guid":{"rendered":"https:\/\/balticvinyl.com\/product\/textured-metallic-adhesive-vinyl-1\/"},"modified":"2026-04-21T12:19:16","modified_gmt":"2026-04-21T09:19:16","slug":"textured-metallic-adhesive-vinyl-1","status":"publish","type":"product","link":"https:\/\/balticvinyl.com\/lv\/product\/textured-metallic-adhesive-vinyl-1\/","title":{"rendered":"Tekstur\u0113t\u0101 Met\u0101lisk\u0101 L\u012bmpl\u0113ve"},"content":{"rendered":"<p class=\"p1\">Pie\u0161\u0137ir saviem rado\u0161ajiem projektiem elegantu sp\u012bdumu ar TeckWrap tekstur\u0113to met\u0101lisko l\u012bmpl\u0113vi! \u0160\u012b l\u012bmpl\u0113ve izce\u013cas ar reljefu met\u0101liskas lapas efektu un glanc\u0113tu virsmu, kas izskat\u0101s grezni un profesion\u0101li.<\/p>\n<p class=\"p1\">Izmanto to uz sien\u0101m, logiem, baneriem vai d\u0101vanu dekoriem \u2014 mirdzo\u0161ais p\u0101rkl\u0101jums pie\u0161\u0137irs ekskluzivit\u0101ti jebkuram dizainam. Materi\u0101ls ir pl\u0101ns, elast\u012bgs un viegli apstr\u0101d\u0101jams ar jebkuru vinila griez\u0113ju. Tas \u013cauj izgriezt gan lielus, gan \u013coti smalkus elementus bez p\u016bl\u0113m. Lieko deta\u013cu no\u0146em\u0161ana b\u016bs \u0101tra un prec\u012bza, un uzl\u012bm\u0113jot l\u012bmpl\u0113vi uz gludas virsmas, nerad\u012bsies ne burbu\u013ci, ne krokas.<\/p>\n<p class=\"p1\">\u0160\u012b l\u012bmpl\u0113ve ne tikai izskat\u0101s d\u0101rgi, bet ar\u012b nodro\u0161ina ilgm\u016b\u017e\u012bbu un vieglu lieto\u0161anu. T\u0101 neatst\u0101j lip\u012bgus nos\u0113dumus un ir lieliski piem\u0113rota gan hobijiem, gan profesion\u0101lai lieto\u0161anai.<\/p>\n<h3><b>\u012apa\u0161\u012bbas:<\/b><\/h3>\n<p class=\"p1\">\u2714 Tekstur\u0113ta, glanc\u0113ta virsma ar met\u0101liskas lapas efektu<\/p>\n<p class=\"p1\">\u2714 Pl\u0101ns, elast\u012bgs materi\u0101ls \u2014 viegli griezt, veidot un piel\u012bm\u0113t<\/p>\n<p class=\"p1\">\u2714 Viegla lieko deta\u013cu no\u0146em\u0161ana<\/p>\n<p class=\"p1\">\u2714 Lieliski piem\u0113rota: uzl\u012bm\u0113m, sienu un logu grafik\u0101m, baneriem, uzrakstiem, scrapbooking projektiem un interjera dekor\u0113\u0161anai<\/p>\n<p class=\"p1\">\u2714 Var izmantot ar\u012b uz kl\u0113pjdatoriem, gr\u0101matu v\u0101kiem, logiem un sien\u0101m<\/p>\n<p class=\"p1\">\u2714 Izm\u0113rs: 0.3 x 1.5 m<\/p>\n<p class=\"p1\">\u2714 Savietojama ar vairumu vinila griez\u0113ju un ploteru<\/p>\n<p class=\"p1\">\u2714 Virsmai draudz\u012bga, neatst\u0101j nos\u0113dumus<\/p>\n<div><img decoding=\"async\" src=\"https:\/\/balticvinyl.com\/wp-content\/uploads\/2023\/11\/A__01_88db321f-1f3b-42bd-8765-f44d338400e6.jpg?v=1683251910\" alt=\"\" \/><img decoding=\"async\" src=\"https:\/\/balticvinyl.com\/wp-content\/uploads\/2023\/11\/A__03_78cc99cd-5c33-444b-8935-a1d493003d11.jpg?v=1683251918\" alt=\"\" \/><img decoding=\"async\" src=\"https:\/\/balticvinyl.com\/wp-content\/uploads\/2023\/11\/A__05_5f9d1a8d-c3fc-468e-88e1-f3f6d067812b.jpg?v=1683251944\" alt=\"\" \/><img decoding=\"async\" src=\"https:\/\/balticvinyl.com\/wp-content\/uploads\/2023\/11\/A__07_567e14a2-23b2-4562-acf8-6e99f0b44320.jpg?v=1683251951\" alt=\"\" \/><img decoding=\"async\" src=\"https:\/\/balticvinyl.com\/wp-content\/uploads\/2023\/11\/A__09_38a500fc-9897-45cc-a958-dcbf1e8ce4ca.jpg?v=1683251962\" alt=\"\" \/><img decoding=\"async\" src=\"https:\/\/balticvinyl.com\/wp-content\/uploads\/2023\/11\/1_6.jpg?v=1683251897\" alt=\"\" \/><\/div>\n<div style=\"text-align: left;\"><\/div>\n<div style=\"text-align: left;\"><\/div>\n<div style=\"text-align: left;\"><\/div>\n<div style=\"text-align: left;\"><\/div>\n<p>&nbsp;<\/p>\n","protected":false},"excerpt":{"rendered":"<p>Pie\u0161\u0137ir saviem rado\u0161ajiem projektiem elegantu sp\u012bdumu ar TeckWrap tekstur\u0113to met\u0101lisko l\u012bmpl\u0113vi! \u0160\u012b l\u012bmpl\u0113ve izce\u013cas ar reljefu met\u0101liskas lapas efektu un glanc\u0113tu virsmu, kas izskat\u0101s grezni un profesion\u0101li. Izmanto to uz sien\u0101m, logiem, baneriem vai d\u0101vanu dekoriem \u2014 mirdzo\u0161ais p\u0101rkl\u0101jums pie\u0161\u0137irs ekskluzivit\u0101ti jebkuram dizainam. Materi\u0101ls ir pl\u0101ns, elast\u012bgs un viegli apstr\u0101d\u0101jams ar jebkuru vinila griez\u0113ju. Tas [&hellip;]<\/p>\n","protected":false},"featured_media":77591415048504,"template":"","meta":[],"product_brand":[],"product_cat":[840,848,176],"product_tag":[810],"class_list":{"0":"post-77591415047257","1":"product","2":"type-product","3":"status-publish","4":"has-post-thumbnail","6":"product_cat-textured-metallic-vinyl","7":"product_cat-all-craft-vinyl","8":"product_cat-all_products","9":"product_tag-la-textured-metallic","11":"first","12":"instock","13":"taxable","14":"shipping-taxable","15":"purchasable","16":"product-type-variable","17":"has-default-attributes"},"supplier_id":null,"supplier_sku":"","barcode":null,"atum_controlled":true,"out_stock_date":null,"out_stock_threshold":null,"inheritable":true,"inbound_stock":0,"stock_on_hold":0,"sold_today":0,"sales_last_days":0,"reserved_stock":0,"customer_returns":0,"warehouse_damage":0,"lost_in_post":0,"other_logs":0,"out_stock_days":0,"lost_sales":0,"has_location":false,"update_date":"2026-05-14T00:07:08","atum_locations":[],"atum_stock_status":"instock","restock_status":false,"low_stock_amount":"","sales_update_date":"2026-05-14T00:07:08","calc_backorders":null,"_links":{"self":[{"href":"https:\/\/balticvinyl.com\/lv\/wp-json\/wp\/v2\/product\/77591415047257","targetHints":{"allow":["GET"]}}],"collection":[{"href":"https:\/\/balticvinyl.com\/lv\/wp-json\/wp\/v2\/product"}],"about":[{"href":"https:\/\/balticvinyl.com\/lv\/wp-json\/wp\/v2\/types\/product"}],"version-history":[{"count":2,"href":"https:\/\/balticvinyl.com\/lv\/wp-json\/wp\/v2\/product\/77591415047257\/revisions"}],"predecessor-version":[{"id":77591415052497,"href":"https:\/\/balticvinyl.com\/lv\/wp-json\/wp\/v2\/product\/77591415047257\/revisions\/77591415052497"}],"wp:featuredmedia":[{"embeddable":true,"href":"https:\/\/balticvinyl.com\/lv\/wp-json\/wp\/v2\/media\/77591415048504"}],"wp:attachment":[{"href":"https:\/\/balticvinyl.com\/lv\/wp-json\/wp\/v2\/media?parent=77591415047257"}],"wp:term":[{"taxonomy":"product_brand","embeddable":true,"href":"https:\/\/balticvinyl.com\/lv\/wp-json\/wp\/v2\/product_brand?post=77591415047257"},{"taxonomy":"product_cat","embeddable":true,"href":"https:\/\/balticvinyl.com\/lv\/wp-json\/wp\/v2\/product_cat?post=77591415047257"},{"taxonomy":"product_tag","embeddable":true,"href":"https:\/\/balticvinyl.com\/lv\/wp-json\/wp\/v2\/product_tag?post=77591415047257"}],"curies":[{"name":"wp","href":"https:\/\/api.w.org\/{rel}","templated":true}]}}