{"id":77591415047170,"date":"2023-11-20T14:44:16","date_gmt":"2023-11-20T11:44:16","guid":{"rendered":"https:\/\/balticvinyl.com\/product\/silicone-slap-bracelets-1\/"},"modified":"2026-03-31T22:20:36","modified_gmt":"2026-03-31T19:20:36","slug":"silicone-slap-bracelets-1","status":"publish","type":"product","link":"https:\/\/balticvinyl.com\/lv\/product\/silicone-slap-bracelets-1\/","title":{"rendered":"Silikona Aplokam\u0101s Aproces Vinila Ru\u013c\u013ciem"},"content":{"rendered":"<p class=\"p1\">Vinila glab\u0101\u0161ana v\u0113l nekad nav bijusi tik vienk\u0101r\u0161a! Uzturi savus vinila ru\u013c\u013cus k\u0101rt\u012bgus un kompakti sat\u012btus ar stil\u012bgaj\u0101m un elast\u012bgaj\u0101m <span class=\"s1\"><b>silikona aplokamaj\u0101m aproc\u0113m<\/b><\/span>.<\/p>\n<p class=\"p1\">Izgatavotas no 100% silikona, \u0161\u012bs aproces ir maigas, elast\u012bgas un nodro\u0161ina stingru satv\u0113rienu. T\u0101s autom\u0101tiski apvijas ap vinila rulli, noturot to cie\u0161i un dro\u0161i n\u0101kamajai lieto\u0161anas reizei. Pieejamas 6 uzman\u012bbu piesaisto\u0161\u0101s paste\u013cto\u0146os, un t\u0101s vari izmantot ar\u012b k\u0101 mar\u0137\u0113\u0161anas aproces, lai at\u0161\u0137irtu da\u017e\u0101dus ru\u013c\u013cus p\u0113c kr\u0101sas vai veida.<\/p>\n<p class=\"p1\">Ienes k\u0101rt\u012bbu sav\u0101 rado\u0161aj\u0101 darbn\u012bc\u0101 ar \u0161\u012bm praktiskaj\u0101m aproc\u0113m, kas pal\u012bdz\u0113s uztur\u0113t vinilu organiz\u0113tu un vienm\u0113r gatavu darbam.<\/p>\n<h3><b>\u012apa\u0161\u012bbas:<\/b><\/h3>\n<p class=\"p1\">\u2714 Materi\u0101ls: 100% silikons<\/p>\n<p class=\"p1\">\u2714 Komplekt\u0101: 6 gab.<\/p>\n<p class=\"p1\">\u2714 Elast\u012bgas, m\u012bkstas, bet ar stingru satv\u0113rienu<\/p>\n<p class=\"p1\">\u2714 Lieliski piem\u0113rotas vinila ru\u013c\u013cu sasie\u0161anai un organiz\u0113\u0161anai<\/p>\n<p class=\"p1\">\u2714 \u013boti iztur\u012bgas un ilgnotur\u012bgas<\/p>\n<p class=\"p1\">\u2714 Var izmantot ar\u012b mar\u0137\u0113\u0161anai<\/p>\n","protected":false},"excerpt":{"rendered":"<p>Vinila glab\u0101\u0161ana v\u0113l nekad nav bijusi tik vienk\u0101r\u0161a! Uzturi savus vinila ru\u013c\u013cus k\u0101rt\u012bgus un kompakti sat\u012btus ar stil\u012bgaj\u0101m un elast\u012bgaj\u0101m silikona aplokamaj\u0101m aproc\u0113m. Izgatavotas no 100% silikona, \u0161\u012bs aproces ir maigas, elast\u012bgas un nodro\u0161ina stingru satv\u0113rienu. T\u0101s autom\u0101tiski apvijas ap vinila rulli, noturot to cie\u0161i un dro\u0161i n\u0101kamajai lieto\u0161anas reizei. Pieejamas 6 uzman\u012bbu piesaisto\u0161\u0101s paste\u013cto\u0146os, [&hellip;]<\/p>\n","protected":false},"featured_media":77591415048420,"template":"","meta":[],"product_brand":[],"product_cat":[882,3187,176],"product_tag":[700,782],"class_list":{"0":"post-77591415047170","1":"product","2":"type-product","3":"status-publish","4":"has-post-thumbnail","6":"product_cat-others","7":"product_cat-izpardosana","8":"product_cat-all_products","9":"product_tag-la-tool","10":"product_tag-tool","12":"first","13":"instock","14":"sale","15":"taxable","16":"shipping-taxable","17":"purchasable","18":"product-type-variable"},"supplier_id":null,"supplier_sku":"","barcode":null,"atum_controlled":true,"out_stock_date":null,"out_stock_threshold":null,"inheritable":true,"inbound_stock":0,"stock_on_hold":0,"sold_today":0,"sales_last_days":0,"reserved_stock":0,"customer_returns":0,"warehouse_damage":0,"lost_in_post":0,"other_logs":0,"out_stock_days":0,"lost_sales":0,"has_location":false,"update_date":"2026-04-22T00:57:19","atum_locations":[],"atum_stock_status":"instock","restock_status":false,"low_stock_amount":"","sales_update_date":"2026-04-22T00:57:19","calc_backorders":null,"_links":{"self":[{"href":"https:\/\/balticvinyl.com\/lv\/wp-json\/wp\/v2\/product\/77591415047170","targetHints":{"allow":["GET"]}}],"collection":[{"href":"https:\/\/balticvinyl.com\/lv\/wp-json\/wp\/v2\/product"}],"about":[{"href":"https:\/\/balticvinyl.com\/lv\/wp-json\/wp\/v2\/types\/product"}],"version-history":[{"count":2,"href":"https:\/\/balticvinyl.com\/lv\/wp-json\/wp\/v2\/product\/77591415047170\/revisions"}],"predecessor-version":[{"id":77591415051357,"href":"https:\/\/balticvinyl.com\/lv\/wp-json\/wp\/v2\/product\/77591415047170\/revisions\/77591415051357"}],"wp:featuredmedia":[{"embeddable":true,"href":"https:\/\/balticvinyl.com\/lv\/wp-json\/wp\/v2\/media\/77591415048420"}],"wp:attachment":[{"href":"https:\/\/balticvinyl.com\/lv\/wp-json\/wp\/v2\/media?parent=77591415047170"}],"wp:term":[{"taxonomy":"product_brand","embeddable":true,"href":"https:\/\/balticvinyl.com\/lv\/wp-json\/wp\/v2\/product_brand?post=77591415047170"},{"taxonomy":"product_cat","embeddable":true,"href":"https:\/\/balticvinyl.com\/lv\/wp-json\/wp\/v2\/product_cat?post=77591415047170"},{"taxonomy":"product_tag","embeddable":true,"href":"https:\/\/balticvinyl.com\/lv\/wp-json\/wp\/v2\/product_tag?post=77591415047170"}],"curies":[{"name":"wp","href":"https:\/\/api.w.org\/{rel}","templated":true}]}}