{"id":77591415045958,"date":"2023-11-20T14:35:20","date_gmt":"2023-11-20T11:35:20","guid":{"rendered":"https:\/\/balticvinyl.com\/product\/glitter-brush-adhesive-vinyl\/"},"modified":"2026-04-01T15:45:31","modified_gmt":"2026-04-01T12:45:31","slug":"glitter-brush-adhesive-vinyl","status":"publish","type":"product","link":"https:\/\/balticvinyl.com\/lv\/product\/glitter-brush-adhesive-vinyl\/","title":{"rendered":"Glitera Oti\u0146as Stila L\u012bmpl\u0113ve"},"content":{"rendered":"<p class=\"p1\">Dz\u012bv\u012bbas un spilgtuma uzplaiksn\u012bjums ar m\u016bsu Glitera Oti\u0146as Stila L\u012bmpl\u0113vi \u2014 lieliski piem\u0113rota tiem, kuri m\u012bl ko\u0161as kr\u0101sas un v\u0113las izplat\u012bt pozit\u012bvas emocijas visapk\u0101rt! Pied\u0101v\u0101jam \u010detrus da\u017e\u0101dus mirdzo\u0161us dizainus, kas noteikti pie\u0161\u0137irs dz\u012bv\u012bgumu j\u016bsu rado\u0161ajiem darbiem un \u013caus tiem izcelties.<\/p>\n<p class=\"p1\">M\u016bsu l\u012bmpl\u0113ve ir iztur\u012bga, \u016bdensdro\u0161a un notur\u012bga pret laikapst\u0101k\u013ciem. T\u0101 ir pl\u0101na, elast\u012bga un ar spiedienjut\u012bgu l\u012bmi. Viegli grie\u017eama, nolas\u0101ma un p\u0101rce\u013cama uz jebkuru gludu, cietu virsmu. \u013baujiet va\u013cu rado\u0161umam un veidojiet p\u0101rsteidzo\u0161us dizainus! Savietojama ar vis\u0101m vinila grie\u0161anas iek\u0101rt\u0101m, un lieko vinilu var vienk\u0101r\u0161i no\u0146emt, kas padara to ide\u0101li piem\u0113rotu ar\u012b sare\u017e\u0123\u012btiem dizainiem.<\/p>\n<p class=\"p1\">Lieto\u0161ana ir vienk\u0101r\u0161a \u2013 uzkl\u0101jiet p\u0101rneses pl\u0113vi uz l\u012bmpl\u0113ves, izmantojot <span class=\"s1\"><b>l\u012bdzin\u0101\u0161anas r\u012bku<\/b><\/span>, lai to izl\u012bdzin\u0101tu. Nevajadz\u0113tu b\u016bt ne krok\u0101m, ne gaisa burbu\u013ciem starp loksni un l\u012bmpl\u0113vi. No\u0146emiet aizsargpap\u012bru un piel\u012bm\u0113jiet uz izv\u0113l\u0113t\u0101s virsmas. No\u0146emiet p\u0101rneses pl\u0113vi un j\u016bsu darbs ir gatavs!<\/p>\n<p class=\"p1\">Pieejama ru\u013c\u013cos 1,50 m garum\u0101 ar da\u017e\u0101diem marmor\u0113tiem, miglas un batiko\u0161anas dizainiem, kas p\u0101rkl\u0101ti ar mirdzumiem. \u0160\u012b daudzpus\u012bg\u0101 pl\u0113ve ir ide\u0101li piem\u0113rota paman\u0101mu z\u012bmju un logotipu veido\u0161anai gan uz\u0146\u0113m\u0113jdarb\u012bbai, gan person\u012bgai lieto\u0161anai. Var izmantot interjera dekoriem, sien\u0101m, logiem, aksesu\u0101riem, kr\u016bz\u0113m, burci\u0146\u0101m un d\u0101vanu iepakojumiem. Atkar\u012bgs no j\u016bsu izt\u0113les!<\/p>\n<h3><b>Iez\u012bmes:<\/b><\/h3>\n<ul>\n<li>\n<p class=\"p1\">Pl\u0101na, elast\u012bga un iztur\u012bga \u2013 viegli piel\u012bm\u0113jama uz jebkuras gludas virsmas<\/p>\n<\/li>\n<li>\n<p class=\"p1\">Savietojama ar vis\u0101m vinila grie\u0161anas iek\u0101rt\u0101m<\/p>\n<\/li>\n<li>\n<p class=\"p1\">Ru\u013c\u013ca izm\u0113rs: <strong>0,3 x <span class=\"s1\">1,5 m<\/span><\/strong><\/p>\n<\/li>\n<li>\n<p class=\"p1\">Vinils ir biez\u0101ks nek\u0101 daudzi citi vinili<\/p>\n<\/li>\n<li>\n<p class=\"p1\"><span class=\"s1\">Savietojams ar <\/span><b>dzelten\u0101s re\u017e\u0123a p\u0101rneses pl\u0113vi<\/b><\/p>\n<\/li>\n<\/ul>\n<p><img decoding=\"async\" src=\"https:\/\/balticvinyl.com\/wp-content\/uploads\/2023\/11\/01.jpg?v=1679066315\" alt=\"Glitter Brush Adhesive Vinyl\" \/><img decoding=\"async\" src=\"https:\/\/balticvinyl.com\/wp-content\/uploads\/2023\/11\/02.jpg?v=1679066342\" alt=\"Glitter Brush Adhesive Vinyl\" \/><img decoding=\"async\" src=\"https:\/\/balticvinyl.com\/wp-content\/uploads\/2023\/11\/03.jpg?v=1679066355\" alt=\"Glitter Brush Adhesive Vinyl\" \/><img decoding=\"async\" src=\"https:\/\/balticvinyl.com\/wp-content\/uploads\/2023\/11\/04.jpg?v=1679066368\" alt=\"Glitter Brush Adhesive Vinyl\" \/><img decoding=\"async\" src=\"https:\/\/balticvinyl.com\/wp-content\/uploads\/2023\/11\/05.jpg?v=1679066378\" alt=\"Glitter Brush Adhesive Vinyl\" \/><img decoding=\"async\" src=\"https:\/\/balticvinyl.com\/wp-content\/uploads\/2023\/11\/06.jpg?v=1679066392\" alt=\"Glitter Brush Adhesive Vinyl\" \/><\/p>\n","protected":false},"excerpt":{"rendered":"<p>Dz\u012bv\u012bbas un spilgtuma uzplaiksn\u012bjums ar m\u016bsu Glitera Oti\u0146as Stila L\u012bmpl\u0113vi \u2014 lieliski piem\u0113rota tiem, kuri m\u012bl ko\u0161as kr\u0101sas un v\u0113las izplat\u012bt pozit\u012bvas emocijas visapk\u0101rt! Pied\u0101v\u0101jam \u010detrus da\u017e\u0101dus mirdzo\u0161us dizainus, kas noteikti pie\u0161\u0137irs dz\u012bv\u012bgumu j\u016bsu rado\u0161ajiem darbiem un \u013caus tiem izcelties. M\u016bsu l\u012bmpl\u0113ve ir iztur\u012bga, \u016bdensdro\u0161a un notur\u012bga pret laikapst\u0101k\u013ciem. T\u0101 ir pl\u0101na, elast\u012bga un ar [&hellip;]<\/p>\n","protected":false},"featured_media":77591415047625,"template":"","meta":[],"product_brand":[],"product_cat":[3187,858,850,848,176],"product_tag":[800,688],"class_list":{"0":"post-77591415045958","1":"product","2":"type-product","3":"status-publish","4":"has-post-thumbnail","6":"product_cat-izpardosana","7":"product_cat-patterned-vinyl","8":"product_cat-shimmer-glitter","9":"product_cat-all-craft-vinyl","10":"product_cat-all_products","11":"product_tag-la-glitter","12":"product_tag-new-arrivals","14":"first","15":"instock","16":"sale","17":"taxable","18":"shipping-taxable","19":"purchasable","20":"product-type-variable","21":"has-default-attributes"},"supplier_id":null,"supplier_sku":"","barcode":null,"atum_controlled":true,"out_stock_date":null,"out_stock_threshold":null,"inheritable":true,"inbound_stock":0,"stock_on_hold":0,"sold_today":0,"sales_last_days":0,"reserved_stock":0,"customer_returns":0,"warehouse_damage":0,"lost_in_post":0,"other_logs":0,"out_stock_days":0,"lost_sales":0,"has_location":false,"update_date":"2026-04-22T00:57:28","atum_locations":[],"atum_stock_status":"instock","restock_status":false,"low_stock_amount":"","sales_update_date":"2026-04-22T00:57:28","calc_backorders":null,"_links":{"self":[{"href":"https:\/\/balticvinyl.com\/lv\/wp-json\/wp\/v2\/product\/77591415045958","targetHints":{"allow":["GET"]}}],"collection":[{"href":"https:\/\/balticvinyl.com\/lv\/wp-json\/wp\/v2\/product"}],"about":[{"href":"https:\/\/balticvinyl.com\/lv\/wp-json\/wp\/v2\/types\/product"}],"version-history":[{"count":2,"href":"https:\/\/balticvinyl.com\/lv\/wp-json\/wp\/v2\/product\/77591415045958\/revisions"}],"predecessor-version":[{"id":77591415052522,"href":"https:\/\/balticvinyl.com\/lv\/wp-json\/wp\/v2\/product\/77591415045958\/revisions\/77591415052522"}],"wp:featuredmedia":[{"embeddable":true,"href":"https:\/\/balticvinyl.com\/lv\/wp-json\/wp\/v2\/media\/77591415047625"}],"wp:attachment":[{"href":"https:\/\/balticvinyl.com\/lv\/wp-json\/wp\/v2\/media?parent=77591415045958"}],"wp:term":[{"taxonomy":"product_brand","embeddable":true,"href":"https:\/\/balticvinyl.com\/lv\/wp-json\/wp\/v2\/product_brand?post=77591415045958"},{"taxonomy":"product_cat","embeddable":true,"href":"https:\/\/balticvinyl.com\/lv\/wp-json\/wp\/v2\/product_cat?post=77591415045958"},{"taxonomy":"product_tag","embeddable":true,"href":"https:\/\/balticvinyl.com\/lv\/wp-json\/wp\/v2\/product_tag?post=77591415045958"}],"curies":[{"name":"wp","href":"https:\/\/api.w.org\/{rel}","templated":true}]}}