{"id":77591415045666,"date":"2023-11-20T14:33:31","date_gmt":"2023-11-20T11:33:31","guid":{"rendered":"https:\/\/balticvinyl.com\/product\/chameleon-heat-transfer-vinyl-5ft-roll\/"},"modified":"2026-04-01T20:54:48","modified_gmt":"2026-04-01T17:54:48","slug":"chameleon-heat-transfer-vinyl-5ft-roll","status":"publish","type":"product","link":"https:\/\/balticvinyl.com\/lv\/product\/chameleon-heat-transfer-vinyl-5ft-roll\/","title":{"rendered":"Hameleona termopl\u0113ve"},"content":{"rendered":"<h3><b>Apraksts<\/b><\/h3>\n<p class=\"p3\"><span class=\"s2\"><b>Atkl\u0101j sev\u012b m\u0101kslinieku<\/b><\/span> ar m\u016bsu burv\u012bgi main\u012bgo <span class=\"s2\"><b>Hameleona termopl\u0113vi!<\/b><\/span> Veido mirdzo\u0161us uzrakstus, rakstus, logotipus un formas, kas <span class=\"s2\"><b>maina kr\u0101su atkar\u012bb\u0101 no ap\u0123\u0113rba kust\u012bbas<\/b><\/span>, pie\u0161\u0137irot katram dizainam dinamisku dz\u012bv\u012bgumu.<\/p>\n<p class=\"p3\">\u0160\u012b pl\u0113ve ir ne tikai vizu\u0101li iespaid\u012bga, bet ar\u012b <span class=\"s2\"><b>iztur\u012bga un daudzpus\u012bga<\/b><\/span>, \u013caujot izveidot piel\u0101gotus dizainus priek\u0161autiem, som\u0101m, cepur\u0113m, spilvendr\u0101n\u0101m un pat auduma sienas dekor\u0101cij\u0101m.<\/p>\n<p class=\"p3\">T\u0101 ir <span class=\"s2\"><b>viegl\u0101 un pl\u0101n\u0101 strukt\u016br\u0101<\/b><\/span>, padarot to par ide\u0101lu izv\u0113li ar\u012b <span class=\"s2\"><b>s\u012bkiem burtiem un smalkiem rakstiem<\/b><\/span>. Pl\u0113ve <span class=\"s2\"><b>stingri piegu\u013c audumam<\/b><\/span>, nezaud\u0113 spilgtumu un formu pat p\u0113c vair\u0101k\u0101m mazg\u0101\u0161anas reiz\u0113m.<\/p>\n<p class=\"p4\"><b>Personaliz\u0113 kokvilnas T-kreklus, d\u017eemperus, somas un v\u0113l vair\u0101k \u2013 stil\u012bgi, notur\u012bgi un kr\u0101saini!<\/b><b><\/b><\/p>\n<h3><b>Produkta \u012bpa\u0161\u012bbas<\/b><\/h3>\n<ul>\n<li>\n<p class=\"p1\"><b>Izm\u0113ri: <\/b><span style=\"color: #333333;\">0,3 \u00d7 1,5 m<\/span><\/p>\n<\/li>\n<li>\n<p class=\"p1\"><b>\u013boti iztur\u012bga<\/b><span class=\"s1\">, ar <\/span><b>\u016bdensiztur\u012bgu l\u012bmvielu<\/b><b><\/b><\/p>\n<\/li>\n<li>\n<p class=\"p1\"><span class=\"s1\"><b>Draudz\u012bga kokvilnas audumiem:<\/b><\/span> ide\u0101li piem\u0113rota T-krekliem, d\u017eemperiem, som\u0101m, cepur\u0113m, priek\u0161autiem, spilvendr\u0101n\u0101m u.c.<\/p>\n<\/li>\n<li>\n<p class=\"p1\">Viegli grie\u017eama jebkur\u0101 form\u0101 vai kont\u016br\u0101 \u2013 bez lieka haosa<\/p>\n<\/li>\n<li>\n<p class=\"p1\"><b>Viegls, pl\u0101ns materi\u0101ls<\/b><span class=\"s1\"> \u0113rtai p\u0101rnesei<\/span><\/p>\n<\/li>\n<li>\n<p class=\"p1\"><span class=\"s1\">Sader\u012bga ar <\/span><b>Cricut, Silhouette un cit\u0101m grie\u0161anas ier\u012bc\u0113m<\/b><\/p>\n<\/li>\n<\/ul>\n<hr \/>\n<h3><b>K\u0101 lietot Hameleona termopl\u0113vi<\/b><\/h3>\n<ol start=\"1\">\n<li>\n<p class=\"p1\"><b>Sader\u012bga ar:<\/b><b><\/b><\/p>\n<p class=\"p2\">Craft Cutters, Die Cutters, Sign Plotters<\/p>\n<\/li>\n<li>\n<p class=\"p1\"><b>Sagatavo\u0161ana:<\/b><b><\/b><\/p>\n<ul>\n<li>\n<p class=\"p1\">Spogu\u013catt\u0113lojiet (mirror) dizainu<\/p>\n<\/li>\n<li>\n<p class=\"p1\">Novietojiet pl\u0113vi <span class=\"s1\"><b>ar sp\u012bd\u012bgo pusi uz leju<\/b><\/span> uz grie\u0161anas pakl\u0101ja<\/p>\n<\/li>\n<li>\n<p class=\"p1\">Piel\u0101gojiet asmens \u0101trumu un spiedienu<\/p>\n<\/li>\n<li>\n<p class=\"p1\">L\u0113n\u0101m nopl\u0113siet lieko materi\u0101lu, atst\u0101jot tikai v\u0113lamo dizainu<\/p>\n<\/li>\n<\/ul>\n<\/li>\n<li>\n<p class=\"p1\"><b>P\u0101rnese uz auduma:<\/b><b><\/b><\/p>\n<ul>\n<li>\n<p class=\"p1\"><span class=\"s1\">Novietojiet ap\u0123\u0113rbu uz <\/span><b>cietas, l\u012bdzenas, sausas virsmas<\/b><b><\/b><\/p>\n<\/li>\n<li>\n<p class=\"p1\">Ievietojiet <span class=\"s1\"><b>kartonu T-krekla iek\u0161pus\u0113<\/b><\/span>, lai pasarg\u0101tu otru pusi<\/p>\n<\/li>\n<li>\n<p class=\"p1\"><span class=\"s1\">Uzst\u0101diet <\/span><b>termopresi uz 150\u2013160\u00b0C<\/b><b><\/b><\/p>\n<\/li>\n<li>\n<p class=\"p1\"><span class=\"s1\">Spiediet <\/span><b>8\u201312 sekundes<\/b><span class=\"s1\"> ar <\/span><b>vid\u0113ju spiedienu<\/b><b><\/b><\/p>\n<\/li>\n<li>\n<p class=\"p1\">Gludin\u0101\u0161ana j\u0101veic <span class=\"s1\"><b>ar sp\u012bd\u012bgo pusi uz aug\u0161u<\/b><\/span> (neizmantojiet tvaika gludekli)<\/p>\n<\/li>\n<li>\n<p class=\"p1\"><span class=\"s1\">Vienm\u0113r\u012bgi sadaliet karstumu un <\/span><b>p\u0101rliecinieties, ka viss dizains ir p\u0101rnests<\/b><b><\/b><\/p>\n<\/li>\n<li>\n<p class=\"p1\">\u013baujiet dizainam <span class=\"s1\"><b>atdzist<\/b><\/span>, p\u0113c tam uzman\u012bgi <span class=\"s1\"><b>no\u0146emiet p\u0101rneses pl\u0113vi<\/b><\/span><\/p>\n<\/li>\n<\/ul>\n<\/li>\n<\/ol>\n<p class=\"p4\"><b>P\u0101rsteidz ar dizainiem, kas main\u0101s kust\u012bb\u0101!<\/b><b><\/b><\/p>\n<p class=\"p3\">Glam\u016brs, notur\u012bba un vienk\u0101r\u0161a lieto\u0161ana \u2013 tas viss vien\u0101 rull\u012b ar TeckWrap Craft <span class=\"s2\"><b>Hameleona termopl\u0113vi<\/b><\/span>.<\/p>\n<div style=\"text-align: center;\"><img decoding=\"async\" style=\"float: none;\" src=\"https:\/\/balticvinyl.com\/wp-content\/uploads\/2023\/11\/10_71ee96be-e243-4fe5-bd41-dffe5801392e_large.jpg?v=1567668349\" alt=\"Chameleon Heat Transfer Vinyl\" \/><\/div>\n<div style=\"text-align: center;\"><img decoding=\"async\" style=\"float: none;\" src=\"https:\/\/balticvinyl.com\/wp-content\/uploads\/2023\/11\/60_large.jpg?v=1567668399\" alt=\"Chameleon Heat Transfer Vinyl\" \/><\/div>\n<div style=\"text-align: center;\"><img decoding=\"async\" style=\"float: none;\" src=\"https:\/\/balticvinyl.com\/wp-content\/uploads\/2023\/11\/61_large.jpg?v=1567668420\" alt=\"Chameleon Heat Transfer Vinyl\" \/><\/div>\n<div style=\"text-align: center;\"><img decoding=\"async\" style=\"float: none;\" src=\"https:\/\/balticvinyl.com\/wp-content\/uploads\/2023\/11\/63_large.jpg?v=1567668443\" alt=\"Chameleon Heat Transfer Vinyl\" \/><\/div>\n<div style=\"text-align: center;\"><img decoding=\"async\" style=\"float: none;\" src=\"https:\/\/balticvinyl.com\/wp-content\/uploads\/2023\/11\/64_large.jpg?v=1567668466\" alt=\"Chameleon Heat Transfer Vinyl\" \/><\/div>\n","protected":false},"excerpt":{"rendered":"<p>Apraksts Atkl\u0101j sev\u012b m\u0101kslinieku ar m\u016bsu burv\u012bgi main\u012bgo Hameleona termopl\u0113vi! Veido mirdzo\u0161us uzrakstus, rakstus, logotipus un formas, kas maina kr\u0101su atkar\u012bb\u0101 no ap\u0123\u0113rba kust\u012bbas, pie\u0161\u0137irot katram dizainam dinamisku dz\u012bv\u012bgumu. \u0160\u012b pl\u0113ve ir ne tikai vizu\u0101li iespaid\u012bga, bet ar\u012b iztur\u012bga un daudzpus\u012bga, \u013caujot izveidot piel\u0101gotus dizainus priek\u0161autiem, som\u0101m, cepur\u0113m, spilvendr\u0101n\u0101m un pat auduma sienas dekor\u0101cij\u0101m. T\u0101 [&hellip;]<\/p>\n","protected":false},"featured_media":77591415052550,"template":"","meta":[],"product_brand":[],"product_cat":[3187,878,176],"product_tag":[750],"class_list":{"0":"post-77591415045666","1":"product","2":"type-product","3":"status-publish","4":"has-post-thumbnail","6":"product_cat-izpardosana","7":"product_cat-all-htv","8":"product_cat-all_products","9":"product_tag-la-htv","11":"first","12":"instock","13":"sale","14":"taxable","15":"shipping-taxable","16":"purchasable","17":"product-type-variable","18":"has-default-attributes"},"supplier_id":null,"supplier_sku":"","barcode":null,"atum_controlled":true,"out_stock_date":null,"out_stock_threshold":null,"inheritable":true,"inbound_stock":0,"stock_on_hold":0,"sold_today":0,"sales_last_days":0,"reserved_stock":0,"customer_returns":0,"warehouse_damage":0,"lost_in_post":0,"other_logs":0,"out_stock_days":0,"lost_sales":0,"has_location":false,"update_date":"2026-05-14T00:07:03","atum_locations":[],"atum_stock_status":"instock","restock_status":false,"low_stock_amount":"","sales_update_date":"2026-05-14T00:07:03","calc_backorders":null,"_links":{"self":[{"href":"https:\/\/balticvinyl.com\/lv\/wp-json\/wp\/v2\/product\/77591415045666","targetHints":{"allow":["GET"]}}],"collection":[{"href":"https:\/\/balticvinyl.com\/lv\/wp-json\/wp\/v2\/product"}],"about":[{"href":"https:\/\/balticvinyl.com\/lv\/wp-json\/wp\/v2\/types\/product"}],"version-history":[{"count":2,"href":"https:\/\/balticvinyl.com\/lv\/wp-json\/wp\/v2\/product\/77591415045666\/revisions"}],"predecessor-version":[{"id":77591415052551,"href":"https:\/\/balticvinyl.com\/lv\/wp-json\/wp\/v2\/product\/77591415045666\/revisions\/77591415052551"}],"wp:featuredmedia":[{"embeddable":true,"href":"https:\/\/balticvinyl.com\/lv\/wp-json\/wp\/v2\/media\/77591415052550"}],"wp:attachment":[{"href":"https:\/\/balticvinyl.com\/lv\/wp-json\/wp\/v2\/media?parent=77591415045666"}],"wp:term":[{"taxonomy":"product_brand","embeddable":true,"href":"https:\/\/balticvinyl.com\/lv\/wp-json\/wp\/v2\/product_brand?post=77591415045666"},{"taxonomy":"product_cat","embeddable":true,"href":"https:\/\/balticvinyl.com\/lv\/wp-json\/wp\/v2\/product_cat?post=77591415045666"},{"taxonomy":"product_tag","embeddable":true,"href":"https:\/\/balticvinyl.com\/lv\/wp-json\/wp\/v2\/product_tag?post=77591415045666"}],"curies":[{"name":"wp","href":"https:\/\/api.w.org\/{rel}","templated":true}]}}