{"id":77591415045411,"date":"2023-11-20T14:31:33","date_gmt":"2023-11-20T11:31:33","guid":{"rendered":"https:\/\/balticvinyl.com\/product\/001m-series-5ft-adhesive-craft-vinyl-matte\/"},"modified":"2026-04-05T11:18:13","modified_gmt":"2026-04-05T08:18:13","slug":"001m-series-5ft-adhesive-craft-vinyl-matte-2","status":"publish","type":"product","link":"https:\/\/balticvinyl.com\/lv\/product\/001m-series-5ft-adhesive-craft-vinyl-matte-2\/","title":{"rendered":"001M s\u0113rijas l\u012bmpl\u0113ve (mat\u0113ta)"},"content":{"rendered":"<p class=\"p1\">M\u016bsu <span class=\"s1\"><b>001M s\u0113rijas mat\u0113t\u0101 l\u012bmpl\u0113ve<\/b><\/span> ir ide\u0101li piem\u0113rota visiem Taviem \u201cdari pats\u201d projektiem. Izv\u0113lies no 27 skaist\u0101m kr\u0101s\u0101m un izveido vinila uzl\u012bmes, dizainus un grafikas, kas piesaista skatienus. Mat\u0113t\u0101 virsma pie\u0161\u0137ir darbiem profesion\u0101lu un elegantu izskatu.<\/p>\n<p class=\"p1\">\u0160\u012b vinila materi\u0101la <span class=\"s1\"><b>ultra-pl\u0101n\u0101 un m\u012bkst\u0101 strukt\u016bra<\/b><\/span> \u013cauj viegli izgriezt jebk\u0101du formu vai le\u0146\u0137i, un to ir \u0113rti apstr\u0101d\u0101t pat viss\u012bk\u0101kaj\u0101s deta\u013c\u0101s. Lieliski piem\u0113rota <span class=\"s1\"><b>sienu un logu dekor\u0101cij\u0101m<\/b><\/span>, gr\u0101matu v\u0101kiem, baneru dizainiem, kr\u016bz\u0113m un skr\u0101p\u0113\u0161anas m\u0101kslai.<\/p>\n<p class=\"p1\">L\u012bmpl\u0113ves kr\u0101sas ir iztur\u012bgas un \u016bdensnotur\u012bgas, padarot Tavu dizainu ilgnotur\u012bgu un spilgtu.<\/p>\n<p class=\"p4\"><b>\u012apa\u0161\u012bbas:<\/b><b><\/b><\/p>\n<ul>\n<li>\n<p class=\"p1\"><span class=\"s1\">Izm\u0113rs: <\/span><b>0.3 x 1.5 m<\/b><b><\/b><\/p>\n<\/li>\n<li>\n<p class=\"p1\">TWC logotips uz aizsargpap\u012bra \/ Pirms grie\u0161anas no\u0146em pienaini balto aizsargpl\u0113vi<\/p>\n<\/li>\n<li>\n<p class=\"p1\"><span class=\"s1\"><b>Mat\u0113ta<\/b><\/span> virsma<\/p>\n<\/li>\n<li>\n<p class=\"p1\"><span class=\"s1\">Pieejamas <\/span><b>27 unik\u0101las kr\u0101sas<\/b><b><\/b><\/p>\n<\/li>\n<li>\n<p class=\"p1\">M\u012bksts, ultra-pl\u0101ns un elast\u012bgs materi\u0101ls<\/p>\n<\/li>\n<li>\n<p class=\"p1\">Viegla un prec\u012bza apstr\u0101de bez liek\u0101m deta\u013c\u0101m<\/p>\n<\/li>\n<li>\n<p class=\"p1\">Gluda uzkl\u0101\u0161ana bez burbu\u013ciem vai krok\u0101m<\/p>\n<\/li>\n<li>\n<p class=\"p1\">Ide\u0101li piem\u0113rota: sienas uzl\u012bm\u0113m, logu grafik\u0101m, automa\u0161\u012bnu spogu\u013ciem, izk\u0101rtn\u0113m, kl\u0113pjdatoru uzl\u012bm\u0113m, scrapbooking darbiem, kr\u016bz\u0113m un tas\u012bt\u0113m<\/p>\n<\/li>\n<li>\n<p class=\"p1\">Saudz\u012bga virsmai<\/p>\n<\/li>\n<li>\n<p class=\"p1\">Sader\u012bga ar vis\u0101m popul\u0101r\u0101kaj\u0101m grie\u0161anas iek\u0101rt\u0101m un vinila ploteriem<\/p>\n<\/li>\n<\/ul>\n<section id=\"shopify-section-template--16183371268247__main\" class=\"shopify-section section\">\n<section id=\"MainProduct-template--16183371268247__main\" class=\"page-width section-template--16183371268247__main-padding\" data-section=\"template--16183371268247__main\">\n<div class=\"product product--small product--left product--thumbnail_slider product--mobile-hide grid grid--1-col grid--2-col-tablet\">\n<div class=\"product__info-wrapper grid__item scroll-trigger animate--slide-in\">\n<div class=\"product__description rte quick-add-hidden\">\n<ul>\n<li><img decoding=\"async\" src=\"https:\/\/cdn.shopify.com\/s\/files\/1\/0611\/3578\/2039\/files\/1_9378824c-d485-4c1c-ba15-0d214691599c.jpg?v=1733306285\" alt=\"\" \/><img decoding=\"async\" src=\"https:\/\/cdn.shopify.com\/s\/files\/1\/0611\/3578\/2039\/files\/2_aaa43357-5369-4239-b5a2-06062e6cf2ad.jpg?v=1733306285\" alt=\"\" \/><img decoding=\"async\" src=\"https:\/\/cdn.shopify.com\/s\/files\/1\/0611\/3578\/2039\/files\/3_add58d61-3053-4541-b9f6-9eb7d871ab89.jpg?v=1733306285\" alt=\"\" \/><img decoding=\"async\" src=\"https:\/\/cdn.shopify.com\/s\/files\/1\/0611\/3578\/2039\/files\/4_ab9270c7-531a-409e-a1f4-c19224862a04.jpg?v=1733306286\" alt=\"\" \/><img decoding=\"async\" src=\"https:\/\/cdn.shopify.com\/s\/files\/1\/0611\/3578\/2039\/files\/5_a102549a-ec94-439b-9029-ccaf3c1c21cc.jpg?v=1733306285\" alt=\"\" \/><img decoding=\"async\" src=\"https:\/\/cdn.shopify.com\/s\/files\/1\/0611\/3578\/2039\/files\/6_a523c664-911e-40e0-8bc7-1eb2b8d52e13.jpg?v=1733306286\" alt=\"\" \/><\/li>\n<\/ul>\n<\/div>\n<\/div>\n<\/div>\n<\/section>\n<\/section>\n<section id=\"shopify-section-template--16183371268247__related-products\" class=\"shopify-section section\">\n<div class=\"color-background-1 gradient no-js-hidden\"><\/div>\n<\/section>\n","protected":false},"excerpt":{"rendered":"<p>M\u016bsu 001M s\u0113rijas mat\u0113t\u0101 l\u012bmpl\u0113ve ir ide\u0101li piem\u0113rota visiem Taviem \u201cdari pats\u201d projektiem. Izv\u0113lies no 27 skaist\u0101m kr\u0101s\u0101m un izveido vinila uzl\u012bmes, dizainus un grafikas, kas piesaista skatienus. Mat\u0113t\u0101 virsma pie\u0161\u0137ir darbiem profesion\u0101lu un elegantu izskatu. \u0160\u012b vinila materi\u0101la ultra-pl\u0101n\u0101 un m\u012bkst\u0101 strukt\u016bra \u013cauj viegli izgriezt jebk\u0101du formu vai le\u0146\u0137i, un to ir \u0113rti apstr\u0101d\u0101t [&hellip;]<\/p>\n","protected":false},"featured_media":77591415046110,"template":"","meta":[],"product_brand":[],"product_cat":[832,848,176],"product_tag":[692,716],"class_list":{"0":"post-77591415045411","1":"product","2":"type-product","3":"status-publish","4":"has-post-thumbnail","6":"product_cat-matte-glossy","7":"product_cat-all-craft-vinyl","8":"product_cat-all_products","9":"product_tag-001-series","10":"product_tag-la-matte","12":"first","13":"instock","14":"taxable","15":"shipping-taxable","16":"purchasable","17":"product-type-variable","18":"has-default-attributes"},"supplier_id":null,"supplier_sku":"","barcode":null,"atum_controlled":true,"out_stock_date":null,"out_stock_threshold":null,"inheritable":true,"inbound_stock":0,"stock_on_hold":0,"sold_today":0,"sales_last_days":0,"reserved_stock":0,"customer_returns":0,"warehouse_damage":0,"lost_in_post":0,"other_logs":0,"out_stock_days":0,"lost_sales":0,"has_location":false,"update_date":"2026-04-17T00:38:55","atum_locations":[],"atum_stock_status":"instock","restock_status":false,"low_stock_amount":"","sales_update_date":"2026-04-17T00:38:55","calc_backorders":null,"_links":{"self":[{"href":"https:\/\/balticvinyl.com\/lv\/wp-json\/wp\/v2\/product\/77591415045411","targetHints":{"allow":["GET"]}}],"collection":[{"href":"https:\/\/balticvinyl.com\/lv\/wp-json\/wp\/v2\/product"}],"about":[{"href":"https:\/\/balticvinyl.com\/lv\/wp-json\/wp\/v2\/types\/product"}],"version-history":[{"count":3,"href":"https:\/\/balticvinyl.com\/lv\/wp-json\/wp\/v2\/product\/77591415045411\/revisions"}],"predecessor-version":[{"id":77591415052545,"href":"https:\/\/balticvinyl.com\/lv\/wp-json\/wp\/v2\/product\/77591415045411\/revisions\/77591415052545"}],"wp:featuredmedia":[{"embeddable":true,"href":"https:\/\/balticvinyl.com\/lv\/wp-json\/wp\/v2\/media\/77591415046110"}],"wp:attachment":[{"href":"https:\/\/balticvinyl.com\/lv\/wp-json\/wp\/v2\/media?parent=77591415045411"}],"wp:term":[{"taxonomy":"product_brand","embeddable":true,"href":"https:\/\/balticvinyl.com\/lv\/wp-json\/wp\/v2\/product_brand?post=77591415045411"},{"taxonomy":"product_cat","embeddable":true,"href":"https:\/\/balticvinyl.com\/lv\/wp-json\/wp\/v2\/product_cat?post=77591415045411"},{"taxonomy":"product_tag","embeddable":true,"href":"https:\/\/balticvinyl.com\/lv\/wp-json\/wp\/v2\/product_tag?post=77591415045411"}],"curies":[{"name":"wp","href":"https:\/\/api.w.org\/{rel}","templated":true}]}}