{"id":77591415045315,"date":"2023-11-20T14:31:12","date_gmt":"2023-11-20T11:31:12","guid":{"rendered":"https:\/\/balticvinyl.com\/product\/001g-series-5ft-craft-vinyl-glossy\/"},"modified":"2026-03-23T11:31:21","modified_gmt":"2026-03-23T08:31:21","slug":"001g-series-5ft-craft-vinyl-glossy","status":"publish","type":"product","link":"https:\/\/balticvinyl.com\/lv\/product\/001g-series-5ft-craft-vinyl-glossy\/","title":{"rendered":"001G s\u0113rijas l\u012bmpl\u0113ve (glanc\u0113ta)"},"content":{"rendered":"<p class=\"p1\">Sagatavojies glanc\u0113t\u0101kajam un stil\u012bg\u0101kajam vinila materi\u0101lam Taviem rado\u0161ajiem projektiem! M\u016bsu <span class=\"s1\"><b>001G s\u0113rijas glanc\u0113t\u0101 l\u012bmpl\u0113ve<\/b><\/span> ir viena no izcil\u0101kaj\u0101m 001 s\u0113rijas pl\u0113v\u0113m. Sp\u012bd\u012bga, ultra-pl\u0101na un pat\u012bkama piesk\u0101rienam \u2014 \u0161\u012b l\u012bmpl\u0113ve ir lieliski piem\u0113rota kr\u016b\u017eu dizainiem, sienu un logu grafik\u0101m, izk\u0101rtn\u0113m, gr\u0101matu v\u0101kiem un scrapbooking darbiem.<\/p>\n<p class=\"p1\">Radi spilgtas un aizraujo\u0161as uzl\u012bmes, dizainus un grafikas da\u017e\u0101dos roz\u0101, zilajos un za\u013cajos to\u0146os. \u0160o amatniec\u012bbas l\u012bmpl\u0113vi ir viegli griezt un apstr\u0101d\u0101t jebkur\u0101 v\u0113lamaj\u0101 form\u0101. <span class=\"s1\"><b>Glanc\u0113t\u0101 virsma<\/b><\/span> padara katru kr\u0101su spilgtu un paman\u0101mu, nodro\u0161inot neaizmirstamu vizu\u0101lo efektu. L\u012bmpl\u0113ve viegli atdal\u0101s no aizsargpap\u012bra, nodro\u0161inot gludu un bezburbu\u013cu uzkl\u0101\u0161anu.<\/p>\n<p class=\"p4\"><b>\u012apa\u0161\u012bbas:<\/b><b><\/b><\/p>\n<ul>\n<li>\n<p class=\"p1\"><span class=\"s1\"><b>Izm\u0113rs:<\/b><\/span> 0.3 x 1.5 m<\/p>\n<\/li>\n<li>\n<p class=\"p1\"><span class=\"s1\"><b>TWC logotips<\/b><\/span> uz aizsargpap\u012bra \/ No\u0146em aizsargpl\u0113vi pirms grie\u0161anas<\/p>\n<\/li>\n<li>\n<p class=\"p1\"><span class=\"s1\">\u012apa\u0161i <\/span><b>iztur\u012bga<\/b><b><\/b><\/p>\n<\/li>\n<li>\n<p class=\"p1\"><b>Glanc\u0113ta<\/b><span class=\"s1\"> virsma<\/span><\/p>\n<\/li>\n<li>\n<p class=\"p1\"><span class=\"s1\">Pieejamas <\/span><b>27 augstas kvalit\u0101tes kr\u0101sas<\/b><b><\/b><\/p>\n<\/li>\n<li>\n<p class=\"p1\">Past\u0101v\u012bga l\u012bme<\/p>\n<\/li>\n<li>\n<p class=\"p1\">M\u012bksta, ultra-pl\u0101na un elast\u012bga strukt\u016bra<\/p>\n<\/li>\n<li>\n<p class=\"p1\">Viegla, prec\u012bza un bezlieka apstr\u0101de<\/p>\n<\/li>\n<li>\n<p class=\"p1\"><span class=\"s1\">Gluda, <\/span><b>krokas un burbu\u013cus neizraiso\u0161a uzkl\u0101\u0161ana<\/b><b><\/b><\/p>\n<\/li>\n<li>\n<p class=\"p1\">Piem\u0113rota sienas uzl\u012bm\u0113m, logu grafik\u0101m, auto spogu\u013ciem, izk\u0101rtn\u0113m, kl\u0113pjdatoriem, scrapbooking darbiem, kr\u016bz\u0113m un tas\u012bt\u0113m<\/p>\n<\/li>\n<li>\n<p class=\"p1\"><b>Saudz\u012bga virsmai<\/b><b><\/b><\/p>\n<\/li>\n<li>\n<p class=\"p1\"><span class=\"s1\">Sader\u012bga ar vis\u0101m popul\u0101r\u0101kaj\u0101m <\/span><b>amatniec\u012bbas grie\u0161anas ier\u012bc\u0113m un ploteriem<\/b><\/p>\n<\/li>\n<\/ul>\n<p><img decoding=\"async\" src=\"https:\/\/cdn.shopify.com\/s\/files\/1\/0611\/3578\/2039\/files\/1_f2879363-75a4-4e38-8846-75e578347f83.jpg?v=1733306175\" alt=\"\" \/><img decoding=\"async\" src=\"https:\/\/cdn.shopify.com\/s\/files\/1\/0611\/3578\/2039\/files\/2_efc91109-ab12-42c5-b859-b204021bd54d.jpg?v=1733306175\" alt=\"\" \/><img decoding=\"async\" src=\"https:\/\/cdn.shopify.com\/s\/files\/1\/0611\/3578\/2039\/files\/3_7c078880-d93f-4e26-9848-ac4d6b9c13f6.jpg?v=1733306175\" alt=\"\" \/><img decoding=\"async\" src=\"https:\/\/cdn.shopify.com\/s\/files\/1\/0611\/3578\/2039\/files\/4_cdca91b1-a7fb-4c37-9b5f-5da08d26b096.jpg?v=1733306175\" alt=\"\" \/><img decoding=\"async\" src=\"https:\/\/cdn.shopify.com\/s\/files\/1\/0611\/3578\/2039\/files\/5_b6c5cfde-9154-4e71-8d85-afa293ed945e.jpg?v=1733306175\" alt=\"\" \/><img decoding=\"async\" src=\"https:\/\/cdn.shopify.com\/s\/files\/1\/0611\/3578\/2039\/files\/6_e5e04919-f3ca-40b8-8d37-27c19148126b.jpg?v=1733306175\" alt=\"\" \/><\/p>\n","protected":false},"excerpt":{"rendered":"<p>Sagatavojies glanc\u0113t\u0101kajam un stil\u012bg\u0101kajam vinila materi\u0101lam Taviem rado\u0161ajiem projektiem! M\u016bsu 001G s\u0113rijas glanc\u0113t\u0101 l\u012bmpl\u0113ve ir viena no izcil\u0101kaj\u0101m 001 s\u0113rijas pl\u0113v\u0113m. Sp\u012bd\u012bga, ultra-pl\u0101na un pat\u012bkama piesk\u0101rienam \u2014 \u0161\u012b l\u012bmpl\u0113ve ir lieliski piem\u0113rota kr\u016b\u017eu dizainiem, sienu un logu grafik\u0101m, izk\u0101rtn\u0113m, gr\u0101matu v\u0101kiem un scrapbooking darbiem. Radi spilgtas un aizraujo\u0161as uzl\u012bmes, dizainus un grafikas da\u017e\u0101dos roz\u0101, zilajos [&hellip;]<\/p>\n","protected":false},"featured_media":77591415052109,"template":"","meta":[],"product_brand":[],"product_cat":[832,848,176],"product_tag":[712,692,714],"class_list":{"0":"post-77591415045315","1":"product","2":"type-product","3":"status-publish","4":"has-post-thumbnail","6":"product_cat-matte-glossy","7":"product_cat-all-craft-vinyl","8":"product_cat-all_products","9":"product_tag-712","10":"product_tag-001-series","11":"product_tag-la-glossy","13":"first","14":"instock","15":"taxable","16":"shipping-taxable","17":"purchasable","18":"product-type-variable","19":"has-default-attributes"},"supplier_id":null,"supplier_sku":"","barcode":null,"atum_controlled":true,"out_stock_date":null,"out_stock_threshold":null,"inheritable":true,"inbound_stock":0,"stock_on_hold":0,"sold_today":0,"sales_last_days":0,"reserved_stock":0,"customer_returns":0,"warehouse_damage":0,"lost_in_post":0,"other_logs":0,"out_stock_days":0,"lost_sales":0,"has_location":false,"update_date":"2026-04-22T00:57:21","atum_locations":[],"atum_stock_status":"instock","restock_status":false,"low_stock_amount":"","sales_update_date":"2026-04-22T00:57:21","calc_backorders":null,"_links":{"self":[{"href":"https:\/\/balticvinyl.com\/lv\/wp-json\/wp\/v2\/product\/77591415045315","targetHints":{"allow":["GET"]}}],"collection":[{"href":"https:\/\/balticvinyl.com\/lv\/wp-json\/wp\/v2\/product"}],"about":[{"href":"https:\/\/balticvinyl.com\/lv\/wp-json\/wp\/v2\/types\/product"}],"version-history":[{"count":3,"href":"https:\/\/balticvinyl.com\/lv\/wp-json\/wp\/v2\/product\/77591415045315\/revisions"}],"predecessor-version":[{"id":77591415051996,"href":"https:\/\/balticvinyl.com\/lv\/wp-json\/wp\/v2\/product\/77591415045315\/revisions\/77591415051996"}],"wp:featuredmedia":[{"embeddable":true,"href":"https:\/\/balticvinyl.com\/lv\/wp-json\/wp\/v2\/media\/77591415052109"}],"wp:attachment":[{"href":"https:\/\/balticvinyl.com\/lv\/wp-json\/wp\/v2\/media?parent=77591415045315"}],"wp:term":[{"taxonomy":"product_brand","embeddable":true,"href":"https:\/\/balticvinyl.com\/lv\/wp-json\/wp\/v2\/product_brand?post=77591415045315"},{"taxonomy":"product_cat","embeddable":true,"href":"https:\/\/balticvinyl.com\/lv\/wp-json\/wp\/v2\/product_cat?post=77591415045315"},{"taxonomy":"product_tag","embeddable":true,"href":"https:\/\/balticvinyl.com\/lv\/wp-json\/wp\/v2\/product_tag?post=77591415045315"}],"curies":[{"name":"wp","href":"https:\/\/api.w.org\/{rel}","templated":true}]}}