{"id":77591415052300,"date":"2025-11-12T00:26:52","date_gmt":"2025-11-11T21:26:52","guid":{"rendered":"https:\/\/balticvinyl.com\/?post_type=product&#038;p=77591415052300"},"modified":"2026-04-26T12:11:55","modified_gmt":"2026-04-26T09:11:55","slug":"pu-termopleve","status":"publish","type":"product","link":"https:\/\/balticvinyl.com\/en\/product\/pu-termopleve\/","title":{"rendered":"PU HTV"},"content":{"rendered":"<h3><b>Description<\/b><\/h3>\n<p class=\"p3\">Modini komandas garu un stilu ar TeckWrap Craft <span class=\"s2\"><b>PU termopl\u0113vi<\/b><\/span> \u2014 ide\u0101lu risin\u0101jumu gan klasiskai, gan neona kr\u0101su apdrukai uz komandu krekliem, aksesu\u0101riem vai sporta ap\u0123\u0113rba.<\/p>\n<p class=\"p3\">\u0160\u012b <span class=\"s2\"><b>glud\u0101 un sp\u012bd\u012bg\u0101 termopl\u0113ve<\/b><\/span> \u013cauj izgriezt jebk\u0101das formas, burtus, lo\u0123otipus un dizainus ar precizit\u0101ti. T\u0101 ir <span class=\"s2\"><b>pl\u0101na un elast\u012bga<\/b><\/span>, t\u0101p\u0113c lieliski piegu\u013c kokvilnas audumam, radot iestr\u0101d\u0101tu izskatu.<\/p>\n<p class=\"p3\">Pateicoties augstajai iztur\u012bbai un <span class=\"s2\"><b>\u016bdensdro\u0161ajai sa\u0137erei<\/b><\/span>, \u0161\u012b termopl\u0113ve ir ide\u0101li piem\u0113rota ar\u012b intens\u012bvai lieto\u0161anai \u2013 gan sporta, gan ikdienas vajadz\u012bb\u0101m. T\u0101 ir <span class=\"s2\">viegl\u0101k grie\u017eama un<\/span>\u00a0savietojama ar liel\u0101ko da\u013cu ploteru.<\/p>\n<p class=\"p3\">Pieejama <span class=\"s2\"><b>8 p\u0101rsteidzo\u0161\u0101s kr\u0101s\u0101s<\/b><\/span>\u00a0\u2013 \u012bstais risin\u0101jums personaliz\u0113tiem krekliem, som\u0101m, priek\u0161autiem, spilvendr\u0101n\u0101m un citiem DIY projektiem.<\/p>\n<h3><b>Features<\/b><\/h3>\n<ul>\n<li>\n<p class=\"p1\"><span class=\"s1\"><b>Size<\/b><\/span> 0.3 m \u00d7 1.55 m<\/p>\n<\/li>\n<li>\n<p class=\"p1\"><span class=\"s1\"><b>Colors:<\/b><\/span> Pieejamas 8 kr\u0101sas<\/p>\n<\/li>\n<li>\n<p class=\"p1\"><span class=\"s1\"><b>Materi\u0101ls:<\/b><\/span> 100% poliuret\u0101ns (PU)<\/p>\n<\/li>\n<li>\n<p class=\"p1\"><b>Strukt\u016bra:<\/b><b><\/b><\/p>\n<p class=\"p2\">\u2022 Pl\u0101ns un izstiepjams, k\u0101 \u201cotra \u0101da\u201d uz ap\u0123\u0113rba<\/p>\n<p class=\"p2\">\u2022 \u013boti iztur\u012bgs un elast\u012bgs \u2013 piem\u0113rots ilgsto\u0161ai lieto\u0161anai<\/p>\n<p class=\"p2\">\u2022 \u016adensiztur\u012bga l\u012bme \u2014 nemazg\u0101jas \u0101r\u0101<\/p>\n<p class=\"p2\">\u2022 Draudz\u012bgs kokvilnas un l\u012bdz\u012bgiem gludiem audumiem<\/p>\n<p class=\"p2\">\u2022 Viegla un efekt\u012bva apstr\u0101de ar termopresi vai gludekli<\/p>\n<p class=\"p2\">\u2022 Piem\u0113rots ar\u012b smalk\u0101m deta\u013c\u0101m un kont\u016br\u0101m (neziedojas)<\/p>\n<\/li>\n<\/ul>\n<h3><b>Lietojuma piem\u0113ri<\/b><\/h3>\n<ul>\n<li>\n<p class=\"p1\">Komandu T-krekli un sporta ap\u0123\u0113rbs<\/p>\n<\/li>\n<li>\n<p class=\"p1\">Priek\u0161auti, somas, cepures<\/p>\n<\/li>\n<li>\n<p class=\"p1\">Spilvendr\u0101nas, gultasve\u013ca, m\u0101jas tekstils<\/p>\n<\/li>\n<li>\n<p class=\"p1\">Modes aksesu\u0101ri un personaliz\u0113tas d\u0101vanas<\/p>\n<\/li>\n<\/ul>\n<p><img decoding=\"async\" src=\"https:\/\/cdn.shopify.com\/s\/files\/1\/0611\/3578\/2039\/files\/1_8a379517-d391-45f4-b24d-069e428e2ea5.jpg?v=1722323040\" alt=\"\" \/><img decoding=\"async\" src=\"https:\/\/cdn.shopify.com\/s\/files\/1\/0611\/3578\/2039\/files\/PU_HTV.jpg?v=1739263927\" alt=\"\" \/><img decoding=\"async\" src=\"https:\/\/cdn.shopify.com\/s\/files\/1\/0611\/3578\/2039\/files\/3_4de7fc97-5e29-472a-9bbc-97be6d3afd4e.jpg?v=1722323037\" alt=\"\" \/><img decoding=\"async\" src=\"https:\/\/cdn.shopify.com\/s\/files\/1\/0611\/3578\/2039\/files\/4_0616d316-ac11-41bf-b088-6218d456b275.jpg?v=1722323041\" alt=\"\" \/><img decoding=\"async\" src=\"https:\/\/cdn.shopify.com\/s\/files\/1\/0611\/3578\/2039\/files\/5_ba4f7024-ed2a-4783-9314-8de45fa8b24a.jpg?v=1722323038\" alt=\"\" \/><img decoding=\"async\" src=\"https:\/\/cdn.shopify.com\/s\/files\/1\/0611\/3578\/2039\/files\/6_569491cf-2db7-4bfd-9f8a-a2e16c2868d2.jpg?v=1722323040\" alt=\"\" \/><\/p>","protected":false},"excerpt":{"rendered":"<p>Apraksts Modini komandas garu un stilu ar TeckWrap Craft PU termopl\u0113vi \u2014 ide\u0101lu risin\u0101jumu gan klasiskai, gan neona kr\u0101su apdrukai uz komandu krekliem, aksesu\u0101riem vai sporta ap\u0123\u0113rba. \u0160\u012b glud\u0101 un sp\u012bd\u012bg\u0101 termopl\u0113ve \u013cauj izgriezt jebk\u0101das formas, burtus, lo\u0123otipus un dizainus ar precizit\u0101ti. T\u0101 ir pl\u0101na un elast\u012bga, t\u0101p\u0113c lieliski piegu\u013c kokvilnas audumam, radot iestr\u0101d\u0101tu izskatu. [&hellip;]<\/p>\n","protected":false},"featured_media":77591415052316,"template":"","meta":[],"product_brand":[],"product_cat":[878],"product_tag":[],"class_list":{"0":"post-77591415052300","1":"product","2":"type-product","3":"status-publish","4":"has-post-thumbnail","6":"product_cat-all-htv","8":"first","9":"instock","10":"taxable","11":"shipping-taxable","12":"purchasable","13":"product-type-variable","14":"has-default-attributes"},"supplier_id":null,"supplier_sku":"","barcode":null,"atum_controlled":true,"out_stock_date":null,"out_stock_threshold":null,"inheritable":true,"inbound_stock":0,"stock_on_hold":0,"sold_today":0,"sales_last_days":1,"reserved_stock":0,"customer_returns":0,"warehouse_damage":0,"lost_in_post":0,"other_logs":0,"out_stock_days":0,"lost_sales":0,"has_location":false,"update_date":"2026-04-27T01:31:57","atum_locations":[],"atum_stock_status":"instock","restock_status":false,"low_stock_amount":"","sales_update_date":"2026-04-27T01:31:57","calc_backorders":null,"_links":{"self":[{"href":"https:\/\/balticvinyl.com\/en\/wp-json\/wp\/v2\/product\/77591415052300","targetHints":{"allow":["GET"]}}],"collection":[{"href":"https:\/\/balticvinyl.com\/en\/wp-json\/wp\/v2\/product"}],"about":[{"href":"https:\/\/balticvinyl.com\/en\/wp-json\/wp\/v2\/types\/product"}],"version-history":[{"count":4,"href":"https:\/\/balticvinyl.com\/en\/wp-json\/wp\/v2\/product\/77591415052300\/revisions"}],"predecessor-version":[{"id":77591415052321,"href":"https:\/\/balticvinyl.com\/en\/wp-json\/wp\/v2\/product\/77591415052300\/revisions\/77591415052321"}],"wp:featuredmedia":[{"embeddable":true,"href":"https:\/\/balticvinyl.com\/en\/wp-json\/wp\/v2\/media\/77591415052316"}],"wp:attachment":[{"href":"https:\/\/balticvinyl.com\/en\/wp-json\/wp\/v2\/media?parent=77591415052300"}],"wp:term":[{"taxonomy":"product_brand","embeddable":true,"href":"https:\/\/balticvinyl.com\/en\/wp-json\/wp\/v2\/product_brand?post=77591415052300"},{"taxonomy":"product_cat","embeddable":true,"href":"https:\/\/balticvinyl.com\/en\/wp-json\/wp\/v2\/product_cat?post=77591415052300"},{"taxonomy":"product_tag","embeddable":true,"href":"https:\/\/balticvinyl.com\/en\/wp-json\/wp\/v2\/product_tag?post=77591415052300"}],"curies":[{"name":"wp","href":"https:\/\/api.w.org\/{rel}","templated":true}]}}