{"id":77591415052114,"date":"2025-07-09T12:55:07","date_gmt":"2025-07-09T09:55:07","guid":{"rendered":"https:\/\/balticvinyl.com\/?post_type=product&#038;p=77591415052114"},"modified":"2025-11-26T22:55:35","modified_gmt":"2025-11-26T19:55:35","slug":"medium-tack-versatape","status":"publish","type":"product","link":"https:\/\/balticvinyl.com\/en\/product\/medium-tack-versatape\/","title":{"rendered":"TeckWrap VersaTape Transfer Tape"},"content":{"rendered":"<p class=\"p1 translation-block\">Transfer tape with high precision and versatility \u2013 meet <span class=\"s1\"><b>TeckWrap Versa Tape<\/b><\/span>, your trusted solution for clean, high-quality vinyl transfers.<\/p>\n<p class=\"p1 translation-block\">\u2714 <span class=\"s1\"><b>Clean removal:<\/b><\/span> Leaves no adhesive residue and maintains the shape of the design.<\/p>\n<p class=\"p1 translation-block\">\u2714 <span class=\"s1\"><b>Thermal printing compatible:<\/b><\/span> Also suitable for some thermal printing applications.<\/p>\n<p class=\"p1 translation-block\">\u2714 <span class=\"s1\"><b>High-quality PET material:<\/b><\/span> Durable, transparent film with a smooth PET coating for easier use.<\/p>\n<p class=\"p1 translation-block\">\u2714 <span class=\"s1\"><b>With grid lines:<\/b><\/span> Helps align your design precisely.<\/p>\n<p class=\"p1 translation-block\">\u2714 <span class=\"s1\"><b>Wide Compatibility:<\/b><\/span> Works great with most TeckWrap adhesive vinyls (except glitter type).<\/p>\n<p class=\"p1 translation-block\">\u2714 <span class=\"s1\"><b>Disposable:<\/b><\/span> Not reusable - ideal for one-time, clean transfers.<\/p>\n<p class=\"p1 translation-block\">\u2714 <span class=\"s1\"><b>Thinner than regular transfer film<\/b><\/span> \u2013 allows you to achieve even more precise results.<\/p>\n<p class=\"p1 translation-block\">Whether you're creating multi-layered labels, transferring delicate cutouts, or creating heat transfer designs, <span class=\"s1\"><b>Versa Tape<\/b><\/span> always delivers clean, precise results.<\/p>\n<p><img decoding=\"async\" src=\"https:\/\/cdn.shopify.com\/s\/files\/1\/0611\/3578\/2039\/files\/1_c4d65087-9a51-42ec-b53c-8290bdbf5fb3.jpg?v=1748512650\" alt=\"\" \/><img decoding=\"async\" src=\"https:\/\/cdn.shopify.com\/s\/files\/1\/0611\/3578\/2039\/files\/2_2429a74c-c249-4ca2-8f9f-7a79198fd85c.jpg?v=1748512650\" alt=\"\" \/><img decoding=\"async\" src=\"https:\/\/cdn.shopify.com\/s\/files\/1\/0611\/3578\/2039\/files\/3_b51a2882-7993-4fe7-9373-37a63bb0a5a5.jpg?v=1748512650\" alt=\"\" \/><img decoding=\"async\" src=\"https:\/\/cdn.shopify.com\/s\/files\/1\/0611\/3578\/2039\/files\/4_0ed743d0-4672-46a7-8395-6fc1f766fd38.jpg?v=1748512650\" alt=\"\" \/><img decoding=\"async\" src=\"https:\/\/cdn.shopify.com\/s\/files\/1\/0611\/3578\/2039\/files\/5_3b4bd211-65e2-470e-aec1-78ec3b621e85.jpg?v=1748512650\" alt=\"\" \/><img decoding=\"async\" src=\"https:\/\/cdn.shopify.com\/s\/files\/1\/0611\/3578\/2039\/files\/6_88ce9117-2a1a-4e89-a62b-4ea6d9259f20.jpg?v=1748512650\" alt=\"\" \/><img decoding=\"async\" src=\"https:\/\/cdn.shopify.com\/s\/files\/1\/0611\/3578\/2039\/files\/7_e7db3475-c563-4565-9a5a-d8b151b7ff79.jpg?v=1748512650\" alt=\"\" \/><\/p>","protected":false},"excerpt":{"rendered":"<p>P\u0101rneses pl\u0113ve ar augstu precizit\u0101ti un daudzpus\u012bbu \u2013 iepaz\u012bsties ar TeckWrap Versa Tape, savu uzticamo risin\u0101jumu t\u012briem, kvalitat\u012bviem vinila p\u0101rnesumiem. \u2714 T\u012bra no\u0146em\u0161ana: Neatst\u0101j l\u012bmes paliekas un saglab\u0101 dizaina formu. \u2714 Sader\u012bga ar termoapdruku: Piem\u0113rota ar\u012b da\u017eiem termoapdrukas pielietojumiem. \u2714 Augstas kvalit\u0101tes PET materi\u0101ls: Iztur\u012bga, caursp\u012bd\u012bga pl\u0113ve ar gludu PET p\u0101rkl\u0101jumu \u0113rt\u0101kai lieto\u0161anai. \u2714 Ar [&hellip;]<\/p>\n","protected":false},"featured_media":77591415052115,"template":"","meta":[],"product_brand":[],"product_cat":[844,176],"product_tag":[],"class_list":{"0":"post-77591415052114","1":"product","2":"type-product","3":"status-publish","4":"has-post-thumbnail","6":"product_cat-transfer-tape","7":"product_cat-all_products","9":"first","10":"instock","11":"taxable","12":"shipping-taxable","13":"purchasable","14":"product-type-simple"},"supplier_id":null,"supplier_sku":"","barcode":null,"atum_controlled":true,"out_stock_date":null,"out_stock_threshold":null,"inheritable":false,"inbound_stock":0,"stock_on_hold":0,"sold_today":0,"sales_last_days":0,"reserved_stock":0,"customer_returns":0,"warehouse_damage":0,"lost_in_post":0,"other_logs":0,"out_stock_days":0,"lost_sales":0,"has_location":false,"update_date":"2026-04-21T00:56:40","atum_locations":[],"atum_stock_status":"instock","restock_status":false,"low_stock_amount":"","sales_update_date":"2026-04-21T00:56:40","calc_backorders":null,"_links":{"self":[{"href":"https:\/\/balticvinyl.com\/en\/wp-json\/wp\/v2\/product\/77591415052114","targetHints":{"allow":["GET"]}}],"collection":[{"href":"https:\/\/balticvinyl.com\/en\/wp-json\/wp\/v2\/product"}],"about":[{"href":"https:\/\/balticvinyl.com\/en\/wp-json\/wp\/v2\/types\/product"}],"version-history":[{"count":2,"href":"https:\/\/balticvinyl.com\/en\/wp-json\/wp\/v2\/product\/77591415052114\/revisions"}],"predecessor-version":[{"id":77591415052479,"href":"https:\/\/balticvinyl.com\/en\/wp-json\/wp\/v2\/product\/77591415052114\/revisions\/77591415052479"}],"wp:featuredmedia":[{"embeddable":true,"href":"https:\/\/balticvinyl.com\/en\/wp-json\/wp\/v2\/media\/77591415052115"}],"wp:attachment":[{"href":"https:\/\/balticvinyl.com\/en\/wp-json\/wp\/v2\/media?parent=77591415052114"}],"wp:term":[{"taxonomy":"product_brand","embeddable":true,"href":"https:\/\/balticvinyl.com\/en\/wp-json\/wp\/v2\/product_brand?post=77591415052114"},{"taxonomy":"product_cat","embeddable":true,"href":"https:\/\/balticvinyl.com\/en\/wp-json\/wp\/v2\/product_cat?post=77591415052114"},{"taxonomy":"product_tag","embeddable":true,"href":"https:\/\/balticvinyl.com\/en\/wp-json\/wp\/v2\/product_tag?post=77591415052114"}],"curies":[{"name":"wp","href":"https:\/\/api.w.org\/{rel}","templated":true}]}}