{"id":77591415052000,"date":"2025-03-31T02:48:29","date_gmt":"2025-03-30T23:48:29","guid":{"rendered":"https:\/\/balticvinyl.com\/?post_type=product&#038;p=77591415052000"},"modified":"2026-04-15T19:00:33","modified_gmt":"2026-04-15T16:00:33","slug":"apdrukajams-magnetiskais-papirs","status":"publish","type":"product","link":"https:\/\/balticvinyl.com\/en\/product\/apdrukajams-magnetiskais-papirs\/","title":{"rendered":"Printable magnetic paper (10 sheets)"},"content":{"rendered":"<h3 data-pm-slice=\"1 3 []\">Unleash your creativity with magnetic printable paper!<\/h3>\n<p>Turn any surface into a personalized work of art with our premium magnetic printable paper. This versatile material allows you to print your own designs, photos, and text, creating unique and attractive stickers that securely attach to any magnetic surface.<\/p>\n<p><strong>Features and specifications:<\/strong><\/p>\n<ul data-spread=\"false\">\n<li class=\" translation-block\">Size: <b style=\"color: #555555\">A4 (21 x 29.7 cm), 10 sheets<\/b><\/li>\n<li>Color: matte white<\/li>\n<li>Compatible with inkjet printers<\/li>\n<li>Easy to use: suitable for cutting with scissors or cutting tools<\/li>\n<li class=\" translation-block\">Durable and long-lasting: for added protection and durability after printing, we recommend laminating the magnets.<\/li>\n<li>When magnetic printable paper is not in use, store it in a folder.<\/li>\n<\/ul>\n<p>&nbsp;<\/p>\n<p><img decoding=\"async\" src=\"https:\/\/cdn.shopify.com\/s\/files\/1\/0611\/3578\/2039\/files\/1_a73f98a9-b985-49ab-8dd9-4bb177d903ab.jpg?v=1732267510\" alt=\"\" \/><img decoding=\"async\" src=\"https:\/\/cdn.shopify.com\/s\/files\/1\/0611\/3578\/2039\/files\/2_78d14ed4-a7aa-4544-81d1-d95357a06aa9.jpg?v=1732267510\" alt=\"\" \/><img decoding=\"async\" src=\"https:\/\/cdn.shopify.com\/s\/files\/1\/0611\/3578\/2039\/files\/3_602d9402-9368-4999-a059-0637ab6379c3.jpg?v=1732267510\" alt=\"\" \/><img decoding=\"async\" src=\"https:\/\/cdn.shopify.com\/s\/files\/1\/0611\/3578\/2039\/files\/4_1050a88b-bd0f-4b63-a129-1087c806db9c.jpg?v=1732267510\" alt=\"\" \/><img decoding=\"async\" src=\"https:\/\/cdn.shopify.com\/s\/files\/1\/0611\/3578\/2039\/files\/5_7411e39f-13d0-4958-bf31-0f47eb889bb7.jpg?v=1732267511\" alt=\"\" \/><\/p>","protected":false},"excerpt":{"rendered":"<p>Atbr\u012bvojiet savu rado\u0161umu ar magn\u0113tisko druk\u0101jamo pap\u012bru! P\u0101rv\u0113rtiet jebkuru virsmu personaliz\u0113t\u0101 m\u0101kslas darb\u0101 ar m\u016bsu augst\u0101k\u0101s kvalit\u0101tes magn\u0113tisko druk\u0101jamo pap\u012bru. \u0160is daudzpus\u012bgais materi\u0101ls \u013cauj izdruk\u0101t j\u016bsu pa\u0161u dizainus, fotogr\u0101fijas un tekstu, veidojot unik\u0101las un pievilc\u012bgas uzl\u012bmes, kas dro\u0161i piestiprin\u0101s pie jebkuras magn\u0113tiskas virsmas. Funkcijas un specifik\u0101cija: Izm\u0113rs: A4 (21 x 29,7 cm), 10 loksnes Kr\u0101sa: [&hellip;]<\/p>\n","protected":false},"featured_media":77591415052001,"template":"","meta":[],"product_brand":[],"product_cat":[880,176],"product_tag":[],"class_list":{"0":"post-77591415052000","1":"product","2":"type-product","3":"status-publish","4":"has-post-thumbnail","6":"product_cat-printable-paper","7":"product_cat-all_products","9":"first","10":"instock","11":"taxable","12":"shipping-taxable","13":"purchasable","14":"product-type-simple"},"supplier_id":null,"supplier_sku":"","barcode":null,"atum_controlled":true,"out_stock_date":null,"out_stock_threshold":null,"inheritable":false,"inbound_stock":0,"stock_on_hold":0,"sold_today":0,"sales_last_days":0,"reserved_stock":0,"customer_returns":0,"warehouse_damage":0,"lost_in_post":0,"other_logs":0,"out_stock_days":0,"lost_sales":0,"has_location":false,"update_date":"2026-05-02T01:41:37","atum_locations":[],"atum_stock_status":"instock","restock_status":false,"low_stock_amount":"","sales_update_date":"2026-05-02T01:41:37","calc_backorders":null,"_links":{"self":[{"href":"https:\/\/balticvinyl.com\/en\/wp-json\/wp\/v2\/product\/77591415052000","targetHints":{"allow":["GET"]}}],"collection":[{"href":"https:\/\/balticvinyl.com\/en\/wp-json\/wp\/v2\/product"}],"about":[{"href":"https:\/\/balticvinyl.com\/en\/wp-json\/wp\/v2\/types\/product"}],"version-history":[{"count":1,"href":"https:\/\/balticvinyl.com\/en\/wp-json\/wp\/v2\/product\/77591415052000\/revisions"}],"predecessor-version":[{"id":77591415052790,"href":"https:\/\/balticvinyl.com\/en\/wp-json\/wp\/v2\/product\/77591415052000\/revisions\/77591415052790"}],"wp:featuredmedia":[{"embeddable":true,"href":"https:\/\/balticvinyl.com\/en\/wp-json\/wp\/v2\/media\/77591415052001"}],"wp:attachment":[{"href":"https:\/\/balticvinyl.com\/en\/wp-json\/wp\/v2\/media?parent=77591415052000"}],"wp:term":[{"taxonomy":"product_brand","embeddable":true,"href":"https:\/\/balticvinyl.com\/en\/wp-json\/wp\/v2\/product_brand?post=77591415052000"},{"taxonomy":"product_cat","embeddable":true,"href":"https:\/\/balticvinyl.com\/en\/wp-json\/wp\/v2\/product_cat?post=77591415052000"},{"taxonomy":"product_tag","embeddable":true,"href":"https:\/\/balticvinyl.com\/en\/wp-json\/wp\/v2\/product_tag?post=77591415052000"}],"curies":[{"name":"wp","href":"https:\/\/api.w.org\/{rel}","templated":true}]}}