{"id":77591415050705,"date":"2024-01-03T19:08:28","date_gmt":"2024-01-03T16:08:28","guid":{"rendered":"https:\/\/balticvinyl.com\/?post_type=product&#038;p=77591415050705"},"modified":"2025-10-06T17:24:22","modified_gmt":"2025-10-06T14:24:22","slug":"parsteiguma-kaste","status":"publish","type":"product","link":"https:\/\/balticvinyl.com\/en\/product\/parsteiguma-kaste\/","title":{"rendered":"Mystery Box"},"content":{"rendered":"<p>The contents of the surprise box are a secret, but we can whisper that it will allow you to express yourself creatively and, perhaps, try something you haven't tried before.<\/p>\n<p>We would like to draw your attention to the fact that the contents of each box are different.<\/p>\n<p><strong style=\"color: red;\">If you choose the MIX option, then in the order notes, specify which type of vinyl you want more \u2013 Permanent or HTV!<\/strong><\/p>","protected":false},"excerpt":{"rendered":"<p>P\u0101rsteiguma kastes saturs ir nosl\u0113pums, bet varam pa\u010dukst\u0113t, ka tas \u013caus Tev rado\u0161i izpausties un, iesp\u0113jams, izm\u0113\u0123in\u0101t ko t\u0101du, ko l\u012bdz \u0161im neesi m\u0113\u0123in\u0101jis. V\u0113lamies v\u0113rst uzman\u012bbu, ka katras kastes saturs ir at\u0161\u0137ir\u012bgs. Ja izv\u0113lies MIX variantu, tad pie pas\u016bt\u012bjuma piez\u012bm\u0113m nor\u0101di k\u0101da veida vinilu v\u0113lies vair\u0101k &#8211; Permanento vai HTV!<\/p>","protected":false},"featured_media":77591415051137,"template":"","meta":[],"product_brand":[],"product_cat":[834,878,848,176],"product_tag":[],"class_list":{"0":"post-77591415050705","1":"product","2":"type-product","3":"status-publish","4":"has-post-thumbnail","6":"product_cat-craft-bundle","7":"product_cat-all-htv","8":"product_cat-all-craft-vinyl","9":"product_cat-all_products","11":"first","12":"instock","13":"taxable","14":"shipping-taxable","15":"purchasable","16":"product-type-variable"},"supplier_id":null,"supplier_sku":"","barcode":null,"atum_controlled":true,"out_stock_date":null,"out_stock_threshold":null,"inheritable":false,"inbound_stock":0,"stock_on_hold":0,"sold_today":0,"sales_last_days":0,"reserved_stock":0,"customer_returns":0,"warehouse_damage":0,"lost_in_post":0,"other_logs":0,"out_stock_days":0,"lost_sales":0,"has_location":null,"update_date":"2026-05-14T00:07:19","atum_locations":[],"atum_stock_status":"instock","restock_status":false,"low_stock_amount":"","sales_update_date":"2026-05-14T00:07:19","calc_backorders":null,"_links":{"self":[{"href":"https:\/\/balticvinyl.com\/en\/wp-json\/wp\/v2\/product\/77591415050705","targetHints":{"allow":["GET"]}}],"collection":[{"href":"https:\/\/balticvinyl.com\/en\/wp-json\/wp\/v2\/product"}],"about":[{"href":"https:\/\/balticvinyl.com\/en\/wp-json\/wp\/v2\/types\/product"}],"version-history":[{"count":0,"href":"https:\/\/balticvinyl.com\/en\/wp-json\/wp\/v2\/product\/77591415050705\/revisions"}],"wp:featuredmedia":[{"embeddable":true,"href":"https:\/\/balticvinyl.com\/en\/wp-json\/wp\/v2\/media\/77591415051137"}],"wp:attachment":[{"href":"https:\/\/balticvinyl.com\/en\/wp-json\/wp\/v2\/media?parent=77591415050705"}],"wp:term":[{"taxonomy":"product_brand","embeddable":true,"href":"https:\/\/balticvinyl.com\/en\/wp-json\/wp\/v2\/product_brand?post=77591415050705"},{"taxonomy":"product_cat","embeddable":true,"href":"https:\/\/balticvinyl.com\/en\/wp-json\/wp\/v2\/product_cat?post=77591415050705"},{"taxonomy":"product_tag","embeddable":true,"href":"https:\/\/balticvinyl.com\/en\/wp-json\/wp\/v2\/product_tag?post=77591415050705"}],"curies":[{"name":"wp","href":"https:\/\/api.w.org\/{rel}","templated":true}]}}