{"id":77591415047062,"date":"2023-11-20T14:42:23","date_gmt":"2023-11-20T11:42:23","guid":{"rendered":"https:\/\/balticvinyl.com\/product\/reflective-adhesive-vinyl-1\/"},"modified":"2025-12-09T11:17:11","modified_gmt":"2025-12-09T08:17:11","slug":"reflective-adhesive-vinyl-1","status":"publish","type":"product","link":"https:\/\/balticvinyl.com\/en\/product\/reflective-adhesive-vinyl-1\/","title":{"rendered":"Reflective adhesive vinyl"},"content":{"rendered":"<p class=\"p1 translation-block\">Inspire your creativity with <span class=\"s1\"><b>Reflective Adhesive Film<\/b><\/span> \u2013 a lightweight, easy-to-apply material that transforms ordinary surfaces into expressive designs with a shiny, eye-catching effect.<\/p>\n<p class=\"p1\">Apply delicate reflective stickers to any smooth surface \u2013 from sunglasses and laptops to car windows and decorative items. Suitable for both indoor and outdoor use \u2013 ideal not only for creative projects, but also for improving visibility.<\/p>\n<p class=\"p1\">Adhesive film is durable and easy to cut with scissors or cutters, making it convenient for use in seasonal decorations \u2013 for example, decorating pumpkins for Halloween or creating decorative chair covers.<\/p>\n<h3><b>Features:<\/b><\/h3>\n<p class=\"p1\">\u2714 Size: 0.3 x 1.5 m<\/p>\n<p class=\"p1\">\u2714 Suitable for any smooth surface<\/p>\n<p class=\"p1\">\u2714 Weather resistant \u2013 rain, snow, UV radiation<\/p>\n<p class=\"p1\">\u2714 Glossy reflective surface with bright colors and high visibility<\/p>\n<p class=\"p1\">\u2714 Easy application \u2013 simply remove the protective film and stick it on<\/p>\n<p class=\"p1\">\u2714 Permanent adhesive: solvent-based<\/p>\n<p class=\"p1\">\u2714 Compatible with all vinyl cutters \u2013 Cricut, Silhouette, Xyron, etc.<\/p>\n<p><img decoding=\"async\" src=\"https:\/\/cdn.shopify.com\/s\/files\/1\/0611\/3578\/2039\/files\/A__01_e9fc4d99-1038-4de2-9508-6c294d5c9013.jpg?v=1683267813\" alt=\"\" \/><img decoding=\"async\" src=\"https:\/\/cdn.shopify.com\/s\/files\/1\/0611\/3578\/2039\/files\/A__03_c2204d16-7080-4a06-a344-8a1779428b02.jpg?v=1683267818\" alt=\"Reflective Adhesive Vinyl\" \/><img decoding=\"async\" src=\"https:\/\/cdn.shopify.com\/s\/files\/1\/0611\/3578\/2039\/files\/A__05_5c5524a6-fc2f-4687-a055-83daaf70f302.jpg?v=1683267828\" alt=\"Reflective Adhesive Vinyl\" \/><img decoding=\"async\" src=\"https:\/\/cdn.shopify.com\/s\/files\/1\/0611\/3578\/2039\/files\/A__07_43608dfb-7550-40b6-bbc1-f67200ee96ed.jpg?v=1683267835\" alt=\"Reflective Adhesive Vinyl\" \/><img decoding=\"async\" src=\"https:\/\/cdn.shopify.com\/s\/files\/1\/0611\/3578\/2039\/files\/A__09_76ea02ab-d2db-456e-af1e-b3fe8fb04598.jpg?v=1683267841\" alt=\"Reflective Adhesive Vinyl\" \/><img decoding=\"async\" src=\"https:\/\/cdn.shopify.com\/s\/files\/1\/0611\/3578\/2039\/files\/A__11_7093fcb3-e4fa-4d2b-9ee7-53516ba55f8f.jpg?v=1683267845\" alt=\"Reflective Adhesive Vinyl\" \/><\/p>","protected":false},"excerpt":{"rendered":"<p>Iedvesmo savu rado\u0161umu ar Atstarojo\u0161o l\u012bmpl\u0113vi \u2013 vieglu, \u0113rti uzkl\u0101jamu materi\u0101lu, kas p\u0101rv\u0113r\u0161 parastas virsmas izteiksm\u012bgos dizainos ar sp\u012bd\u012bgu, paman\u0101mu efektu. Piel\u012bm\u0113 delik\u0101tas atstarojo\u0161\u0101s uzl\u012bmes uz jebkuras gludas virsmas \u2013 s\u0101kot no saulesbrill\u0113m un portat\u012bvajiem datoriem l\u012bdz automa\u0161\u012bnu logiem un dekorat\u012bviem priek\u0161metiem. Piem\u0113rota lieto\u0161anai gan iek\u0161telp\u0101s, gan \u0101r\u0101 \u2013 ide\u0101la ne tikai rado\u0161iem projektiem, bet [&hellip;]<\/p>\n","protected":false},"featured_media":77591415052503,"template":"","meta":[],"product_brand":[],"product_cat":[852,848,176],"product_tag":[],"class_list":{"0":"post-77591415047062","1":"product","2":"type-product","3":"status-publish","4":"has-post-thumbnail","6":"product_cat-reflective-vinyl","7":"product_cat-all-craft-vinyl","8":"product_cat-all_products","10":"first","11":"instock","12":"taxable","13":"shipping-taxable","14":"purchasable","15":"product-type-variable","16":"has-default-attributes"},"supplier_id":null,"supplier_sku":"","barcode":null,"atum_controlled":true,"out_stock_date":null,"out_stock_threshold":null,"inheritable":true,"inbound_stock":0,"stock_on_hold":0,"sold_today":0,"sales_last_days":0,"reserved_stock":0,"customer_returns":0,"warehouse_damage":0,"lost_in_post":0,"other_logs":0,"out_stock_days":0,"lost_sales":0,"has_location":false,"update_date":"2026-05-02T01:41:23","atum_locations":[],"atum_stock_status":"instock","restock_status":false,"low_stock_amount":"","sales_update_date":"2026-05-02T01:41:23","calc_backorders":null,"_links":{"self":[{"href":"https:\/\/balticvinyl.com\/en\/wp-json\/wp\/v2\/product\/77591415047062","targetHints":{"allow":["GET"]}}],"collection":[{"href":"https:\/\/balticvinyl.com\/en\/wp-json\/wp\/v2\/product"}],"about":[{"href":"https:\/\/balticvinyl.com\/en\/wp-json\/wp\/v2\/types\/product"}],"version-history":[{"count":3,"href":"https:\/\/balticvinyl.com\/en\/wp-json\/wp\/v2\/product\/77591415047062\/revisions"}],"predecessor-version":[{"id":77591415052507,"href":"https:\/\/balticvinyl.com\/en\/wp-json\/wp\/v2\/product\/77591415047062\/revisions\/77591415052507"}],"wp:featuredmedia":[{"embeddable":true,"href":"https:\/\/balticvinyl.com\/en\/wp-json\/wp\/v2\/media\/77591415052503"}],"wp:attachment":[{"href":"https:\/\/balticvinyl.com\/en\/wp-json\/wp\/v2\/media?parent=77591415047062"}],"wp:term":[{"taxonomy":"product_brand","embeddable":true,"href":"https:\/\/balticvinyl.com\/en\/wp-json\/wp\/v2\/product_brand?post=77591415047062"},{"taxonomy":"product_cat","embeddable":true,"href":"https:\/\/balticvinyl.com\/en\/wp-json\/wp\/v2\/product_cat?post=77591415047062"},{"taxonomy":"product_tag","embeddable":true,"href":"https:\/\/balticvinyl.com\/en\/wp-json\/wp\/v2\/product_tag?post=77591415047062"}],"curies":[{"name":"wp","href":"https:\/\/api.w.org\/{rel}","templated":true}]}}