{"id":77591415046363,"date":"2023-11-20T14:38:07","date_gmt":"2023-11-20T11:38:07","guid":{"rendered":"https:\/\/balticvinyl.com\/product\/inkjet-printable-sticker-vinyl\/"},"modified":"2026-04-27T12:51:54","modified_gmt":"2026-04-27T09:51:54","slug":"inkjet-printable-sticker-vinyl","status":"publish","type":"product","link":"https:\/\/balticvinyl.com\/en\/product\/inkjet-printable-sticker-vinyl\/","title":{"rendered":"Printable Sticker paper (15 sheets)"},"content":{"rendered":"<h2><b>Features and Specifications<\/b><\/h2>\n<ul>\n<li>\n<p class=\"p1 translation-block\"><span class=\"s1\"><b>Size:<\/b><\/span> A4 (210 \u00d7 297 mm or 8.5 \u00d7 11 inches)<\/p>\n<\/li>\n<li>\n<p class=\"p1 translation-block\"><span class=\"s1\"><b>Quantity:<\/b><\/span> 15 sheets<\/p>\n<\/li>\n<\/ul>\n<h3><b>Types of sticker paper:<\/b><\/h3>\n<ul>\n<li>\n<p class=\"p1\">Holographic<\/p>\n<\/li>\n<li>\n<p class=\"p1\">Matte white<\/p>\n<\/li>\n<li>\n<p class=\"p1\">Glossy white<\/p>\n<\/li>\n<li>\n<p class=\"p1\">Transparent<\/p>\n<\/li>\n<li>\n<p class=\"p1\">Chromed<\/p>\n<\/li>\n<\/ul>\n<h3><b>Product advantages<\/b><\/h3>\n<ul>\n<li>\n<p class=\"p1 translation-block\"><b>Printer Compatibility:<\/b><b><\/b>Best results with <span class=\"s1\"><b>Inkjet printers<\/b><\/span>. Can also be used with <span class=\"s1\"><b>Laser printers<\/b><\/span>, but quality may be lower.<\/p>\n<\/li>\n<li>\n<p class=\"p1 translation-block\"><b>Durable and long-lasting: <\/b><b><\/b>The material is designed to <span class=\"s1\"><b>not tear, fade or peel<\/b><\/span>, even with frequent use.<\/p>\n<\/li>\n<li>\n<p class=\"p1 translation-block\"><b>Sharp and high-resolution printing:<\/b><b><\/b>It is possible to print <span class=\"s1\"><b>vivid images and sharp text<\/b><\/span> directly from your inkjet printer.<\/p>\n<\/li>\n<li>\n<p class=\"p1 translation-block\"><b>Strong adhesive:<\/b><b><\/b>Securely sticks to various surfaces \u2013 <span class=\"s1\"><b>glass, plastic, cardboard, metal<\/b><\/span>, without peeling or curling.<\/p>\n<\/li>\n<li>\n<p class=\"p1 translation-block\"><b>Easy to cut and stick:<\/b><b><\/b><span class=\"s1\">Compatible with scissors and cutting devices (Cricut, Silhouette, etc.)<\/b><span class=\"s1\">. Removable protective paper on the back<\/b><span class=\"s1\"> for easy sticking.<\/span><\/p>\n<\/li>\n<\/ul>\n<h3><b>Ideal for:<\/b><\/h3>\n<ul>\n<li>\n<p class=\"p1 translation-block\">For creating personalized <span class=\"s1\"><b>labels<\/b><\/span><\/p>\n<\/li>\n<li>\n<p class=\"p1\"><b>For creative work and DIY projects<\/b><b><\/b><\/p>\n<\/li>\n<li>\n<p class=\"p1\"><b>For planner and diary stickers<\/b><b><\/b><\/p>\n<\/li>\n<li>\n<p class=\"p1\"><b>For packaging and brand design<\/b><b><\/b><\/p>\n<\/li>\n<li>\n<p class=\"p1\"><b>For event decorations<\/b><b><\/b><\/p>\n<\/li>\n<li>\n<p class=\"p1\"><b>For the production of teaching materials<\/b><\/p>\n<\/li>\n<\/ul>\n<p>&nbsp;<\/p>\n<p><img decoding=\"async\" src=\"https:\/\/cdn.shopify.com\/s\/files\/1\/0074\/7382\/3855\/files\/1_97abbb0a-23e8-4458-9223-14168cc775e9.jpg?v=1757035339\" alt=\"\" \/><img decoding=\"async\" src=\"https:\/\/cdn.shopify.com\/s\/files\/1\/0074\/7382\/3855\/files\/2_b47bcbd6-9ad3-43ae-a3e7-d8194a5adb9c.jpg?v=1757035340\" alt=\"\" \/><img decoding=\"async\" src=\"https:\/\/cdn.shopify.com\/s\/files\/1\/0074\/7382\/3855\/files\/3_31b58273-abfc-463e-b4ac-311794297c35.jpg?v=1757035340\" alt=\"\" \/><img decoding=\"async\" src=\"https:\/\/cdn.shopify.com\/s\/files\/1\/0074\/7382\/3855\/files\/4_b62c296f-b3fa-42d9-a47b-7a4f257b48a1.jpg?v=1757035340\" alt=\"\" \/><img decoding=\"async\" src=\"https:\/\/cdn.shopify.com\/s\/files\/1\/0074\/7382\/3855\/files\/5_2eddbff3-9317-49f9-8ff8-a6d1a832feba.jpg?v=1757035340\" alt=\"\" \/><img decoding=\"async\" src=\"https:\/\/cdn.shopify.com\/s\/files\/1\/0074\/7382\/3855\/files\/6_cfb639be-ed5f-4a1f-ba6d-b8a6d3a5ee19.jpg?v=1757035340\" alt=\"\" \/><\/p>","protected":false},"excerpt":{"rendered":"<p>\u012apa\u0161\u012bbas un specifik\u0101cija Izm\u0113rs: A4 (210 \u00d7 297 mm jeb 8.5 \u00d7 11 collas) Daudzums: 15 loksnes Uzl\u012bmju pap\u012bra veidi: Hologr\u0101fiskais Mat\u0113ti balts Glanc\u0113ti balts Caursp\u012bd\u012bgs Hrom\u0113tais Produkta priek\u0161roc\u012bbas Printeru sader\u012bba: Vislab\u0101kie rezult\u0101ti ar tintes printeriem (Inkjet). Var izmantot ar\u012b ar l\u0101zerprinteriem, ta\u010du kvalit\u0101te var b\u016bt zem\u0101ka. Iztur\u012bgs un ilgnotur\u012bgs: Materi\u0101ls izstr\u0101d\u0101ts, lai nepl\u012bstu, neizbal\u0113tu [&hellip;]<\/p>\n","protected":false},"featured_media":77591415052218,"template":"","meta":[],"product_brand":[],"product_cat":[880,176],"product_tag":[740,742,744,746],"class_list":{"0":"post-77591415046363","1":"product","2":"type-product","3":"status-publish","4":"has-post-thumbnail","6":"product_cat-printable-paper","7":"product_cat-all_products","8":"product_tag-printable-paper","9":"product_tag-printable-vinyl","10":"product_tag-sticker-paper","11":"product_tag-sticker-vinyl","13":"first","14":"instock","15":"taxable","16":"shipping-taxable","17":"purchasable","18":"product-type-variable"},"supplier_id":null,"supplier_sku":"","barcode":null,"atum_controlled":true,"out_stock_date":null,"out_stock_threshold":null,"inheritable":true,"inbound_stock":0,"stock_on_hold":0,"sold_today":0,"sales_last_days":0,"reserved_stock":0,"customer_returns":0,"warehouse_damage":0,"lost_in_post":0,"other_logs":0,"out_stock_days":0,"lost_sales":0,"has_location":false,"update_date":"2026-05-14T00:07:12","atum_locations":[],"atum_stock_status":"instock","restock_status":false,"low_stock_amount":"","sales_update_date":"2026-05-14T00:07:12","calc_backorders":null,"_links":{"self":[{"href":"https:\/\/balticvinyl.com\/en\/wp-json\/wp\/v2\/product\/77591415046363","targetHints":{"allow":["GET"]}}],"collection":[{"href":"https:\/\/balticvinyl.com\/en\/wp-json\/wp\/v2\/product"}],"about":[{"href":"https:\/\/balticvinyl.com\/en\/wp-json\/wp\/v2\/types\/product"}],"version-history":[{"count":2,"href":"https:\/\/balticvinyl.com\/en\/wp-json\/wp\/v2\/product\/77591415046363\/revisions"}],"predecessor-version":[{"id":77591415052466,"href":"https:\/\/balticvinyl.com\/en\/wp-json\/wp\/v2\/product\/77591415046363\/revisions\/77591415052466"}],"wp:featuredmedia":[{"embeddable":true,"href":"https:\/\/balticvinyl.com\/en\/wp-json\/wp\/v2\/media\/77591415052218"}],"wp:attachment":[{"href":"https:\/\/balticvinyl.com\/en\/wp-json\/wp\/v2\/media?parent=77591415046363"}],"wp:term":[{"taxonomy":"product_brand","embeddable":true,"href":"https:\/\/balticvinyl.com\/en\/wp-json\/wp\/v2\/product_brand?post=77591415046363"},{"taxonomy":"product_cat","embeddable":true,"href":"https:\/\/balticvinyl.com\/en\/wp-json\/wp\/v2\/product_cat?post=77591415046363"},{"taxonomy":"product_tag","embeddable":true,"href":"https:\/\/balticvinyl.com\/en\/wp-json\/wp\/v2\/product_tag?post=77591415046363"}],"curies":[{"name":"wp","href":"https:\/\/api.w.org\/{rel}","templated":true}]}}