{"id":77591415045782,"date":"2023-11-20T14:34:24","date_gmt":"2023-11-20T11:34:24","guid":{"rendered":"https:\/\/balticvinyl.com\/product\/colorful-pearl-adhesive-vinyl\/"},"modified":"2025-12-14T21:53:38","modified_gmt":"2025-12-14T18:53:38","slug":"colorful-pearl-adhesive-vinyl","status":"publish","type":"product","link":"https:\/\/balticvinyl.com\/en\/product\/colorful-pearl-adhesive-vinyl\/","title":{"rendered":"Colorful Pearl Adhesive Vinyl"},"content":{"rendered":"<p class=\"p1\">Add sparkle to your creative projects with our Colorful Pearl Adhesive Vinyl! This film combines bright, eye-catching colors with a pearlescent finish and shimmering particle elements. Each design shimmers when it hits the light, giving your artwork a luxurious, vibrant effect.<\/p>\n<p class=\"p1 translation-block\">The film is durable, waterproof, thin and flexible with a pressure-sensitive adhesive. It is easy to cut, <span class=\"s1\"><b>remove excess parts<\/b><\/span> and transfer to any smooth, hard surface. Ideal for both simple and complex designs. Suitable for all vinyl cutters.<\/p>\n<p class=\"p1 translation-block\">Simply apply the <span class=\"s1\"><b>yellow grid transfer film<\/b><\/span> over the adhesive film, smooth it with the <span class=\"s1\"><b>Smoothing Tool<\/b><\/span>, remove the protective paper and stick your design to the surface of your choice. Remove the transfer film and you're done!<\/p>\n<h3><b>Features:<\/b><\/h3>\n<ul>\n<li>\n<p class=\"p1 translation-block\"><span class=\"s1\"><b>Size:<\/b><\/span> 0.3 x 1.5 m<\/p>\n<\/li>\n<li>\n<p class=\"p1\">Textured, glossy surface with a pearlescent effect<\/p>\n<\/li>\n<li>\n<p class=\"p1\">Incorporates shimmering particles that shine in the light<\/p>\n<\/li>\n<li>\n<p class=\"p1\">Durable, waterproof, thin and flexible<\/p>\n<\/li>\n<li>\n<p class=\"p1\">Easy to cut and suitable for delicate designs<\/p>\n<\/li>\n<li>\n<p class=\"p1 translation-block\"><span class=\"s1\">Easy <\/span><b>removal of excess parts<\/b><b><\/b><\/p>\n<\/li>\n<li>\n<p class=\"p1 translation-block\"><span class=\"s1\">Compatible with <\/span><b>all vinyl cutters<\/b><b><\/b><\/p>\n<\/li>\n<li>\n<p class=\"p1 translation-block\"><span class=\"s1\">Ideal for use with <\/span><b>yellow grid transfer film<\/b><\/p>\n<\/li>\n<\/ul>\n<p><img decoding=\"async\" src=\"https:\/\/balticvinyl.com\/wp-content\/uploads\/2023\/11\/1_7b4bb59f-d3b5-4c68-a9ad-8cf671efd2dc.jpg?v=1698226605\" alt=\"Colorful Pearl Adhesive Vinyl\" \/><img decoding=\"async\" src=\"https:\/\/balticvinyl.com\/wp-content\/uploads\/2023\/11\/2_dc5b967b-8175-4f36-b930-84491fd0558d.jpg?v=1698226611\" alt=\"Colorful Pearl Adhesive Vinyl\" \/><img decoding=\"async\" src=\"https:\/\/balticvinyl.com\/wp-content\/uploads\/2023\/11\/3_7979653f-6625-446a-b043-3f3c518e7a35.jpg?v=1698226616\" alt=\"Colorful Pearl Adhesive Vinyl\" \/><img decoding=\"async\" src=\"https:\/\/balticvinyl.com\/wp-content\/uploads\/2023\/11\/4_d2312558-5f43-4865-a9d6-a933bac6c633.jpg?v=1698226624\" alt=\"Colorful Pearl Adhesive Vinyl\" \/><img decoding=\"async\" src=\"https:\/\/balticvinyl.com\/wp-content\/uploads\/2023\/11\/5_f65b0d88-a2d2-4269-811b-8d3579a293fd.jpg?v=1698226631\" alt=\"Colorful Pearl Adhesive Vinyl\" \/><\/p>","protected":false},"excerpt":{"rendered":"<p>Pievieno saviem rado\u0161ajiem projektiem mirdzumu ar m\u016bsu P\u0113rlmirdzo\u0161o L\u012bmpl\u0113vi! \u0160\u012b pl\u0113ve apvieno spilgtas, uzman\u012bbu piesaisto\u0161as kr\u0101sas ar p\u0113r\u013cainu virsmu un mirdzo\u0161iem da\u013ci\u0146u elementiem. Katrs dizains mirdz, kad tas saskaras ar gaismu, pie\u0161\u0137irot m\u0101kslas darbiem greznu, dz\u012bv\u012bgu efektu. Pl\u0113ve ir iztur\u012bga, \u016bdensdro\u0161a, pl\u0101na un elast\u012bga ar spiedienjut\u012bgu l\u012bmi. To ir viegli griezt, veikt lieko deta\u013cu no\u0146em\u0161anu [&hellip;]<\/p>\n","protected":false},"featured_media":77591415047481,"template":"","meta":[],"product_brand":[],"product_cat":[850,848,176],"product_tag":[800,688],"class_list":{"0":"post-77591415045782","1":"product","2":"type-product","3":"status-publish","4":"has-post-thumbnail","6":"product_cat-shimmer-glitter","7":"product_cat-all-craft-vinyl","8":"product_cat-all_products","9":"product_tag-la-glitter","10":"product_tag-new-arrivals","12":"first","13":"instock","14":"taxable","15":"shipping-taxable","16":"purchasable","17":"product-type-variable","18":"has-default-attributes"},"supplier_id":null,"supplier_sku":"","barcode":null,"atum_controlled":true,"out_stock_date":null,"out_stock_threshold":null,"inheritable":true,"inbound_stock":0,"stock_on_hold":0,"sold_today":0,"sales_last_days":0,"reserved_stock":0,"customer_returns":0,"warehouse_damage":0,"lost_in_post":0,"other_logs":0,"out_stock_days":0,"lost_sales":0,"has_location":false,"update_date":"2026-05-02T01:41:23","atum_locations":[],"atum_stock_status":"instock","restock_status":false,"low_stock_amount":"","sales_update_date":"2026-05-02T01:41:23","calc_backorders":null,"_links":{"self":[{"href":"https:\/\/balticvinyl.com\/en\/wp-json\/wp\/v2\/product\/77591415045782","targetHints":{"allow":["GET"]}}],"collection":[{"href":"https:\/\/balticvinyl.com\/en\/wp-json\/wp\/v2\/product"}],"about":[{"href":"https:\/\/balticvinyl.com\/en\/wp-json\/wp\/v2\/types\/product"}],"version-history":[{"count":3,"href":"https:\/\/balticvinyl.com\/en\/wp-json\/wp\/v2\/product\/77591415045782\/revisions"}],"predecessor-version":[{"id":77591415052525,"href":"https:\/\/balticvinyl.com\/en\/wp-json\/wp\/v2\/product\/77591415045782\/revisions\/77591415052525"}],"wp:featuredmedia":[{"embeddable":true,"href":"https:\/\/balticvinyl.com\/en\/wp-json\/wp\/v2\/media\/77591415047481"}],"wp:attachment":[{"href":"https:\/\/balticvinyl.com\/en\/wp-json\/wp\/v2\/media?parent=77591415045782"}],"wp:term":[{"taxonomy":"product_brand","embeddable":true,"href":"https:\/\/balticvinyl.com\/en\/wp-json\/wp\/v2\/product_brand?post=77591415045782"},{"taxonomy":"product_cat","embeddable":true,"href":"https:\/\/balticvinyl.com\/en\/wp-json\/wp\/v2\/product_cat?post=77591415045782"},{"taxonomy":"product_tag","embeddable":true,"href":"https:\/\/balticvinyl.com\/en\/wp-json\/wp\/v2\/product_tag?post=77591415045782"}],"curies":[{"name":"wp","href":"https:\/\/api.w.org\/{rel}","templated":true}]}}