{"id":77591415045562,"date":"2023-11-20T14:33:01","date_gmt":"2023-11-20T11:33:01","guid":{"rendered":"https:\/\/balticvinyl.com\/product\/bubble-free-mirror-chrome-adhesive-vinyl\/"},"modified":"2026-04-25T11:38:07","modified_gmt":"2026-04-25T08:38:07","slug":"bubble-free-mirror-chrome-adhesive-vinyl","status":"publish","type":"product","link":"https:\/\/balticvinyl.com\/en\/product\/bubble-free-mirror-chrome-adhesive-vinyl\/","title":{"rendered":"Bubble Free Mirror Chrome Adhesive Vinyl"},"content":{"rendered":"<p class=\"p1 translation-block\">Incredibly, this mirror chrome film is equipped with <span class=\"s1\"><b>anti-bubble technology<\/b><\/span>, which allows for an even application of the film without air pockets. TeckWrap Craft \u201cBubble Free Mirror Chrome\u201d film combines a luxurious visual effect with practical application.<\/p>\n<p class=\"p1\">Made from the highest quality, ultra-flexible PVC material, this adhesive film is extremely durable, yet soft enough to easily adapt to any surface, shape, and angle.<\/p>\n<p class=\"p1\">The film also cuts beautifully into intricate patterns \u2013 it is suitable for small stickers for car windows, mirrors, mugs, laptops, books and other creative projects.<\/p>\n<p class=\"p1\">With an extra strong adhesive, this film adheres tightly to a variety of surfaces, but leaves no sticky residue when removed. The colors retain their shine and quality for years. Available in more than ten luxurious shades, this adhesive film is indispensable in any artist's collection - both experienced and new masters.<\/p>\n<p class=\"p4\"><b>Features:<\/b><b><\/b><\/p>\n<p class=\"p1\">\u2714 Anti-air bubble structure for easy and smooth application<\/p>\n<p class=\"p1\">\u2714 High-quality mirror chrome surface with a strong shine<\/p>\n<p class=\"p1\">\u2714 Soft and easily conforms to shape and contours<\/p>\n<p class=\"p1\">\u2714 Strong adhesion, leaves no adhesive residue<\/p>\n<p class=\"p1\">\u2714 Thin and easy to work with \u2013 ideal for fine patterns<\/p>\n<p class=\"p1\">\u2714 Suitable for windows, cars, mugs, laptops, decor, etc.<\/p>\n<p class=\"p1\">\u2714 Compatible with all popular adhesive film cutting devices<\/p>\n<p class=\"p1\">\u2714 Available in only one standard size: 0.3 x 1.5 m<\/p>\n<p><img decoding=\"async\" src=\"https:\/\/cdn.shopify.com\/s\/files\/1\/0611\/3578\/2039\/files\/1_33c1b094-e54c-43e4-bc5f-e1326f953f6c.jpg?v=1749721648\" alt=\"\" \/><img decoding=\"async\" src=\"https:\/\/cdn.shopify.com\/s\/files\/1\/0611\/3578\/2039\/files\/2_0093ef87-9b4a-4b13-97b9-f0d6d8efbaa6.jpg?v=1749721648\" alt=\"\" \/><img decoding=\"async\" src=\"https:\/\/cdn.shopify.com\/s\/files\/1\/0611\/3578\/2039\/files\/3_933fb2ae-fd28-4f4e-a23c-10ca56e23c6d.jpg?v=1749721649\" alt=\"\" \/><img decoding=\"async\" src=\"https:\/\/cdn.shopify.com\/s\/files\/1\/0611\/3578\/2039\/files\/4_99978ada-8dc8-48c9-9212-e5af62fddbe7.jpg?v=1749721649\" alt=\"\" \/><img decoding=\"async\" src=\"https:\/\/cdn.shopify.com\/s\/files\/1\/0611\/3578\/2039\/files\/5_200b6d6f-8b9f-46a7-8ceb-f6111c15200f.jpg?v=1749721650\" alt=\"\" \/><\/p>","protected":false},"excerpt":{"rendered":"<p>Neticami, bet \u0161\u012b spogu\u013chroma l\u012bmpl\u0113ve ir apr\u012bkota ar anti-burbul\u012b\u0161u tehnolo\u0123iju, kas \u013cauj vienm\u0113r\u012bgi uzkl\u0101t pl\u0113vi bez gaisa kabat\u0101m. TeckWrap Craft \u201cBubble Free Mirror Chrome\u201d l\u012bmpl\u0113ve apvieno greznu vizu\u0101lo efektu ar praktisku pielietojam\u012bbu. Izgatavota no augst\u0101k\u0101s kvalit\u0101tes, \u012bpa\u0161i elast\u012bga PVC materi\u0101la, \u0161\u012b l\u012bmpl\u0113ve ir \u0101rk\u0101rt\u012bgi iztur\u012bga, ta\u010du vienlaikus pietiekami m\u012bksta, lai viegli piel\u0101gotos jebkurai virsmai, formai [&hellip;]<\/p>\n","protected":false},"featured_media":77591415047339,"template":"","meta":[],"product_brand":[],"product_cat":[838,848,176],"product_tag":[702,669,688],"class_list":{"0":"post-77591415045562","1":"product","2":"type-product","3":"status-publish","4":"has-post-thumbnail","6":"product_cat-opal-holo","7":"product_cat-all-craft-vinyl","8":"product_cat-all_products","9":"product_tag-bubble-free","10":"product_tag-la-opal-holo","11":"product_tag-new-arrivals","13":"first","14":"instock","15":"taxable","16":"shipping-taxable","17":"purchasable","18":"product-type-variable","19":"has-default-attributes"},"supplier_id":null,"supplier_sku":"","barcode":null,"atum_controlled":true,"out_stock_date":null,"out_stock_threshold":null,"inheritable":true,"inbound_stock":0,"stock_on_hold":0,"sold_today":0,"sales_last_days":0,"reserved_stock":0,"customer_returns":0,"warehouse_damage":0,"lost_in_post":0,"other_logs":0,"out_stock_days":0,"lost_sales":0,"has_location":false,"update_date":"2026-04-29T01:35:08","atum_locations":[],"atum_stock_status":"instock","restock_status":false,"low_stock_amount":"","sales_update_date":"2026-04-29T01:35:07","calc_backorders":null,"_links":{"self":[{"href":"https:\/\/balticvinyl.com\/en\/wp-json\/wp\/v2\/product\/77591415045562","targetHints":{"allow":["GET"]}}],"collection":[{"href":"https:\/\/balticvinyl.com\/en\/wp-json\/wp\/v2\/product"}],"about":[{"href":"https:\/\/balticvinyl.com\/en\/wp-json\/wp\/v2\/types\/product"}],"version-history":[{"count":2,"href":"https:\/\/balticvinyl.com\/en\/wp-json\/wp\/v2\/product\/77591415045562\/revisions"}],"predecessor-version":[{"id":77591415052531,"href":"https:\/\/balticvinyl.com\/en\/wp-json\/wp\/v2\/product\/77591415045562\/revisions\/77591415052531"}],"wp:featuredmedia":[{"embeddable":true,"href":"https:\/\/balticvinyl.com\/en\/wp-json\/wp\/v2\/media\/77591415047339"}],"wp:attachment":[{"href":"https:\/\/balticvinyl.com\/en\/wp-json\/wp\/v2\/media?parent=77591415045562"}],"wp:term":[{"taxonomy":"product_brand","embeddable":true,"href":"https:\/\/balticvinyl.com\/en\/wp-json\/wp\/v2\/product_brand?post=77591415045562"},{"taxonomy":"product_cat","embeddable":true,"href":"https:\/\/balticvinyl.com\/en\/wp-json\/wp\/v2\/product_cat?post=77591415045562"},{"taxonomy":"product_tag","embeddable":true,"href":"https:\/\/balticvinyl.com\/en\/wp-json\/wp\/v2\/product_tag?post=77591415045562"}],"curies":[{"name":"wp","href":"https:\/\/api.w.org\/{rel}","templated":true}]}}