{"id":77591415045540,"date":"2024-02-20T12:45:42","date_gmt":"2024-02-20T09:45:42","guid":{"rendered":"https:\/\/balticvinyl.com\/product\/bubble-free-holographic-rainbow-adhesive-vinyl\/"},"modified":"2025-11-27T00:08:04","modified_gmt":"2025-11-26T21:08:04","slug":"bubble-free-holographic-rainbow-adhesive-vinyl","status":"publish","type":"product","link":"https:\/\/balticvinyl.com\/en\/product\/bubble-free-holographic-rainbow-adhesive-vinyl\/","title":{"rendered":"Bubble Free Holographic Rainbow Adhesive Vinyl"},"content":{"rendered":"<p class=\"p1 translation-block\">The most amazing feature of this line is the <i>absence of air bubbles<\/i>. A special air channel helps prevent the formation of bubbles when creating stickers and decorations.<\/p>\n<p class=\"p1\">High-quality film that looks like a rainbow \u2013 glossy, shiny and gives any surface a special decorative effect. Its light but durable material will enhance any design and make it shine.<\/p>\n<p class=\"p1\">Want to create your own unicorn? With our holographic glossy rainbow sticker sheet, you can! Mix and match your favorite colors\u2014maybe a pink sunset or purple dreams\u2014let your imagination run wild.<\/p>\n<p class=\"p3\"><b>Perfectly suited for:<\/b><b><\/b><\/p>\n<ul>\n<li>\n<p class=\"p1\">Handicrafts<\/p>\n<\/li>\n<li>\n<p class=\"p1\">For interior decoration<\/p>\n<\/li>\n<li>\n<p class=\"p1\">Signs<\/p>\n<\/li>\n<li>\n<p class=\"p1\">Letters<\/p>\n<\/li>\n<li>\n<p class=\"p1\">Banners<\/p>\n<\/li>\n<li>\n<p class=\"p1\">Window graphics<\/p>\n<\/li>\n<li>\n<p class=\"p1\">Mirrors<\/p>\n<\/li>\n<li>\n<p class=\"p1\">For scrapbooking projects<\/p>\n<\/li>\n<\/ul>\n<p class=\"p1\">With our holographic glossy rainbow adhesive film, you can finally create the masterpiece that until now existed only in your imagination. And best of all, it's easy and convenient to use!<\/p>\n<p class=\"p3\"><b>Features:<\/b><b><\/b><\/p>\n<p class=\"p1\">\u2714 No air bubbles \u2013 thanks to the air channel<\/p>\n<p class=\"p1\">\u2714 Thin, flexible, and durable<\/p>\n<p class=\"p1\">\u2714 Easy to cut and weed<\/p>\n<p class=\"p1\">\u2714 Size: 0.3 x 1.5 m<\/p>\n<p class=\"p1\">\u2714 Colors: Pink | Silver | Lilac | Olive Green | Sapphire Blue<\/p>\n<p class=\"p1\">\u2714 Packaging: roll<\/p>\n<p class=\"p1\">\u2714 Suitable for use on smooth surfaces \u2013 glass, mirrors, wood, ceramics, paper<\/p>\n<p class=\"p1\">\u2714 Compatible with most vinyl cutters, plotters, and hobby devices<\/p>\n<p><span style=\"color: #2b00ff;\"><img decoding=\"async\" src=\"https:\/\/balticvinyl.com\/wp-content\/uploads\/2023\/11\/A__01_229a02ff-88a2-4485-a380-f0a516c2d6a6.jpg?v=1694869735\" alt=\"\" \/><img decoding=\"async\" src=\"https:\/\/balticvinyl.com\/wp-content\/uploads\/2023\/11\/A__02_babbca94-b420-4d27-b84e-8b18511e1db0.jpg?v=1694869744\" alt=\"\" \/><img decoding=\"async\" src=\"https:\/\/balticvinyl.com\/wp-content\/uploads\/2023\/11\/A__03_2d7f2f8e-cfc4-4e43-b208-03f497926ebc.jpg?v=1694869749\" alt=\"\" \/><img decoding=\"async\" src=\"https:\/\/balticvinyl.com\/wp-content\/uploads\/2023\/11\/A__04_48eedd2d-e4c3-448e-8fb8-c2ed462ccfd4-1.jpg?v=1694869756\" alt=\"\" \/><\/span><\/p>","protected":false},"excerpt":{"rendered":"<p>\u0160\u012bs l\u012bnijas p\u0101rsteidzo\u0161\u0101k\u0101 \u012bpa\u0161\u012bba \u2013 gaisa burbu\u013cu neesam\u012bba. Speci\u0101lais gaisa kan\u0101ls pal\u012bdz nov\u0113rst burbu\u013cu veido\u0161anos, veidojot uzl\u012bmes un dekorus. Augstas kvalit\u0101tes pl\u0113ve, kas pati par sevi izskat\u0101s k\u0101 varav\u012bksne \u2013 glanc\u0113ta, sp\u012bd\u012bga un pie\u0161\u0137ir jebkurai virsmai \u012bpa\u0161u dekorat\u012bvu efektu. T\u0101s vieglais, bet iztur\u012bgais materi\u0101ls izcels jebkuru dizainu un liks tam mirdz\u0113t. V\u0113lies izveidot savu vienradzi? [&hellip;]<\/p>\n","protected":false},"featured_media":77591415047325,"template":"","meta":[],"product_brand":[],"product_cat":[838,848,176],"product_tag":[702,669],"class_list":{"0":"post-77591415045540","1":"product","2":"type-product","3":"status-publish","4":"has-post-thumbnail","6":"product_cat-opal-holo","7":"product_cat-all-craft-vinyl","8":"product_cat-all_products","9":"product_tag-bubble-free","10":"product_tag-la-opal-holo","12":"first","13":"instock","14":"taxable","15":"shipping-taxable","16":"purchasable","17":"product-type-variable","18":"has-default-attributes"},"supplier_id":null,"supplier_sku":"","barcode":null,"atum_controlled":true,"out_stock_date":null,"out_stock_threshold":null,"inheritable":true,"inbound_stock":0,"stock_on_hold":0,"sold_today":0,"sales_last_days":0,"reserved_stock":0,"customer_returns":0,"warehouse_damage":0,"lost_in_post":0,"other_logs":0,"out_stock_days":0,"lost_sales":0,"has_location":false,"update_date":"2026-05-01T01:39:22","atum_locations":[],"atum_stock_status":"instock","restock_status":false,"low_stock_amount":"","sales_update_date":"2026-05-01T01:39:22","calc_backorders":null,"_links":{"self":[{"href":"https:\/\/balticvinyl.com\/en\/wp-json\/wp\/v2\/product\/77591415045540","targetHints":{"allow":["GET"]}}],"collection":[{"href":"https:\/\/balticvinyl.com\/en\/wp-json\/wp\/v2\/product"}],"about":[{"href":"https:\/\/balticvinyl.com\/en\/wp-json\/wp\/v2\/types\/product"}],"version-history":[{"count":2,"href":"https:\/\/balticvinyl.com\/en\/wp-json\/wp\/v2\/product\/77591415045540\/revisions"}],"predecessor-version":[{"id":77591415052478,"href":"https:\/\/balticvinyl.com\/en\/wp-json\/wp\/v2\/product\/77591415045540\/revisions\/77591415052478"}],"wp:featuredmedia":[{"embeddable":true,"href":"https:\/\/balticvinyl.com\/en\/wp-json\/wp\/v2\/media\/77591415047325"}],"wp:attachment":[{"href":"https:\/\/balticvinyl.com\/en\/wp-json\/wp\/v2\/media?parent=77591415045540"}],"wp:term":[{"taxonomy":"product_brand","embeddable":true,"href":"https:\/\/balticvinyl.com\/en\/wp-json\/wp\/v2\/product_brand?post=77591415045540"},{"taxonomy":"product_cat","embeddable":true,"href":"https:\/\/balticvinyl.com\/en\/wp-json\/wp\/v2\/product_cat?post=77591415045540"},{"taxonomy":"product_tag","embeddable":true,"href":"https:\/\/balticvinyl.com\/en\/wp-json\/wp\/v2\/product_tag?post=77591415045540"}],"curies":[{"name":"wp","href":"https:\/\/api.w.org\/{rel}","templated":true}]}}