{"id":77591415045411,"date":"2023-11-20T14:31:33","date_gmt":"2023-11-20T11:31:33","guid":{"rendered":"https:\/\/balticvinyl.com\/product\/001m-series-5ft-adhesive-craft-vinyl-matte\/"},"modified":"2026-04-05T11:18:13","modified_gmt":"2026-04-05T08:18:13","slug":"001m-series-5ft-adhesive-craft-vinyl-matte-2","status":"publish","type":"product","link":"https:\/\/balticvinyl.com\/en\/product\/001m-series-5ft-adhesive-craft-vinyl-matte-2\/","title":{"rendered":"001M Series Craft Vinyl (Matte)"},"content":{"rendered":"<p class=\"p1 translation-block\">Our <span class=\"s1\"><b>001M series matte adhesive film<\/b><\/span> is ideal for all your DIY projects. Choose from 27 beautiful colors and create eye-catching vinyl stickers, designs, and graphics. The matte finish gives your creations a professional and elegant look.<\/p>\n<p class=\"p1 translation-block\">The <span class=\"s1\"><b>ultra-thin and soft structure<\/b><\/span> of this vinyl material allows you to easily cut out any shape or angle, and it is easy to work with even in the smallest details. Perfect for <span class=\"s1\"><b>wall and window decorations<\/b><\/span>, book covers, banner designs, mugs, and scratch art.<\/p>\n<p class=\"p1\">The colors of the adhesive film are durable and water-resistant, making your design long-lasting and vibrant.<\/p>\n<p class=\"p4\"><b>Features:<\/b><b><\/b><\/p>\n<ul>\n<li>\n<p class=\"p1 translation-block\"><span class=\"s1\"><b>Size:<\/b><\/span> 0.3 x 1.5 m<\/p>\n<\/li>\n<li>\n<p class=\"p1\">TWC logo on protective paper \/ Remove the milky white protective film before cutting<\/p>\n<\/li>\n<li>\n<p class=\"p1 translation-block\"><span class=\"s1\"><b>Matte<\/b><\/span> surface<\/p>\n<\/li>\n<li>\n<p class=\"p1 translation-block\"><span class=\"s1\">Available in <\/span><b>27 unique colors<\/b><b><\/b><\/p>\n<\/li>\n<li>\n<p class=\"p1\">Soft, ultra-thin and flexible material<\/p>\n<\/li>\n<li>\n<p class=\"p1\">Easy and precise handling without unnecessary details<\/p>\n<\/li>\n<li>\n<p class=\"p1\">Smooth application without bubbles or creases<\/p>\n<\/li>\n<li>\n<p class=\"p1\">Ideal for: wall stickers, window graphics, car mirrors, signs, laptop stickers, scrapbooking projects, mugs and cups<\/p>\n<\/li>\n<li>\n<p class=\"p1\">Gentle on surfaces<\/p>\n<\/li>\n<li>\n<p class=\"p1\">Compatible with all popular cutting machines and vinyl plotters<\/p>\n<\/li>\n<\/ul>\n<section id=\"shopify-section-template--16183371268247__main\" class=\"shopify-section section\">\n<section id=\"MainProduct-template--16183371268247__main\" class=\"page-width section-template--16183371268247__main-padding\" data-section=\"template--16183371268247__main\">\n<div class=\"product product--small product--left product--thumbnail_slider product--mobile-hide grid grid--1-col grid--2-col-tablet\">\n<div class=\"product__info-wrapper grid__item scroll-trigger animate--slide-in\">\n<div class=\"product__description rte quick-add-hidden\">\n<ul>\n<li><img decoding=\"async\" src=\"https:\/\/cdn.shopify.com\/s\/files\/1\/0611\/3578\/2039\/files\/1_9378824c-d485-4c1c-ba15-0d214691599c.jpg?v=1733306285\" alt=\"\" \/><img decoding=\"async\" src=\"https:\/\/cdn.shopify.com\/s\/files\/1\/0611\/3578\/2039\/files\/2_aaa43357-5369-4239-b5a2-06062e6cf2ad.jpg?v=1733306285\" alt=\"\" \/><img decoding=\"async\" src=\"https:\/\/cdn.shopify.com\/s\/files\/1\/0611\/3578\/2039\/files\/3_add58d61-3053-4541-b9f6-9eb7d871ab89.jpg?v=1733306285\" alt=\"\" \/><img decoding=\"async\" src=\"https:\/\/cdn.shopify.com\/s\/files\/1\/0611\/3578\/2039\/files\/4_ab9270c7-531a-409e-a1f4-c19224862a04.jpg?v=1733306286\" alt=\"\" \/><img decoding=\"async\" src=\"https:\/\/cdn.shopify.com\/s\/files\/1\/0611\/3578\/2039\/files\/5_a102549a-ec94-439b-9029-ccaf3c1c21cc.jpg?v=1733306285\" alt=\"\" \/><img decoding=\"async\" src=\"https:\/\/cdn.shopify.com\/s\/files\/1\/0611\/3578\/2039\/files\/6_a523c664-911e-40e0-8bc7-1eb2b8d52e13.jpg?v=1733306286\" alt=\"\" \/><\/li>\n<\/ul>\n<\/div>\n<\/div>\n<\/div>\n<\/section>\n<\/section>\n<section id=\"shopify-section-template--16183371268247__related-products\" class=\"shopify-section section\">\n<div class=\"color-background-1 gradient no-js-hidden\"><\/div>\n<\/section>","protected":false},"excerpt":{"rendered":"<p>M\u016bsu 001M s\u0113rijas mat\u0113t\u0101 l\u012bmpl\u0113ve ir ide\u0101li piem\u0113rota visiem Taviem \u201cdari pats\u201d projektiem. Izv\u0113lies no 27 skaist\u0101m kr\u0101s\u0101m un izveido vinila uzl\u012bmes, dizainus un grafikas, kas piesaista skatienus. Mat\u0113t\u0101 virsma pie\u0161\u0137ir darbiem profesion\u0101lu un elegantu izskatu. \u0160\u012b vinila materi\u0101la ultra-pl\u0101n\u0101 un m\u012bkst\u0101 strukt\u016bra \u013cauj viegli izgriezt jebk\u0101du formu vai le\u0146\u0137i, un to ir \u0113rti apstr\u0101d\u0101t [&hellip;]<\/p>\n","protected":false},"featured_media":77591415046110,"template":"","meta":[],"product_brand":[],"product_cat":[832,848,176],"product_tag":[692,716],"class_list":{"0":"post-77591415045411","1":"product","2":"type-product","3":"status-publish","4":"has-post-thumbnail","6":"product_cat-matte-glossy","7":"product_cat-all-craft-vinyl","8":"product_cat-all_products","9":"product_tag-001-series","10":"product_tag-la-matte","12":"first","13":"instock","14":"taxable","15":"shipping-taxable","16":"purchasable","17":"product-type-variable","18":"has-default-attributes"},"supplier_id":null,"supplier_sku":"","barcode":null,"atum_controlled":true,"out_stock_date":null,"out_stock_threshold":null,"inheritable":true,"inbound_stock":0,"stock_on_hold":0,"sold_today":0,"sales_last_days":0,"reserved_stock":0,"customer_returns":0,"warehouse_damage":0,"lost_in_post":0,"other_logs":0,"out_stock_days":0,"lost_sales":0,"has_location":false,"update_date":"2026-04-21T00:56:48","atum_locations":[],"atum_stock_status":"instock","restock_status":false,"low_stock_amount":"","sales_update_date":"2026-04-21T00:56:48","calc_backorders":null,"_links":{"self":[{"href":"https:\/\/balticvinyl.com\/en\/wp-json\/wp\/v2\/product\/77591415045411","targetHints":{"allow":["GET"]}}],"collection":[{"href":"https:\/\/balticvinyl.com\/en\/wp-json\/wp\/v2\/product"}],"about":[{"href":"https:\/\/balticvinyl.com\/en\/wp-json\/wp\/v2\/types\/product"}],"version-history":[{"count":3,"href":"https:\/\/balticvinyl.com\/en\/wp-json\/wp\/v2\/product\/77591415045411\/revisions"}],"predecessor-version":[{"id":77591415052545,"href":"https:\/\/balticvinyl.com\/en\/wp-json\/wp\/v2\/product\/77591415045411\/revisions\/77591415052545"}],"wp:featuredmedia":[{"embeddable":true,"href":"https:\/\/balticvinyl.com\/en\/wp-json\/wp\/v2\/media\/77591415046110"}],"wp:attachment":[{"href":"https:\/\/balticvinyl.com\/en\/wp-json\/wp\/v2\/media?parent=77591415045411"}],"wp:term":[{"taxonomy":"product_brand","embeddable":true,"href":"https:\/\/balticvinyl.com\/en\/wp-json\/wp\/v2\/product_brand?post=77591415045411"},{"taxonomy":"product_cat","embeddable":true,"href":"https:\/\/balticvinyl.com\/en\/wp-json\/wp\/v2\/product_cat?post=77591415045411"},{"taxonomy":"product_tag","embeddable":true,"href":"https:\/\/balticvinyl.com\/en\/wp-json\/wp\/v2\/product_tag?post=77591415045411"}],"curies":[{"name":"wp","href":"https:\/\/api.w.org\/{rel}","templated":true}]}}