{"id":7759141504106,"date":"2023-11-16T16:58:35","date_gmt":"2023-11-16T13:58:35","guid":{"rendered":"https:\/\/balticvinyl.com\/?page_id=7759141504106"},"modified":"2025-07-11T11:11:10","modified_gmt":"2025-07-11T08:11:10","slug":"terms-of-service","status":"publish","type":"page","link":"https:\/\/balticvinyl.com\/en\/terms-of-service\/","title":{"rendered":"Terms of Use"},"content":{"rendered":"<h3 id=\"paraugs-lieto\u0161anas-noteikumie\" class=\"p1\">Terms of Use<\/h3>\n<p>SIA Baltic Vinyl, re\u0123istr\u0101cijas Nr. 40203537017, adrese: Re\u0146\u0123es iela 2a-43, R\u012bga, Latvija, LV-1055, turpm\u0101k \u2013 internetveikals \u2013 nodro\u0161ina m\u0101jas lap\u0101 pieejamo saturu un sniedz preces saska\u0146\u0101 ar zem\u0101k izkl\u0101st\u012btajiem Lieto\u0161anas noteikumiem.<\/p>\n<p><strong>1. Visp\u0101r\u012bgie noteikumi<\/strong>a<\/p>\n<p>Ja pat\u0113r\u0113t\u0101js, izmantojot m\u0101jas lapas starpniec\u012bbu ieg\u0101d\u0101jas preces, tad \u0161\u0101da savstarp\u0113ja vieno\u0161an\u0101s tiek uzskat\u012bta par Distances l\u012bgumu un ir pak\u013cauta Latvijas Republikas ties\u012bbu norm\u0101m, kas regul\u0113 distances l\u012bgumu tai skait\u0101, bet ne tikai, Latvijas Republikas \u201ePat\u0113r\u0113t\u0101ju ties\u012bbu aizsardz\u012bbas likums\u201d, Latvijas Republikas Ministru Kabineta noteikumiem \u201eNoteikumi par distances l\u012bgumu\u201d u.c.<\/p>\n<p><strong>2. Pirkumu veik\u0161ana<\/strong><\/p>\n<p>Interneta veikal\u0101 p\u0101rdoto produktu cenas un specifik\u0101cija ir nor\u0101d\u012btas blakus produktiem.<\/p>\n<p>Lai veiktu pas\u016bt\u012bjumu, pievienojiet v\u0113lamos produktus iepirkumu grozam. Aizpildiet visus nepiecie\u0161amos laukus un izv\u0113l\u0113ties piem\u0113rot\u0101ko pieg\u0101des veidu. Pas\u016bt\u012bjuma kop\u0113j\u0101s izmaksas ar pieg\u0101di p\u0113c tam tiek par\u0101d\u012btas uz ekr\u0101na. Veiciet pirkuma apmaksu, lai pabeigtu pas\u016bt\u012bjumu.<\/p>\n<p><strong>3. Apmaksas noteikumi<\/strong><\/p>\n<p>Nor\u0113\u0137inu val\u016bta vietn\u0113 ir eiro. Pirkumu iesp\u0113jams apmaks\u0101t izv\u0113loties sekojo\u0161as maks\u0101jumu metodes, ko nodro\u0161ina maks\u0101jumu platforma makecommerce.lv , Maksekeskus AS:<\/p>\n<ul>\n<li>Latvijas internetbanku maks\u0101jumi: Swedbank, SEB, Citadele un Luminor<\/li>\n<li>Igaunijas internetbanku maks\u0101jumi: Swedbank, SEB, Luminor<\/li>\n<li>Lietuvas internetbanku maks\u0101jumi: Swedbank, SEB un Luminor<\/li>\n<li>Somijas internetbanku maks\u0101jumi: Aktia, \u00c5landsbanken, Danske, Handelsbanken, Nordea, Oma S\u00e4\u00e4stopankki, Pohjola, POP Pankki, S-Pankki, S\u00e4\u00e4stopankki<\/li>\n<li>Visa\/Mastercard kar\u0161u maks\u0101jumi<\/li>\n<\/ul>\n<p>NB! Izmantojot internetbanku apmaksas metodi, apstipriniet pas\u016bt\u012bjumu un noklik\u0161\u0137iniet uz pogas \u201cAtgriezties pie tirgot\u0101ja\u201d.<\/p>\n<p>Personas dati, kas nepiecie\u0161ami maks\u0101jumu veik\u0161anai, tiek nodoti licenc\u0113tai maks\u0101jumu iest\u0101dei Maksekeskus AS.<\/p>\n<p>L\u012bgums st\u0101jas sp\u0113k\u0101 l\u012bdz ar veiksm\u012bgu maks\u0101jumu uz internetveikala bankas kontu. Ja k\u0101du iemeslu d\u0113\u013c pas\u016bt\u012bjumu izpild\u012bt neb\u016bs iesp\u0113jams, Pirc\u0113js par to tiks inform\u0113ts un samaks\u0101t\u0101 summa tiks atmaks\u0101ta p\u0113c iesp\u0113jas \u0101tr\u0101k, bet ne v\u0113l\u0101k k\u0101 14 dienu laik\u0101 p\u0113c pazi\u0146ojuma sa\u0146em\u0161anas.<\/p>\n<p><strong>4. Pieg\u0101des noteikumi<\/strong><\/p>\n<p>Preces tiek pieg\u0101d\u0101tas uz sekojo\u0161\u0101m valst\u012bm:Latvija, Lietuva, Igaunija, Somija. Ieg\u0101d\u0101t\u0101s preces tiek pieg\u0101d\u0101tas izmantojot: Omniva. Visas nodevas un nodok\u013cus, kas j\u0101samaks\u0101, lai sa\u0146emtu s\u016bt\u012bjumu pieg\u0101des galam\u0113r\u0137\u012b ir j\u0101sedz Pirc\u0113jam. Pieg\u0101des izmaksas tiek par\u0101d\u012btas, pirms pas\u016bt\u012bjuma apstiprin\u0101\u0161anas. Ieg\u0101d\u0101t\u0101s preces tiek nog\u0101d\u0101tas Pirc\u0113ja nor\u0101d\u012btaj\u0101 adres\u0113 3-5 darba dienu laik\u0101. Iz\u0146\u0113muma gad\u012bjumos mums ir ties\u012bbas nos\u016bt\u012bt preces l\u012bdz 45 kalend\u0101ra dien\u0101m, par to inform\u0113jot klientu.<\/p>\n<p><strong>5. Atteikuma ties\u012bbas<\/strong><\/p>\n<p class=\"p1\"><b>Pirc\u0113jam ir ties\u012bbas atteikties no preces 14 kalend\u0101ro dienu laik\u0101 no preces sa\u0146em\u0161anas br\u012b\u017ea.<\/b><b><\/b><\/p>\n<p class=\"p2\">(Atkar\u012bb\u0101 no preces veida pirc\u0113jam var neb\u016bt oblig\u0101to atteikuma ties\u012bbu; \u0161\u0101d\u0101 gad\u012bjum\u0101 tam j\u0101b\u016bt skaidri nor\u0101d\u012btam un pamatotam.) Atteikuma ties\u012bbas nav piem\u0113rojamas, ja Pirc\u0113js ir juridiska persona.<\/p>\n<p class=\"p2\">Lai izmantotu 14 dienu atteikuma ties\u012bbas, prece dr\u012bkst tikt izmantota tikai t\u0101s paredz\u0113tajam nol\u016bkam. Pat\u0113r\u0113t\u0101js ir atbild\u012bgs par preces kvalit\u0101tes un dro\u0161uma saglab\u0101\u0161anu atteikuma ties\u012bbu izmanto\u0161anas laik\u0101. Ja prece ir lietota neatbilsto\u0161i vai boj\u0101ta, tai tiek iztur\u0113ts neuzman\u012bgi lieto\u0161anas laik\u0101, netiek iev\u0113rotas lieto\u0161anas instrukcijas, tiek pazaud\u0113ts ori\u0123in\u0101lais iepakojums vai tas ir b\u016btiski boj\u0101ts, interneta veikalam ir ties\u012bbas samazin\u0101t atmaks\u0101jamo summu atbilsto\u0161i preces v\u0113rt\u012bbas samazin\u0101jumam.<\/p>\n<p class=\"p2\">Lai izmantotu atteikuma ties\u012bbas, j\u0101aizpilda atteikuma veidlapa, kas pieejama \u0161eit: <a href=\"https:\/\/www.ptac.gov.lv\/lv\/atteikuma-veidlapa\">https:\/\/www.ptac.gov.lv\/lv\/atteikuma-veidlapa<\/a>, un j\u0101nos\u016bta uz e-pasta adresi <span class=\"s1\"><b>info@balticvinyl.com<\/b><\/span> 14 dienu laik\u0101 p\u0113c preces sa\u0146em\u0161anas.<\/p>\n<p class=\"p2\">Preces atgrie\u0161anas izmaksas sedz pirc\u0113js, iz\u0146emot gad\u012bjumus, kad prece neatbilst pas\u016bt\u012bjumam (piem\u0113ram, pieg\u0101d\u0101ta nepareiza vai boj\u0101ta prece).<\/p>\n<p class=\"p1\"><b>Tiek atmaks\u0101ta tikai par preci samaks\u0101t\u0101 summa. Pieg\u0101des izmaksas netiek atmaks\u0101tas.<\/b><b><\/b><\/p>\n<p class=\"p2\">Pirc\u0113js ir pien\u0101kums atgriezt preci P\u0101rdev\u0113jam bez nepamatotas kav\u0113\u0161an\u0101s, bet ne v\u0113l\u0101k k\u0101 14 dienu laik\u0101 p\u0113c atteikuma veidlapas nos\u016bt\u012b\u0161anas interneta veikalam. P\u0113c atgriezt\u0101s preces sa\u0146em\u0161anas interneta veikals nekav\u0113joties, bet ne v\u0113l\u0101k k\u0101 14 dienu laik\u0101, atmaks\u0101 visas no pirc\u0113ja sa\u0146emt\u0101s summas saska\u0146\u0101 ar distances l\u012bgumu, iz\u0146emot pieg\u0101des izmaksas.<\/p>\n<p class=\"p2\">P\u0101rdev\u0113jam ir ties\u012bbas aiztur\u0113t maks\u0101jumu l\u012bdz br\u012bdim, kad sa\u0146emta prece vai Pirc\u0113ja sniegts apliecin\u0101jums par preces nos\u016bt\u012b\u0161anu atpaka\u013c. Ja pirc\u0113js ir izv\u0113l\u0113jies citu pieg\u0101des veidu, nevis l\u0113t\u0101ko pieg\u0101des veidu, ko pied\u0101v\u0101 interneta veikals, interneta veikalam nav pien\u0101kuma kompens\u0113t pieg\u0101des izmaksu starp\u012bbu.<\/p>\n<p class=\"p2\">Interneta veikals nav atbild\u012bgs par pien\u0101kumu izpildes kav\u0113jumiem, to neizpildi vai citu nepien\u0101c\u012bgu izpildi, kas radusies apst\u0101k\u013cu d\u0113\u013c, kas ir \u0101rpus interneta veikala sapr\u0101t\u012bgas kontroles.<\/p>\n<p class=\"p2\">Interneta veikals patur ties\u012bbas atteikt pre\u010du p\u0101rdo\u0161anu un piepras\u012bt preces atgrie\u0161anu no Pirc\u0113ja, ja nor\u0101d\u012bt\u0101 cena interneta veikal\u0101 b\u016btiski at\u0161\u0137iras no tirgus cenas k\u013c\u016bdas d\u0113\u013c.<\/p>\n<p><strong>6. Pat\u0113r\u0113t\u0101ja ties\u012bbas par l\u012bgumam neatbilsto\u0161u preci<\/strong><\/p>\n<p>Internetveikals ir atbild\u012bgs par Pirc\u0113jam p\u0101rdoto pre\u010du neatbilst\u012bbu l\u012bguma noteikumiem vai tr\u016bkumiem kas radusies 6 m\u0113ne\u0161u laik\u0101 p\u0113c pre\u010du pieg\u0101des dienas klientam, vai bijusi pieg\u0101des br\u012bd\u012b, ja \u0161\u0101ds pie\u0146\u0113mums nav pretrun\u0101 ar lietas \u012bpa\u0161\u012bb\u0101m vai tr\u016bkumu. Pirc\u0113jam ir j\u0101inform\u0113 P\u0101rdev\u0113js par pre\u010du neatbilst\u012bbu nekav\u0113joties, 2 m\u0113ne\u0161u laik\u0101 p\u0113c t\u0101s konstat\u0113\u0161anas, t.i., j\u0101iesniedz s\u016bdz\u012bba. Pirc\u0113js var iesniegt s\u016bdz\u012bbu, sazinoties ar internetveikalu, rakstot uz info@balticvinyl.com.<\/p>\n<p>Internetveikals nav atbild\u012bgs par defektiem, kas radu\u0161ies p\u0113c pre\u010du pieg\u0101des Pirc\u0113jam. Ja ieg\u0101d\u0101taj\u0101m prec\u0113m ir tr\u016bkumi, par kuriem ir atbild\u012bgs P\u0101rdev\u0113js, Pirc\u0113jam ir ties\u012bbas piepras\u012bt pre\u010du tr\u016bkumu nov\u0113r\u0161anu vai apmai\u0146u pret jaun\u0101m prec\u0113m bez maksas .<\/p>\n<p>Ja preces nav iesp\u0113jams labot vai nomain\u012bt, P\u0101rdev\u0113js atdod Pirc\u0113jam visus Distances l\u012bgum\u0101 paredz\u0113tos maks\u0101jumus. P\u0101rdev\u0113js uz pat\u0113r\u0113t\u0101ja s\u016bdz\u012bbu sniedz rakstisku atbildi 15 dienu laik\u0101.<\/p>\n<p><strong>7. Pirc\u0113ja personas datu apstr\u0101de<\/strong><\/p>\n<p>Internetveikals apstr\u0101d\u0101 tikai tos personas datus, kurus pirc\u0113js ir ievad\u012bjis pie pre\u010du pas\u016bt\u012b\u0161anas, k\u0101 piem\u0113ram, v\u0101rds, uzv\u0101rds, e-pasts u.c.<\/p>\n<p>Internetveikals nodod personas datus transporta pakalpojumu sniedz\u0113jam\/iem, lai nodro\u0161in\u0101tu pre\u010du pieg\u0101di.<\/p>\n<p>Ja J\u016bs esat nep\u0101rprotami piekritis sa\u0146emt m\u016bsu m\u0101rketinga pazi\u0146ojumus, tostarp jaunumus, m\u0113s laiku pa laikam varam sazin\u0101ties ar Jums nos\u016btot inform\u0101ciju par m\u016bsu pakalpojumiem un jaun\u0101kajiem pied\u0101v\u0101jumiem. \u0160aj\u0101 nol\u016bk\u0101 m\u0113s varam apstr\u0101d\u0101t J\u016bsu e-pasta adresi, kuru nor\u0101d\u012bj\u0101t, pierakstoties m\u0101rketinga komunik\u0101cijai. Pirc\u0113jam ir iesp\u0113ja atteikties no m\u0101rketinga pazi\u0146ojumiem, pazi\u0146ojot par to mums, rakstot uz info@balticvinyl.com.<\/p>\n<p><strong>8. Str\u012bdu iz\u0161\u0137ir\u0161anas k\u0101rt\u012bba<\/strong><\/p>\n<p>Jaut\u0101jumos, kas nav atrun\u0101ti \u0161ajos noteikumos un nosac\u012bjumos, Pirc\u0113js un P\u0101rdev\u0113js ap\u0146emas iev\u0113rot Latvijas Republik\u0101 sp\u0113k\u0101 eso\u0161os normat\u012bvos aktus.<\/p>\n<p>Puses visus starp P\u0101rdev\u0113ju un Pirc\u0113ju radu\u0161os str\u012bdus risina savstapr\u0113ju sarunu vai sarakstes ce\u013c\u0101. Ja str\u012bdu neizdosies atrisin\u0101s sarunu vai sarakstes veid\u0101, Puses str\u012bdu risin\u0101s Latvijas Republikas ties\u0101, iev\u0113rojot LR normat\u012bvos aktus. Str\u012bdus starp Pirc\u0113ju (pat\u0113r\u0113t\u0101ju) un P\u0101rdev\u0113ju var nodot risin\u0101\u0161anai Pat\u0113r\u0113t\u0101ju ties\u012bbu aizsardz\u012bbas centr\u0101 vai Latvijas Republikas ties\u0101.<\/p>\n<p>Pirc\u0113jam ir ties\u012bbas v\u0113rsties ar\u012b Eiropas Savien\u012bbas str\u012bdu iz\u0161\u0137ir\u0161anas iest\u0101d\u0113s.<\/p>","protected":false},"excerpt":{"rendered":"<p>Lieto\u0161anas noteikumi SIA Baltic Vinyl, re\u0123istr\u0101cijas Nr. 40203537017, adrese: Re\u0146\u0123es iela 2a-43, R\u012bga, Latvija, LV-1055, turpm\u0101k \u2013 internetveikals \u2013 nodro\u0161ina m\u0101jas lap\u0101 pieejamo saturu un sniedz preces saska\u0146\u0101 ar zem\u0101k izkl\u0101st\u012btajiem Lieto\u0161anas noteikumiem. 1. Visp\u0101r\u012bgie noteikumia Ja pat\u0113r\u0113t\u0101js, izmantojot m\u0101jas lapas starpniec\u012bbu ieg\u0101d\u0101jas preces, tad \u0161\u0101da savstarp\u0113ja vieno\u0161an\u0101s tiek uzskat\u012bta par Distances l\u012bgumu un ir [&hellip;]<\/p>\n","protected":false},"author":1,"featured_media":0,"parent":0,"menu_order":0,"comment_status":"closed","ping_status":"closed","template":"","meta":{"footnotes":""},"class_list":["post-7759141504106","page","type-page","status-publish","hentry"],"_links":{"self":[{"href":"https:\/\/balticvinyl.com\/en\/wp-json\/wp\/v2\/pages\/7759141504106","targetHints":{"allow":["GET"]}}],"collection":[{"href":"https:\/\/balticvinyl.com\/en\/wp-json\/wp\/v2\/pages"}],"about":[{"href":"https:\/\/balticvinyl.com\/en\/wp-json\/wp\/v2\/types\/page"}],"author":[{"embeddable":true,"href":"https:\/\/balticvinyl.com\/en\/wp-json\/wp\/v2\/users\/1"}],"replies":[{"embeddable":true,"href":"https:\/\/balticvinyl.com\/en\/wp-json\/wp\/v2\/comments?post=7759141504106"}],"version-history":[{"count":1,"href":"https:\/\/balticvinyl.com\/en\/wp-json\/wp\/v2\/pages\/7759141504106\/revisions"}],"predecessor-version":[{"id":77591415052129,"href":"https:\/\/balticvinyl.com\/en\/wp-json\/wp\/v2\/pages\/7759141504106\/revisions\/77591415052129"}],"wp:attachment":[{"href":"https:\/\/balticvinyl.com\/en\/wp-json\/wp\/v2\/media?parent=7759141504106"}],"curies":[{"name":"wp","href":"https:\/\/api.w.org\/{rel}","templated":true}]}}